{"id":776128,"date":"2025-09-20T09:44:10","date_gmt":"2025-09-20T06:44:10","guid":{"rendered":"https:\/\/roveyayinevi.com.tr\/index.php\/urun\/ben-boyle-dusunuyorum-demekle-olmuyor\/"},"modified":"2026-02-03T03:27:11","modified_gmt":"2026-02-03T00:27:11","slug":"ben-boyle-dusunuyorum-demekle-olmuyor","status":"publish","type":"product","link":"https:\/\/roveyayinevi.com.tr\/index.php\/urun\/ben-boyle-dusunuyorum-demekle-olmuyor\/","title":{"rendered":"\u201cBen B\u00f6yle D\u00fc\u015f\u00fcn\u00fcyorum!\u201d Demekle Olmuyor"},"content":{"rendered":"<p>\u201cBen b\u00f6yle d\u00fc\u015f\u00fcn\u00fcyorum!\u201d demekle olmuyor. Y\u0131llar var ki, \u201cm\u00fcnazara\u201d s\u00f6zc\u00fc\u011f\u00fc dilden d\u00fc\u015ft\u00fc. \u201cSafsata\u201d s\u00f6zc\u00fc\u011f\u00fc ise her nedense yobazl\u0131kla \u00f6zde\u015fle\u015ftirildi, bat\u0131l inan\u00e7 anlam\u0131nda kullan\u0131l\u0131r oldu. Oysa ak\u0131l y\u00fcr\u00fctme yetisinin hatal\u0131 kullan\u0131m\u0131 anlam\u0131na gelir, bir y\u00f6ntem sorunundan ibarettir, safsata. Dinle, imanla, inan\u00e7la ilgisi yoktur. Ba\u015fta T\u00fcrk\u00e7enin k\u00f6t\u00fc kullan\u0131m\u0131 olmak \u00fczere, eksik bilgi, \u00f6nyarg\u0131, duygusall\u0131k, acelecilik, \u00f6zensizlik, a\u015f\u0131r\u0131 genelleme, duygu s\u00f6m\u00fcr\u00fcs\u00fc gibi nedenlerden kaynaklan\u0131r.   Safsata kural oldu\u011funda, konu\u015fanlar birbirini duymaz olurlar. K\u0131s\u0131r ortam\u0131 dolayl\u0131 karalama, sahte a\u00e7maz, tecah\u00fcl\u00fc arifane, felaket tellall\u0131\u011f\u0131, girift soru gibi laf cambazl\u0131klar\u0131 doldurur. Gece g\u00fcnd\u00fcz televizyondan, bas\u0131ndan, siyasilerden, hatta maalesef yak\u0131nlar\u0131n\u0131zdan yay\u0131lan temelsiz ahk\u00e2m\u0131n fark\u0131nda olmaman\u0131z m\u00fcmk\u00fcn de\u011fil. \u00d6yleyse, sorgulay\u0131n. Ba\u015fta konu\u015ftu\u011funuz T\u00fcrk\u00e7e olmak \u00fczere, fikirlerinizi, tercihlerinizi, size s\u00f6ylenenleri ya da duyduklar\u0131n\u0131z\u0131 illa ki sorgulay\u0131n. B\u0131kmadan, \u00fc\u015fenmeden, y\u0131lmadan sorgulay\u0131n. Sosyal medya m\u00fcnazaraya el veren bir mecra de\u011fildir, twite laf yeti\u015ftirmekle kaybedece\u011finiz zaman\u0131 mesela \u201cad hominem\u201d safsata nedir, onu \u00f6\u011frenmeye ay\u0131r\u0131n. \u00d6\u011frenin ki, arkan\u0131z\u0131 d\u00f6n\u00fcp gidece\u011finiz zaman\u0131 do\u011fru kestirebilesiniz. Kendiniz yap\u0131yorsan\u0131z da, yapmay\u0131n. A\u011fz\u0131n\u0131zdan \u00e7\u0131kan\u0131 kula\u011f\u0131n\u0131z duysun. <\/p>\n","protected":false},"excerpt":{"rendered":"<p>\u201cBen b\u00f6yle d\u00fc\u015f\u00fcn\u00fcyorum!\u201d demekle olmuyor. Y\u0131llar var ki, \u201cm\u00fcnazara\u201d s\u00f6zc\u00fc\u011f\u00fc dilden d\u00fc\u015ft\u00fc. \u201cSafsata\u201d s\u00f6zc\u00fc\u011f\u00fc ise her nedense yobazl\u0131kla \u00f6zde\u015fle\u015ftirildi, bat\u0131l inan\u00e7 anlam\u0131nda kullan\u0131l\u0131r oldu. Oysa ak\u0131l<span class=\"excerpt-hellip\"> [\u2026]<\/span><\/p>\n","protected":false},"featured_media":0,"template":"","meta":{"_monsterinsights_skip_tracking":false,"_monsterinsights_sitenote_active":false,"_monsterinsights_sitenote_note":"","_monsterinsights_sitenote_category":0},"product_brand":[],"product_cat":[12291,12866],"product_tag":[],"class_list":{"0":"post-776128","1":"product","2":"type-product","3":"status-publish","5":"product_cat-edebiyat","6":"product_cat-ingiliz-edebiyati","7":"pa_cilt-ciltsiz","8":"pa_tur-kitap","9":"pa_yayinevi-kapi-yayinlari","10":"pa_yazar-alev-alatli","12":"first","13":"instock","14":"sale","15":"shipping-taxable","16":"purchasable","17":"product-type-simple"},"_links":{"self":[{"href":"https:\/\/roveyayinevi.com.tr\/index.php\/wp-json\/wp\/v2\/product\/776128","targetHints":{"allow":["GET"]}}],"collection":[{"href":"https:\/\/roveyayinevi.com.tr\/index.php\/wp-json\/wp\/v2\/product"}],"about":[{"href":"https:\/\/roveyayinevi.com.tr\/index.php\/wp-json\/wp\/v2\/types\/product"}],"wp:attachment":[{"href":"https:\/\/roveyayinevi.com.tr\/index.php\/wp-json\/wp\/v2\/media?parent=776128"}],"wp:term":[{"taxonomy":"product_brand","embeddable":true,"href":"https:\/\/roveyayinevi.com.tr\/index.php\/wp-json\/wp\/v2\/product_brand?post=776128"},{"taxonomy":"product_cat","embeddable":true,"href":"https:\/\/roveyayinevi.com.tr\/index.php\/wp-json\/wp\/v2\/product_cat?post=776128"},{"taxonomy":"product_tag","embeddable":true,"href":"https:\/\/roveyayinevi.com.tr\/index.php\/wp-json\/wp\/v2\/product_tag?post=776128"}],"curies":[{"name":"wp","href":"https:\/\/api.w.org\/{rel}","templated":true}]}}