{"id":776125,"date":"2025-09-20T09:29:06","date_gmt":"2025-09-20T06:29:06","guid":{"rendered":"https:\/\/roveyayinevi.com.tr\/index.php\/urun\/kalip-yapilarla-ingilizce-konusma\/"},"modified":"2026-02-03T03:24:41","modified_gmt":"2026-02-03T00:24:41","slug":"kalip-yapilarla-ingilizce-konusma","status":"publish","type":"product","link":"https:\/\/roveyayinevi.com.tr\/index.php\/urun\/kalip-yapilarla-ingilizce-konusma\/","title":{"rendered":"Kal\u0131p Yap\u0131larla \u0130ngilizce Konu\u015fma"},"content":{"rendered":"<p>Monolog bir ki\u015finin kendisiyle,diyolog en az iki ki\u015finin biribiriyle konu\u015fmas\u0131d\u0131r. Diyolog, \u00e7\u00f6z\u00fcm ve fikir \u00fcretir ;yaln\u0131zl\u0131\u011f\u0131 ve ho\u015fg\u00f6r\u00fcs\u00fczl\u00fc\u011f\u00fc \u00f6nler,g\u00fcnl\u00fck hayat\u0131n ve i\u015flerin ak\u0131\u015f\u0131n\u0131 sa\u011flar,anla\u015fmay\u0131 ve anla\u015f\u0131lmay\u0131 m\u00fcmk\u00fcn k\u0131lar<\/p>\n","protected":false},"excerpt":{"rendered":"<p>Monolog bir ki\u015finin kendisiyle,diyolog en az iki ki\u015finin biribiriyle konu\u015fmas\u0131d\u0131r. Diyolog, \u00e7\u00f6z\u00fcm ve fikir \u00fcretir ;yaln\u0131zl\u0131\u011f\u0131 ve ho\u015fg\u00f6r\u00fcs\u00fczl\u00fc\u011f\u00fc \u00f6nler,g\u00fcnl\u00fck hayat\u0131n ve i\u015flerin ak\u0131\u015f\u0131n\u0131 sa\u011flar,anla\u015fmay\u0131 ve anla\u015f\u0131lmay\u0131<span class=\"excerpt-hellip\"> [\u2026]<\/span><\/p>\n","protected":false},"featured_media":0,"template":"","meta":{"_monsterinsights_skip_tracking":false,"_monsterinsights_sitenote_active":false,"_monsterinsights_sitenote_note":"","_monsterinsights_sitenote_category":0},"product_brand":[],"product_cat":[13072,12291],"product_tag":[],"class_list":{"0":"post-776125","1":"product","2":"type-product","3":"status-publish","5":"product_cat-arastirma-inceleme-referans","6":"product_cat-edebiyat","7":"pa_cilt-ciltsiz","8":"pa_tur-kitap","9":"pa_yayinevi-bilgin-kultur-sanat","10":"pa_yazar-selma-elyildirim","12":"first","13":"instock","14":"sale","15":"shipping-taxable","16":"purchasable","17":"product-type-simple"},"_links":{"self":[{"href":"https:\/\/roveyayinevi.com.tr\/index.php\/wp-json\/wp\/v2\/product\/776125","targetHints":{"allow":["GET"]}}],"collection":[{"href":"https:\/\/roveyayinevi.com.tr\/index.php\/wp-json\/wp\/v2\/product"}],"about":[{"href":"https:\/\/roveyayinevi.com.tr\/index.php\/wp-json\/wp\/v2\/types\/product"}],"wp:attachment":[{"href":"https:\/\/roveyayinevi.com.tr\/index.php\/wp-json\/wp\/v2\/media?parent=776125"}],"wp:term":[{"taxonomy":"product_brand","embeddable":true,"href":"https:\/\/roveyayinevi.com.tr\/index.php\/wp-json\/wp\/v2\/product_brand?post=776125"},{"taxonomy":"product_cat","embeddable":true,"href":"https:\/\/roveyayinevi.com.tr\/index.php\/wp-json\/wp\/v2\/product_cat?post=776125"},{"taxonomy":"product_tag","embeddable":true,"href":"https:\/\/roveyayinevi.com.tr\/index.php\/wp-json\/wp\/v2\/product_tag?post=776125"}],"curies":[{"name":"wp","href":"https:\/\/api.w.org\/{rel}","templated":true}]}}