{"id":776124,"date":"2025-09-20T09:25:26","date_gmt":"2025-09-20T06:25:26","guid":{"rendered":"https:\/\/roveyayinevi.com.tr\/index.php\/urun\/sen-ben-iliski-kartlari-kutulu\/"},"modified":"2026-04-16T03:09:57","modified_gmt":"2026-04-16T00:09:57","slug":"sen-ben-iliski-kartlari-kutulu","status":"publish","type":"product","link":"https:\/\/roveyayinevi.com.tr\/index.php\/urun\/sen-ben-iliski-kartlari-kutulu\/","title":{"rendered":"Sen Ben \u0130li\u015fki Kartlar\u0131 (Kutulu)"},"content":{"rendered":"<p>2 Destelik Soru ve C\u00fcmle Tamamlama Sohbet Kartlar\u0131 Birlikte mutluluk ve canl\u0131 sohbet ortam\u0131&#8230; Sen\/Ben \u0130li\u015fki Kartlar\u0131 ile romantik ve e\u011flenceli zaman ge\u00e7irirken payla\u015f\u0131m dolu, kaliteli bir ileti\u015fimin mutlulu\u011fu&#8230; Merak ve ke\u015fif dolu, kayna\u015ft\u0131r\u0131c\u0131 sorularla s\u0131cak bir sohbet ortam\u0131&#8230; \u0130li\u015fkide kendini ifade etmenin ve dinlemenin de\u011ferini anlay\u0131p olumlu katk\u0131s\u0131n\u0131 fark etmek&#8230; Sen\/Ben \u0130li\u015fki Kartlar\u0131 Nas\u0131l Kullan\u0131l\u0131r? Sen\/Ben \u0130li\u015fki Kartlar\u0131; \u2022 2 ki\u015fi aras\u0131nda oynan\u0131r. \u2022 Herkes iki grup karttan birer tane olacak \u015fekilde toplam 2 kart \u00e7eker. \u2022 \u201c&#8230;\u201d kart\u0131ndaki bo\u015flu\u011fu kendisi tamamlayarak cevapland\u0131r\u0131r. \u2022 \u201c?\u201d kart\u0131ndaki soruyu di\u011fer ki\u015fiye sorar. \u2022 \u0130\u015fi biten kartlar ayr\u0131 bir yerde toplan\u0131r. \u2022 Her kart i\u00e7in s\u00fcre 30 saniyedir.<\/p>\n","protected":false},"excerpt":{"rendered":"<p>2 Destelik Soru ve C\u00fcmle Tamamlama Sohbet Kartlar\u0131 Birlikte mutluluk ve canl\u0131 sohbet ortam\u0131&#8230; Sen\/Ben \u0130li\u015fki Kartlar\u0131 ile romantik ve e\u011flenceli zaman ge\u00e7irirken payla\u015f\u0131m dolu, kaliteli<span class=\"excerpt-hellip\"> [\u2026]<\/span><\/p>\n","protected":false},"featured_media":0,"template":"","meta":{"_monsterinsights_skip_tracking":false,"_monsterinsights_sitenote_active":false,"_monsterinsights_sitenote_note":"","_monsterinsights_sitenote_category":0},"product_brand":[],"product_cat":[12364,12376],"product_tag":[],"class_list":{"0":"post-776124","1":"product","2":"type-product","3":"status-publish","5":"product_cat-genel-konular","6":"product_cat-kisisel-gelisim","7":"pa_cilt-ciltsiz","8":"pa_tur-kitap10","9":"pa_yayinevi-remzi-kitabevi","10":"pa_yazar-binhan-dirilgen-ozlem-gocek-feyzan-okmen","12":"first","13":"instock","14":"sale","15":"shipping-taxable","16":"purchasable","17":"product-type-simple"},"_links":{"self":[{"href":"https:\/\/roveyayinevi.com.tr\/index.php\/wp-json\/wp\/v2\/product\/776124","targetHints":{"allow":["GET"]}}],"collection":[{"href":"https:\/\/roveyayinevi.com.tr\/index.php\/wp-json\/wp\/v2\/product"}],"about":[{"href":"https:\/\/roveyayinevi.com.tr\/index.php\/wp-json\/wp\/v2\/types\/product"}],"wp:attachment":[{"href":"https:\/\/roveyayinevi.com.tr\/index.php\/wp-json\/wp\/v2\/media?parent=776124"}],"wp:term":[{"taxonomy":"product_brand","embeddable":true,"href":"https:\/\/roveyayinevi.com.tr\/index.php\/wp-json\/wp\/v2\/product_brand?post=776124"},{"taxonomy":"product_cat","embeddable":true,"href":"https:\/\/roveyayinevi.com.tr\/index.php\/wp-json\/wp\/v2\/product_cat?post=776124"},{"taxonomy":"product_tag","embeddable":true,"href":"https:\/\/roveyayinevi.com.tr\/index.php\/wp-json\/wp\/v2\/product_tag?post=776124"}],"curies":[{"name":"wp","href":"https:\/\/api.w.org\/{rel}","templated":true}]}}