{"id":776118,"date":"2025-09-20T05:37:11","date_gmt":"2025-09-20T02:37:11","guid":{"rendered":"https:\/\/roveyayinevi.com.tr\/index.php\/urun\/shakespearein-soneleri\/"},"modified":"2026-04-16T02:30:34","modified_gmt":"2026-04-15T23:30:34","slug":"shakespearein-soneleri","status":"publish","type":"product","link":"https:\/\/roveyayinevi.com.tr\/index.php\/urun\/shakespearein-soneleri\/","title":{"rendered":"Shakespeare&#8217;in Soneleri"},"content":{"rendered":"<p>Tam bir R\u00f6nesans sanat\u00e7\u0131s\u0131 olan Shakespeare yanl\u0131zca \u0130ngiltere\u2019nin de\u011fil, ayn\u0131 zamanda d\u00fcnya tarihinin en b\u00fcy\u00fck oyun yazar\u0131 olarak geni\u015f \u00e7evreler taraf\u0131ndan de\u011ferlendirilir. 1564-1616 y\u0131llar\u0131 aras\u0131nda ya\u015fayan William Shakespeare, d\u00f6nemin \u0130ngiltere krali\u00e7esi 1. Elizabeth\u2019in de parasal deste\u011fiyle k\u0131rka yak\u0131n tarihi, komedi, trajedi ve romantik oyunlar yazm\u0131\u015ft\u0131r. Shakespeare oyunlar\u0131yla \u00f6ne \u00e7\u0131kan bir sanat\u00e7\u0131 olsa da, ya\u015fam\u0131 boyunca 154 adet sone yazm\u0131\u015ft\u0131r. Sone de ka iyeli 14 dizeden olu\u015fan bat\u0131 edebiyat\u0131 \u015fiir bi\u00e7imidir. William Shakespeare\u2019in soneleri ise \u00e7o\u011funlukla \u201cabab cdcd efef gg\u201d ka iye d\u00fczeniyle yaz\u0131lm\u0131\u015f, konular\u0131 da insan, ya\u015fam, \u00f6l\u00fcm, k\u0131skan\u00e7l\u0131k, kar\u015f\u0131l\u0131ks\u0131z a\u015fk, zorunlu sevgi ve do\u011fa gibi temalar i\u00e7erir.<\/p>\n","protected":false},"excerpt":{"rendered":"<p>Tam bir R\u00f6nesans sanat\u00e7\u0131s\u0131 olan Shakespeare yanl\u0131zca \u0130ngiltere\u2019nin de\u011fil, ayn\u0131 zamanda d\u00fcnya tarihinin en b\u00fcy\u00fck oyun yazar\u0131 olarak geni\u015f \u00e7evreler taraf\u0131ndan de\u011ferlendirilir. 1564-1616 y\u0131llar\u0131 aras\u0131nda ya\u015fayan<span class=\"excerpt-hellip\"> [\u2026]<\/span><\/p>\n","protected":false},"featured_media":0,"template":"","meta":{"_monsterinsights_skip_tracking":false,"_monsterinsights_sitenote_active":false,"_monsterinsights_sitenote_note":"","_monsterinsights_sitenote_category":0},"product_brand":[],"product_cat":[12291,12509],"product_tag":[],"class_list":{"0":"post-776118","1":"product","2":"type-product","3":"status-publish","5":"product_cat-edebiyat","6":"product_cat-siir","7":"pa_cilt-ciltsiz","8":"pa_tur-kitap","9":"pa_yayinevi-gulnar-yayinlari","10":"pa_yazar-william-shakespeare","12":"first","13":"instock","14":"sale","15":"shipping-taxable","16":"purchasable","17":"product-type-simple"},"_links":{"self":[{"href":"https:\/\/roveyayinevi.com.tr\/index.php\/wp-json\/wp\/v2\/product\/776118","targetHints":{"allow":["GET"]}}],"collection":[{"href":"https:\/\/roveyayinevi.com.tr\/index.php\/wp-json\/wp\/v2\/product"}],"about":[{"href":"https:\/\/roveyayinevi.com.tr\/index.php\/wp-json\/wp\/v2\/types\/product"}],"wp:attachment":[{"href":"https:\/\/roveyayinevi.com.tr\/index.php\/wp-json\/wp\/v2\/media?parent=776118"}],"wp:term":[{"taxonomy":"product_brand","embeddable":true,"href":"https:\/\/roveyayinevi.com.tr\/index.php\/wp-json\/wp\/v2\/product_brand?post=776118"},{"taxonomy":"product_cat","embeddable":true,"href":"https:\/\/roveyayinevi.com.tr\/index.php\/wp-json\/wp\/v2\/product_cat?post=776118"},{"taxonomy":"product_tag","embeddable":true,"href":"https:\/\/roveyayinevi.com.tr\/index.php\/wp-json\/wp\/v2\/product_tag?post=776118"}],"curies":[{"name":"wp","href":"https:\/\/api.w.org\/{rel}","templated":true}]}}