{"id":776116,"date":"2025-09-20T05:18:34","date_gmt":"2025-09-20T02:18:34","guid":{"rendered":"https:\/\/roveyayinevi.com.tr\/index.php\/urun\/michael-kohlhaas\/"},"modified":"2026-04-16T02:27:56","modified_gmt":"2026-04-15T23:27:56","slug":"michael-kohlhaas","status":"publish","type":"product","link":"https:\/\/roveyayinevi.com.tr\/index.php\/urun\/michael-kohlhaas\/","title":{"rendered":"Michael Kohlhaas"},"content":{"rendered":"<p>Alman tacir Michael Kohlhaas 1532\u2019de Leipzig Panay\u0131r\u0131\u2019na giderken bir Sakson soylusu iki at\u0131na el koyar. Kendisine tazminat \u00f6denmesi i\u00e7in mahkemeye yapt\u0131\u011f\u0131 ba\u015fvuru sonu\u00e7suz kal\u0131nca, Kohlhaas t\u00fcm Sakson soylular\u0131na a\u00e7\u0131ktan a\u00e7\u0131\u011fa meydan okumaya ba\u015flar&#8230;XIX. y\u00fczy\u0131l Alman edebiyat\u0131n\u0131n en etkileyici yazar ve \u015fairlerinden Heinrich von Kleist\u2019\u0131n ilk kez 1810\u2019da yay\u0131mlanan Michael Kohlhaas adl\u0131 uzun \u00f6yk\u00fcs\u00fc, 16. y\u00fczy\u0131lda ya\u015fanm\u0131\u015f ger\u00e7ek bir olaydan yola \u00e7\u0131kar. Bir\u00e7ok kez opera, tiyatro ve sinemaya da uyarlanan bu \u00f6yk\u00fc, insanlar\u0131n ve do\u011fan\u0131n zorbal\u0131\u011f\u0131 kar\u015f\u0131s\u0131nda dayanma g\u00fcc\u00fcn\u00fc sonuna kadar harcayan bir asinin, haklar\u0131n\u0131 savunmadaki kararl\u0131l\u0131\u011f\u0131n\u0131 ve egemenlerin ac\u0131mas\u0131zl\u0131\u011f\u0131n\u0131 anlat\u0131r.Klasik Alman edebiyat\u0131n\u0131n en \u201cmodern\u201d yazarlar\u0131ndan biri olan Kleist, Fransa ve Almanya\u2019daki ger\u00e7ek\u00e7i, d\u0131\u015favurumcu, ulusalc\u0131 ve varolu\u015f\u00e7u ak\u0131mlara ba\u011fl\u0131 \u015fairler i\u00e7in ilk \u00f6rnek olu\u015fturmu\u015f, modern ya\u015fam\u0131n bug\u00fcn odakland\u0131\u011f\u0131m\u0131z sorunlar\u0131n\u0131 inan\u0131lmaz dehas\u0131yla \u00e7ok \u00f6nceden edebiyata ta\u015f\u0131m\u0131\u015ft\u0131r.<\/p>\n","protected":false},"excerpt":{"rendered":"<p>Alman tacir Michael Kohlhaas 1532\u2019de Leipzig Panay\u0131r\u0131\u2019na giderken bir Sakson soylusu iki at\u0131na el koyar. Kendisine tazminat \u00f6denmesi i\u00e7in mahkemeye yapt\u0131\u011f\u0131 ba\u015fvuru sonu\u00e7suz kal\u0131nca, Kohlhaas t\u00fcm<span class=\"excerpt-hellip\"> [\u2026]<\/span><\/p>\n","protected":false},"featured_media":0,"template":"","meta":{"_monsterinsights_skip_tracking":false,"_monsterinsights_sitenote_active":false,"_monsterinsights_sitenote_note":"","_monsterinsights_sitenote_category":0},"product_brand":[],"product_cat":[12291,12711],"product_tag":[],"class_list":{"0":"post-776116","1":"product","2":"type-product","3":"status-publish","5":"product_cat-edebiyat","6":"product_cat-roman-oyku","7":"pa_cilt-ciltsiz","8":"pa_tur-kitap","9":"pa_yayinevi-can-yayinlari","10":"pa_yazar-heinrich-von-kleist","12":"first","13":"instock","14":"sale","15":"shipping-taxable","16":"purchasable","17":"product-type-simple"},"_links":{"self":[{"href":"https:\/\/roveyayinevi.com.tr\/index.php\/wp-json\/wp\/v2\/product\/776116","targetHints":{"allow":["GET"]}}],"collection":[{"href":"https:\/\/roveyayinevi.com.tr\/index.php\/wp-json\/wp\/v2\/product"}],"about":[{"href":"https:\/\/roveyayinevi.com.tr\/index.php\/wp-json\/wp\/v2\/types\/product"}],"wp:attachment":[{"href":"https:\/\/roveyayinevi.com.tr\/index.php\/wp-json\/wp\/v2\/media?parent=776116"}],"wp:term":[{"taxonomy":"product_brand","embeddable":true,"href":"https:\/\/roveyayinevi.com.tr\/index.php\/wp-json\/wp\/v2\/product_brand?post=776116"},{"taxonomy":"product_cat","embeddable":true,"href":"https:\/\/roveyayinevi.com.tr\/index.php\/wp-json\/wp\/v2\/product_cat?post=776116"},{"taxonomy":"product_tag","embeddable":true,"href":"https:\/\/roveyayinevi.com.tr\/index.php\/wp-json\/wp\/v2\/product_tag?post=776116"}],"curies":[{"name":"wp","href":"https:\/\/api.w.org\/{rel}","templated":true}]}}