{"id":776115,"date":"2025-09-20T05:13:19","date_gmt":"2025-09-20T02:13:19","guid":{"rendered":"https:\/\/roveyayinevi.com.tr\/index.php\/urun\/ataturk-devrimlerine-yolculuk\/"},"modified":"2026-04-16T02:27:28","modified_gmt":"2026-04-15T23:27:28","slug":"ataturk-devrimlerine-yolculuk","status":"publish","type":"product","link":"https:\/\/roveyayinevi.com.tr\/index.php\/urun\/ataturk-devrimlerine-yolculuk\/","title":{"rendered":"Atat\u00fcrk Devrimlerine Yolculuk"},"content":{"rendered":"<p>Yaz tatilinde Kaya\u2019ya Atat\u00fcrk Devrimleri\u2019ni ara\u015ft\u0131rma \u00f6devi verilmi\u015fti. Kaya bu \u00f6devi \u00e7ok iyi yapamayaca\u011f\u0131n\u0131 d\u00fc\u015f\u00fcn\u00fcyordu. Neyse ki o yaz ziyarete gelen day\u0131s\u0131 ona yard\u0131m etmeye s\u00f6z verdi. Her g\u00fcn bah\u00e7edeki \u00e7arda\u011fa ge\u00e7tiler, Atat\u00fcrk Devrimleri\u2019ni detaylar\u0131yla konu\u015ftular, incelediler. G\u00f6kova\u2019n\u0131n g\u00fczel do\u011fas\u0131n\u0131n tad\u0131n\u0131 \u00e7\u0131kar\u0131rken e\u011fitim, k\u00fclt\u00fcr, hukuk, ekonomi ve y\u00f6netim alan\u0131ndaki yenilikler hakk\u0131nda sohbet ettiler. Cumhuriyetin getirdi\u011fi yenilikleri \u00f6rneklerle ke\u015ffettiler. Siz de bu yolculu\u011fa kat\u0131lmak ister misiniz? <\/p>\n","protected":false},"excerpt":{"rendered":"<p>Yaz tatilinde Kaya\u2019ya Atat\u00fcrk Devrimleri\u2019ni ara\u015ft\u0131rma \u00f6devi verilmi\u015fti. Kaya bu \u00f6devi \u00e7ok iyi yapamayaca\u011f\u0131n\u0131 d\u00fc\u015f\u00fcn\u00fcyordu. Neyse ki o yaz ziyarete gelen day\u0131s\u0131 ona yard\u0131m etmeye s\u00f6z<span class=\"excerpt-hellip\"> [\u2026]<\/span><\/p>\n","protected":false},"featured_media":0,"template":"","meta":{"_monsterinsights_skip_tracking":false,"_monsterinsights_sitenote_active":false,"_monsterinsights_sitenote_note":"","_monsterinsights_sitenote_category":0},"product_brand":[],"product_cat":[12274,12284],"product_tag":[],"class_list":{"0":"post-776115","1":"product","2":"type-product","3":"status-publish","5":"product_cat-cocuk-ve-genclik-kitaplari","6":"product_cat-hikayeler","7":"pa_cilt-ciltsiz","8":"pa_tur-kitap","9":"pa_yayinevi-is-bankasi-kultur-yayinlari","10":"pa_yazar-hikmet-altinkaynak","12":"first","13":"instock","14":"sale","15":"shipping-taxable","16":"purchasable","17":"product-type-simple"},"_links":{"self":[{"href":"https:\/\/roveyayinevi.com.tr\/index.php\/wp-json\/wp\/v2\/product\/776115","targetHints":{"allow":["GET"]}}],"collection":[{"href":"https:\/\/roveyayinevi.com.tr\/index.php\/wp-json\/wp\/v2\/product"}],"about":[{"href":"https:\/\/roveyayinevi.com.tr\/index.php\/wp-json\/wp\/v2\/types\/product"}],"wp:attachment":[{"href":"https:\/\/roveyayinevi.com.tr\/index.php\/wp-json\/wp\/v2\/media?parent=776115"}],"wp:term":[{"taxonomy":"product_brand","embeddable":true,"href":"https:\/\/roveyayinevi.com.tr\/index.php\/wp-json\/wp\/v2\/product_brand?post=776115"},{"taxonomy":"product_cat","embeddable":true,"href":"https:\/\/roveyayinevi.com.tr\/index.php\/wp-json\/wp\/v2\/product_cat?post=776115"},{"taxonomy":"product_tag","embeddable":true,"href":"https:\/\/roveyayinevi.com.tr\/index.php\/wp-json\/wp\/v2\/product_tag?post=776115"}],"curies":[{"name":"wp","href":"https:\/\/api.w.org\/{rel}","templated":true}]}}