{"id":776110,"date":"2025-09-20T03:46:53","date_gmt":"2025-09-20T00:46:53","guid":{"rendered":"https:\/\/roveyayinevi.com.tr\/index.php\/urun\/mesela\/"},"modified":"2026-03-26T17:49:37","modified_gmt":"2026-03-26T14:49:37","slug":"mesela","status":"publish","type":"product","link":"https:\/\/roveyayinevi.com.tr\/index.php\/urun\/mesela\/","title":{"rendered":"Mesela"},"content":{"rendered":"<p>Gelene\u011fin hikmetiyle g\u00fcn\u00fcm\u00fcz\u00fcn ger\u00e7e\u011fi \u201cMesela\u201dda bulu\u015fuyor. \u201cDo\u011fu k\u00fclt\u00fcr\u00fc sosyal hayat\u0131 hik\u00e2yelerle harmanlamay\u0131, ku\u015faktan ku\u015fa\u011fa aktar\u0131rken b\u00fcy\u00fck veya k\u00fc\u00e7\u00fck hik\u00e2yeler \u00fczerinden ilerlemeyi sever. Bazen kula\u011f\u0131m\u0131zdan k\u0131sa bir hik\u00e2ye girer, zihnimize veya kalbimize yerle\u015fir, benli\u011fimiz ile \u00f6zde\u015flik kurarak bize bir ders verir. Modern zamanlar maalesef bu devaml\u0131l\u0131\u011f\u0131 bozdu ve bizi o t\u00fcr medeniyet ta\u015f\u0131y\u0131c\u0131 hik\u00e2yeciklerden, mesellerden mahrum b\u0131rakt\u0131.Bu co\u011frafyan\u0131n ve medeniyetin ba\u011fr\u0131nda \u00f6zenerek ve g\u00f6z nuru ile \u00fcretilen i\u011fne oyalar\u0131 maalesef ucuz pahaya feda edildi. Ve \u015fimdi baz\u0131s\u0131n\u0131 restore veya tamir etmeye, kimisinin imitasyonunu yapmaya, kimisini de in\u015fa ve ibda usul\u00fcyle yeniden \u00fcretmeye mecburuz.\u201dBu mecburiyete dikkat \u00e7eken \u0130skender Pala, \u201cMesela\u201d diye okumaya ba\u015flayaca\u011f\u0131m\u0131z doksan dokuz hik\u00e2ye sunuyor bize. Her bir hik\u00e2ye \u201cmutlaka\u201dlar\u0131m\u0131z ile \u201cke\u015fke\u201dlerimiz \u00fczerine yeni bir bak\u0131\u015f a\u00e7\u0131s\u0131 getiriyor. Bazen bizi eski zamanlara g\u00f6t\u00fcr\u00fcyor, bazen g\u00fcncel sorunlara farkl\u0131 bir g\u00f6zle bakmam\u0131z\u0131 sa\u011fl\u0131yor, en \u00e7ok  da \u00e7evremizi ve kendimizi tekrar tan\u0131mam\u0131zakap\u0131 aral\u0131yor.  Usta kalemiyle gelene\u011fin hikmetlerini  ve g\u00fcn\u00fcm\u00fcz\u00fcn tecr\u00fcbelerini g\u00fcncel bir \u00fcslupta bulu\u015fturan Pala, okuyucular\u0131na e\u011flenceli ve yararl\u0131 bir okuma ser\u00fcveni vadediyor.<\/p>\n","protected":false},"excerpt":{"rendered":"<p>Gelene\u011fin hikmetiyle g\u00fcn\u00fcm\u00fcz\u00fcn ger\u00e7e\u011fi \u201cMesela\u201dda bulu\u015fuyor. \u201cDo\u011fu k\u00fclt\u00fcr\u00fc sosyal hayat\u0131 hik\u00e2yelerle harmanlamay\u0131, ku\u015faktan ku\u015fa\u011fa aktar\u0131rken b\u00fcy\u00fck veya k\u00fc\u00e7\u00fck hik\u00e2yeler \u00fczerinden ilerlemeyi sever. Bazen kula\u011f\u0131m\u0131zdan k\u0131sa bir<span class=\"excerpt-hellip\"> [\u2026]<\/span><\/p>\n","protected":false},"featured_media":0,"template":"","meta":{"_monsterinsights_skip_tracking":false,"_monsterinsights_sitenote_active":false,"_monsterinsights_sitenote_note":"","_monsterinsights_sitenote_category":0},"product_brand":[],"product_cat":[13072,12291],"product_tag":[],"class_list":{"0":"post-776110","1":"product","2":"type-product","3":"status-publish","5":"product_cat-arastirma-inceleme-referans","6":"product_cat-edebiyat","7":"pa_cilt-ciltsiz","8":"pa_tur-kitap","9":"pa_yayinevi-kapi-yayinlari","10":"pa_yazar-iskender-pala","12":"first","13":"instock","14":"sale","15":"shipping-taxable","16":"purchasable","17":"product-type-simple"},"_links":{"self":[{"href":"https:\/\/roveyayinevi.com.tr\/index.php\/wp-json\/wp\/v2\/product\/776110","targetHints":{"allow":["GET"]}}],"collection":[{"href":"https:\/\/roveyayinevi.com.tr\/index.php\/wp-json\/wp\/v2\/product"}],"about":[{"href":"https:\/\/roveyayinevi.com.tr\/index.php\/wp-json\/wp\/v2\/types\/product"}],"wp:attachment":[{"href":"https:\/\/roveyayinevi.com.tr\/index.php\/wp-json\/wp\/v2\/media?parent=776110"}],"wp:term":[{"taxonomy":"product_brand","embeddable":true,"href":"https:\/\/roveyayinevi.com.tr\/index.php\/wp-json\/wp\/v2\/product_brand?post=776110"},{"taxonomy":"product_cat","embeddable":true,"href":"https:\/\/roveyayinevi.com.tr\/index.php\/wp-json\/wp\/v2\/product_cat?post=776110"},{"taxonomy":"product_tag","embeddable":true,"href":"https:\/\/roveyayinevi.com.tr\/index.php\/wp-json\/wp\/v2\/product_tag?post=776110"}],"curies":[{"name":"wp","href":"https:\/\/api.w.org\/{rel}","templated":true}]}}