{"id":776108,"date":"2025-09-20T03:36:57","date_gmt":"2025-09-20T00:36:57","guid":{"rendered":"https:\/\/roveyayinevi.com.tr\/index.php\/urun\/tapinagin-obur-yuzu-baglilik-ve-bagimlilik-uzerine\/"},"modified":"2026-04-16T02:13:33","modified_gmt":"2026-04-15T23:13:33","slug":"tapinagin-obur-yuzu-baglilik-ve-bagimlilik-uzerine","status":"publish","type":"product","link":"https:\/\/roveyayinevi.com.tr\/index.php\/urun\/tapinagin-obur-yuzu-baglilik-ve-bagimlilik-uzerine\/","title":{"rendered":"Tap\u0131na\u011f\u0131n \u00d6b\u00fcr Y\u00fcz\u00fc Ba\u011fl\u0131l\u0131k ve Ba\u011f\u0131ml\u0131l\u0131k \u00dczerine"},"content":{"rendered":"<p>Temeli aile olan yak\u0131n ili\u015fki sistemlerini olu\u015fturan biz, kad\u0131n ve erkekler, toplumca belirlenmi\u015f cinsel rollerimiz, rol kal\u0131plar\u0131m\u0131z i\u00e7inde tutsak olup benlik kayb\u0131na u\u011frar\u0131z. \u00d6zg\u00fcn d\u00fc\u015f\u00fcnce ve duygu d\u00fcnyalar\u0131m\u0131za yabanc\u0131la\u015f\u0131r, toplumun belirledi\u011fi rol ve ya\u015fam bi\u00e7imlerini sorgusuzca benimser, sisteme uyum sa\u011flama ad\u0131na benli\u011fimizden uzakla\u015f\u0131r\u0131z. B\u00f6ylelikle ili\u015fkide olu\u015fan sorunlar\u0131m\u0131zla ne denli i\u015fbirli\u011finde bulundu\u011fumuzu da g\u00f6zden ka\u00e7\u0131r\u0131r\u0131z. Bu kitab\u0131 yazmaya ba\u015flamam\u0131n en \u00f6nemli nedeni, \u00e7al\u0131\u015fmalar\u0131mla i\u00e7inde yo\u011frulmakta oldu\u011fum insan ili\u015fkileri, evlilik, birliktelik, aile gibi yak\u0131n ili\u015fki sistemlerinin sanc\u0131l\u0131 ve \u00e7etrefil yollar\u0131nda \u00f6\u011frendiklerimi payla\u015fabilmek&#8230; \u2018Sahnede\u2019 g\u00f6r\u00fclenlerle \u2018sahne arkas\u0131\u2019 ya\u015fananlar\u0131n olduk\u00e7a farkl\u0131 oldu\u011funa tan\u0131k olma ayr\u0131cal\u0131\u011f\u0131na sahip bir \u2018kulis i\u015f\u00e7isi\u2019 s\u0131fat\u0131yla, inand\u0131klar\u0131m\u0131z, \u00f6\u011frendiklerimiz ve \u2018sahnede\u2019 sergilenen davran\u0131\u015flar\u0131m\u0131z\u0131n arkas\u0131ndaki yerle\u015fik toplumsal ko\u015fullanmalar\u0131, sistemin bizi ne denli yo\u011furdu\u011funu, bunlar\u0131n i\u00e7inde k\u00fclt\u00fcrel ve ailevi miras\u0131m\u0131z\u0131n etkilerini payla\u015fmay\u0131 arzu ediyorum. \u00c7\u00fcnk\u00fc kulisten bak\u0131ld\u0131\u011f\u0131nda, Tap\u0131na\u011f\u0131n \u00d6b\u00fcr Y\u00fcz\u00fc olduk\u00e7a farkl\u0131 g\u00f6z\u00fck\u00fcyor. \ufffcTan\u0131t\u0131m Metni<\/p>\n","protected":false},"excerpt":{"rendered":"<p>Temeli aile olan yak\u0131n ili\u015fki sistemlerini olu\u015fturan biz, kad\u0131n ve erkekler, toplumca belirlenmi\u015f cinsel rollerimiz, rol kal\u0131plar\u0131m\u0131z i\u00e7inde tutsak olup benlik kayb\u0131na u\u011frar\u0131z. \u00d6zg\u00fcn d\u00fc\u015f\u00fcnce ve<span class=\"excerpt-hellip\"> [\u2026]<\/span><\/p>\n","protected":false},"featured_media":0,"template":"","meta":{"_monsterinsights_skip_tracking":false,"_monsterinsights_sitenote_active":false,"_monsterinsights_sitenote_note":"","_monsterinsights_sitenote_category":0},"product_brand":[],"product_cat":[12358,12357],"product_tag":[],"class_list":{"0":"post-776108","1":"product","2":"type-product","3":"status-publish","5":"product_cat-genel-psikoloji","6":"product_cat-psikoloji","7":"pa_cilt-ciltsiz","8":"pa_tur-kitap","9":"pa_yayinevi-remzi-kitabevi","10":"pa_yazar-leyla-navaro","12":"first","13":"instock","14":"sale","15":"shipping-taxable","16":"purchasable","17":"product-type-simple"},"_links":{"self":[{"href":"https:\/\/roveyayinevi.com.tr\/index.php\/wp-json\/wp\/v2\/product\/776108","targetHints":{"allow":["GET"]}}],"collection":[{"href":"https:\/\/roveyayinevi.com.tr\/index.php\/wp-json\/wp\/v2\/product"}],"about":[{"href":"https:\/\/roveyayinevi.com.tr\/index.php\/wp-json\/wp\/v2\/types\/product"}],"wp:attachment":[{"href":"https:\/\/roveyayinevi.com.tr\/index.php\/wp-json\/wp\/v2\/media?parent=776108"}],"wp:term":[{"taxonomy":"product_brand","embeddable":true,"href":"https:\/\/roveyayinevi.com.tr\/index.php\/wp-json\/wp\/v2\/product_brand?post=776108"},{"taxonomy":"product_cat","embeddable":true,"href":"https:\/\/roveyayinevi.com.tr\/index.php\/wp-json\/wp\/v2\/product_cat?post=776108"},{"taxonomy":"product_tag","embeddable":true,"href":"https:\/\/roveyayinevi.com.tr\/index.php\/wp-json\/wp\/v2\/product_tag?post=776108"}],"curies":[{"name":"wp","href":"https:\/\/api.w.org\/{rel}","templated":true}]}}