{"id":776107,"date":"2025-09-20T03:12:22","date_gmt":"2025-09-20T00:12:22","guid":{"rendered":"https:\/\/roveyayinevi.com.tr\/index.php\/urun\/aldanan-kadin\/"},"modified":"2026-04-16T02:10:07","modified_gmt":"2026-04-15T23:10:07","slug":"aldanan-kadin","status":"publish","type":"product","link":"https:\/\/roveyayinevi.com.tr\/index.php\/urun\/aldanan-kadin\/","title":{"rendered":"Aldanan Kad\u0131n"},"content":{"rendered":"<p>Rosalie e\u015fini kaybetmi\u015f, k\u0131r\u0131k bir a\u015fktan geri kalan bo\u015flu\u011fu resim yaparak gidermeye \u00e7al\u0131\u015fan k\u0131z\u0131 ve lise \u00f6\u011frencisi o\u011fluyla birlikte sakin bir ya\u015fam s\u00fcrmektedir. O\u011fluna \u0130ngilizce dersi vermek i\u00e7in eve gelen gen\u00e7 Amerikal\u0131, onu \u00e7ok etkiler. \u00d6nce kendine bile itiraf etmekten \u00e7ekindi\u011fi duygular\u0131, konu\u015fmalar\u0131na ve hareketlerine fark\u0131na varmaks\u0131z\u0131n yans\u0131y\u0131nca ilk tepkiyi \u00e7ocuklar\u0131ndan al\u0131r. Ama ne pahas\u0131na olursa olsun, do\u011fan\u0131n kendisine bah\u015fetti\u011fine inand\u0131\u011f\u0131 bu a\u015fk\u0131n pe\u015finden gitmeye kararl\u0131d\u0131r. \ufffcTan\u0131t\u0131m Metni<\/p>\n","protected":false},"excerpt":{"rendered":"<p>Rosalie e\u015fini kaybetmi\u015f, k\u0131r\u0131k bir a\u015fktan geri kalan bo\u015flu\u011fu resim yaparak gidermeye \u00e7al\u0131\u015fan k\u0131z\u0131 ve lise \u00f6\u011frencisi o\u011fluyla birlikte sakin bir ya\u015fam s\u00fcrmektedir. O\u011fluna \u0130ngilizce dersi<span class=\"excerpt-hellip\"> [\u2026]<\/span><\/p>\n","protected":false},"featured_media":0,"template":"","meta":{"_monsterinsights_skip_tracking":false,"_monsterinsights_sitenote_active":false,"_monsterinsights_sitenote_note":"","_monsterinsights_sitenote_category":0},"product_brand":[],"product_cat":[12782,12291],"product_tag":[],"class_list":{"0":"post-776107","1":"product","2":"type-product","3":"status-publish","5":"product_cat-alman-edebiyati","6":"product_cat-edebiyat","7":"pa_cilt-ciltsiz","8":"pa_tur-kitap","9":"pa_yayinevi-can-yayinlari","10":"pa_yazar-thomas-mann","12":"first","13":"instock","14":"sale","15":"shipping-taxable","16":"purchasable","17":"product-type-simple"},"_links":{"self":[{"href":"https:\/\/roveyayinevi.com.tr\/index.php\/wp-json\/wp\/v2\/product\/776107","targetHints":{"allow":["GET"]}}],"collection":[{"href":"https:\/\/roveyayinevi.com.tr\/index.php\/wp-json\/wp\/v2\/product"}],"about":[{"href":"https:\/\/roveyayinevi.com.tr\/index.php\/wp-json\/wp\/v2\/types\/product"}],"wp:attachment":[{"href":"https:\/\/roveyayinevi.com.tr\/index.php\/wp-json\/wp\/v2\/media?parent=776107"}],"wp:term":[{"taxonomy":"product_brand","embeddable":true,"href":"https:\/\/roveyayinevi.com.tr\/index.php\/wp-json\/wp\/v2\/product_brand?post=776107"},{"taxonomy":"product_cat","embeddable":true,"href":"https:\/\/roveyayinevi.com.tr\/index.php\/wp-json\/wp\/v2\/product_cat?post=776107"},{"taxonomy":"product_tag","embeddable":true,"href":"https:\/\/roveyayinevi.com.tr\/index.php\/wp-json\/wp\/v2\/product_tag?post=776107"}],"curies":[{"name":"wp","href":"https:\/\/api.w.org\/{rel}","templated":true}]}}