{"id":776106,"date":"2025-09-20T02:57:18","date_gmt":"2025-09-19T23:57:18","guid":{"rendered":"https:\/\/roveyayinevi.com.tr\/index.php\/urun\/mehmet-fuad-koprulu-kulliyati-4-turk-edebiyatinda-ilk-mutasavviflar\/"},"modified":"2026-04-16T02:07:55","modified_gmt":"2026-04-15T23:07:55","slug":"mehmet-fuad-koprulu-kulliyati-4-turk-edebiyatinda-ilk-mutasavviflar","status":"publish","type":"product","link":"https:\/\/roveyayinevi.com.tr\/index.php\/urun\/mehmet-fuad-koprulu-kulliyati-4-turk-edebiyatinda-ilk-mutasavviflar\/","title":{"rendered":"Mehmet Fuad K\u00f6pr\u00fcl\u00fc K\u00fclliyat\u0131 4 &#8211; T\u00fcrk Edebiyat\u0131nda \u0130lk Mutasavv\u0131flar"},"content":{"rendered":"<p>T\u00fcrkiye\u2019de edebiyat tarih\u00e7ili\u011finin, hatta modern tarih\u00e7ili\u011fin kurucular\u0131ndan say\u0131lan Fuad K\u00f6pr\u00fcl\u00fc\u2019n\u00fcn en \u00e7ok okunan ve yank\u0131 uyand\u0131ran eseri olan T\u00fcrk Edebiyat\u0131nda \u0130lk Mutasavv\u0131flar yaz\u0131ld\u0131\u011f\u0131 g\u00fcnden bu yana \u00f6nemini giderek b\u00fcy\u00fctm\u00fc\u015f bir \u00e7al\u0131\u015fmad\u0131r. T\u00fcrkistanl\u0131 Ahmet Yesev\u00ee ile Anadolulu Yunus Emre gibi iki \u00f6l\u00fcms\u00fcz T\u00fcrk tasavvuf adam\u0131n\u0131n hayatlar\u0131n\u0131 anlat\u0131rken, bir yandan da onlar\u0131n ya\u015fad\u0131\u011f\u0131 d\u00f6nemlere dair tarih, edebiyat, siyaset, k\u00fclt\u00fcr ve dil alan\u0131ndaki t\u00fcm geli\u015fmeleri ve bilgileri okurlar\u0131na aktarmay\u0131 ba\u015faran Fuad K\u00f6pr\u00fcl\u00fc\u2019n\u00fcn kulland\u0131\u011f\u0131 u\u00e7suz bucaks\u0131z malzeme ve bilimsel y\u00f6ntem g\u00f6z kama\u015ft\u0131racak bir berrakl\u0131\u011fa sahiptir.Pek \u00e7ok ele\u015ftirmen taraf\u0131ndan K\u00f6pr\u00fcl\u00fc\u2019n\u00fcn ba\u015fyap\u0131t\u0131 olarak kabul edilen  T\u00fcrk Edebiyat\u0131nda \u0130lk Mutasavv\u0131flar tasavvuf alan\u0131yla ilgilenmek isteyen herkes i\u00e7in b\u00fcy\u00fck bir kaynak ve yol g\u00f6sterici olma \u00f6zelli\u011fini asla kaybetmemi\u015ftir ve kaybetmeyecektir. <\/p>\n","protected":false},"excerpt":{"rendered":"<p>T\u00fcrkiye\u2019de edebiyat tarih\u00e7ili\u011finin, hatta modern tarih\u00e7ili\u011fin kurucular\u0131ndan say\u0131lan Fuad K\u00f6pr\u00fcl\u00fc\u2019n\u00fcn en \u00e7ok okunan ve yank\u0131 uyand\u0131ran eseri olan T\u00fcrk Edebiyat\u0131nda \u0130lk Mutasavv\u0131flar yaz\u0131ld\u0131\u011f\u0131 g\u00fcnden bu yana<span class=\"excerpt-hellip\"> [\u2026]<\/span><\/p>\n","protected":false},"featured_media":0,"template":"","meta":{"_monsterinsights_skip_tracking":false,"_monsterinsights_sitenote_active":false,"_monsterinsights_sitenote_note":"","_monsterinsights_sitenote_category":0},"product_brand":[],"product_cat":[12718,12719,18109],"product_tag":[],"class_list":{"0":"post-776106","1":"product","2":"type-product","3":"status-publish","5":"product_cat-din","6":"product_cat-islam","7":"product_cat-islam-tarihi","8":"pa_cilt-ciltsiz","9":"pa_tur-kitap","10":"pa_yayinevi-alfa-yayinlari","11":"pa_yazar-mehmed-fuad-koprulu","13":"first","14":"instock","15":"sale","16":"shipping-taxable","17":"purchasable","18":"product-type-simple"},"_links":{"self":[{"href":"https:\/\/roveyayinevi.com.tr\/index.php\/wp-json\/wp\/v2\/product\/776106","targetHints":{"allow":["GET"]}}],"collection":[{"href":"https:\/\/roveyayinevi.com.tr\/index.php\/wp-json\/wp\/v2\/product"}],"about":[{"href":"https:\/\/roveyayinevi.com.tr\/index.php\/wp-json\/wp\/v2\/types\/product"}],"wp:attachment":[{"href":"https:\/\/roveyayinevi.com.tr\/index.php\/wp-json\/wp\/v2\/media?parent=776106"}],"wp:term":[{"taxonomy":"product_brand","embeddable":true,"href":"https:\/\/roveyayinevi.com.tr\/index.php\/wp-json\/wp\/v2\/product_brand?post=776106"},{"taxonomy":"product_cat","embeddable":true,"href":"https:\/\/roveyayinevi.com.tr\/index.php\/wp-json\/wp\/v2\/product_cat?post=776106"},{"taxonomy":"product_tag","embeddable":true,"href":"https:\/\/roveyayinevi.com.tr\/index.php\/wp-json\/wp\/v2\/product_tag?post=776106"}],"curies":[{"name":"wp","href":"https:\/\/api.w.org\/{rel}","templated":true}]}}