{"id":776105,"date":"2025-09-20T02:56:41","date_gmt":"2025-09-19T23:56:41","guid":{"rendered":"https:\/\/roveyayinevi.com.tr\/index.php\/urun\/the-secret-sir-ciltli\/"},"modified":"2025-10-06T02:55:08","modified_gmt":"2025-10-05T23:55:08","slug":"the-secret-sir-ciltli","status":"publish","type":"product","link":"https:\/\/roveyayinevi.com.tr\/index.php\/urun\/the-secret-sir-ciltli\/","title":{"rendered":"The Secret &#8211; S\u0131r (Ciltli)"},"content":{"rendered":"<p>Avu\u00e7lar\u0131n\u0131z\u0131n i\u00e7inde tuttu\u011funuz B\u00fcy\u00fck S\u0131rAvu\u00e7lar\u0131n\u0131z\u0131n i\u00e7inde tuttu\u011funuz B\u00fcy\u00fck S\u0131r As\u0131rlar boyunca elden ele dola\u015ft\u0131. Ona g\u0131pta ettiler. Saklad\u0131lar. Kayboldu, \u00e7al\u0131nd\u0131 ve inan\u0131lmaz paralara sat\u0131n al\u0131nd\u0131. Tarihin en \u00f6nemli ki\u015filerinden baz\u0131lar\u0131 bu y\u00fczy\u0131llar ya\u015f\u0131ndaki S\u0131r\u2019r\u0131 \u00e7\u00f6zm\u00fc\u015ft\u00fc. Platon, Galileo, Beethoven, Edison, Carnegie ve Einstein\u2019\u0131n yan\u0131 s\u0131ra kimi ka\u015fifler, teologlar, bilim adamlar\u0131 ve b\u00fcy\u00fck d\u00fc\u015f\u00fcn\u00fcrlerin \u00e7o\u011fu Secret\u2019a hakimdi. S\u0131r, \u015fimdi d\u00fcnyaya a\u00e7\u0131klan\u0131yor.\u201cSecret\u2019\u0131 \u00f6\u011frendik\u00e7e istedikleriniz en as\u0131l sahip olabilece\u011finizi,  nas\u0131l istedi\u011finiz her \u015fey olabilece\u011finizi, ya da istedi\u011finiz her \u015feyi nas\u0131l yapabilece\u011finizi anlayacaks\u0131n\u0131z. Ger\u00e7ekten kim oldu\u011funuzu anlayacaks\u0131n\u0131z. Hayatta sizi bekleyen ger\u00e7ek kusursuzlu\u011fu anlayacaks\u0131n\u0131z.\u201d Giri\u015ftenThe Secret filmi i\u00e7in www.thesecret.tv adresini ziyaret edebilirsiniz. Y\u00fczy\u0131llar boyunca, B\u00fcy\u00fck S\u0131r\u2019r\u0131n izleri s\u00f6zl\u00fc gelenekte, edebiyatta, din ve felsefe tarihinde kar\u015f\u0131m\u0131za \u00e7\u0131kt\u0131. Ancak ilk kez, Secret\u2019\u0131n t\u00fcm par\u00e7alar\u0131, deneyimleyen herkes i\u00e7in ya\u015fam d\u00f6n\u00fc\u015ft\u00fcr\u00fcc\u00fc, inan\u0131lmaz bir esin kayna\u011f\u0131na d\u00f6n\u00fc\u015ferek bir araya geliyor.Bu kitapta, para, sa\u011fl\u0131k, ili\u015fkiler, mutluluk ve d\u00fcnyadaki her t\u00fcrl\u00fc tecr\u00fcbenizde, hayat\u0131n\u0131z\u0131n her alan\u0131nda, Secret\u2019\u0131 nas\u0131l kullanaca\u011f\u0131n\u0131z\u0131 \u00f6\u011freneceksiniz. \u0130\u00e7inizdeki gizli, dokunulmam\u0131\u015f g\u00fcce ula\u015ft\u0131k\u00e7a, bu uyan\u0131\u015f\u0131n hayat\u0131n\u0131z\u0131n her alan\u0131na mutluluk getirdi\u011fini anlamaya ba\u015flayacaks\u0131n\u0131z.  Secret, sa\u011fl\u0131k, zenginlik ve mutluluk elde etmek i\u00e7in S\u0131r\u2019r\u0131 kullanan kad\u0131n ve erkek modern zaman bilgelerinin deneyimlerini i\u00e7eriyor. Onlar, Secret bilgisini uygulayarak hastal\u0131klar\u0131n yok edilebilece\u011fini, b\u00fcy\u00fck servetler kazan\u0131labilece\u011fini, engellerin a\u015f\u0131labilece\u011fini ve b\u00fcy\u00fck \u00e7o\u011funlu\u011fun imkans\u0131z kabul etti\u011fi \u015feylerin ba\u015far\u0131labilece\u011fini  anlatan hikayeleri g\u00fcn\u0131\u015f\u0131\u011f\u0131na \u00e7\u0131kard\u0131lar. <\/p>\n","protected":false},"excerpt":{"rendered":"<p>Avu\u00e7lar\u0131n\u0131z\u0131n i\u00e7inde tuttu\u011funuz B\u00fcy\u00fck S\u0131rAvu\u00e7lar\u0131n\u0131z\u0131n i\u00e7inde tuttu\u011funuz B\u00fcy\u00fck S\u0131r As\u0131rlar boyunca elden ele dola\u015ft\u0131. Ona g\u0131pta ettiler. Saklad\u0131lar. Kayboldu, \u00e7al\u0131nd\u0131 ve inan\u0131lmaz paralara sat\u0131n al\u0131nd\u0131. Tarihin<span class=\"excerpt-hellip\"> [\u2026]<\/span><\/p>\n","protected":false},"featured_media":0,"template":"","meta":{"_monsterinsights_skip_tracking":false,"_monsterinsights_sitenote_active":false,"_monsterinsights_sitenote_note":"","_monsterinsights_sitenote_category":0},"product_brand":[],"product_cat":[14591,14556],"product_tag":[],"class_list":{"0":"post-776105","1":"product","2":"type-product","3":"status-publish","5":"product_cat-genel-kavramlar-kuram-ve-tarihce","6":"product_cat-muzik","7":"pa_cilt-ciltli","8":"pa_tur-kitap","9":"pa_yayinevi-artemis-yayinlari","10":"pa_yazar-rhonda-byrne","12":"first","13":"instock","14":"sale","15":"shipping-taxable","16":"purchasable","17":"product-type-simple"},"_links":{"self":[{"href":"https:\/\/roveyayinevi.com.tr\/index.php\/wp-json\/wp\/v2\/product\/776105","targetHints":{"allow":["GET"]}}],"collection":[{"href":"https:\/\/roveyayinevi.com.tr\/index.php\/wp-json\/wp\/v2\/product"}],"about":[{"href":"https:\/\/roveyayinevi.com.tr\/index.php\/wp-json\/wp\/v2\/types\/product"}],"wp:attachment":[{"href":"https:\/\/roveyayinevi.com.tr\/index.php\/wp-json\/wp\/v2\/media?parent=776105"}],"wp:term":[{"taxonomy":"product_brand","embeddable":true,"href":"https:\/\/roveyayinevi.com.tr\/index.php\/wp-json\/wp\/v2\/product_brand?post=776105"},{"taxonomy":"product_cat","embeddable":true,"href":"https:\/\/roveyayinevi.com.tr\/index.php\/wp-json\/wp\/v2\/product_cat?post=776105"},{"taxonomy":"product_tag","embeddable":true,"href":"https:\/\/roveyayinevi.com.tr\/index.php\/wp-json\/wp\/v2\/product_tag?post=776105"}],"curies":[{"name":"wp","href":"https:\/\/api.w.org\/{rel}","templated":true}]}}