{"id":776104,"date":"2025-09-20T02:43:36","date_gmt":"2025-09-19T23:43:36","guid":{"rendered":"https:\/\/roveyayinevi.com.tr\/index.php\/urun\/kantin-felsefesi\/"},"modified":"2026-04-16T02:06:13","modified_gmt":"2026-04-15T23:06:13","slug":"kantin-felsefesi","status":"publish","type":"product","link":"https:\/\/roveyayinevi.com.tr\/index.php\/urun\/kantin-felsefesi\/","title":{"rendered":"Kant\u2019\u0131n Felsefesi"},"content":{"rendered":"<p>K\u00f6nigsbergli filozofun d\u00fc\u015f\u00fcnceleri, ku\u015fkusuz bir dehan\u0131n t\u00fcm par\u0131lt\u0131s\u0131na kavu\u015fmu\u015ftur. G\u00fc\u00e7s\u00fcz bir bedenden y\u00fckselen ate\u015f, insan\u0131n ve evrenin s\u0131rr\u0131na dahil edilme iste\u011fini, do\u011faya kar\u015f\u0131 ayn\u0131 \u00f6l\u00e7\u00fclerde, ayn\u0131 mutlak kesinlikte kar\u015f\u0131l\u0131k verebilme iradesini g\u00f6stermi\u015ftir. Kant\u2019\u0131n b\u00fcy\u00fcs\u00fc \u015fimdiye kadar hi\u00e7 eksilmemi\u015ftir. \u201c\u00dczerimdeki y\u0131ld\u0131zl\u0131 g\u00f6k ve i\u00e7imdeki ahl\u00e2k yasas\u0131\u201d yery\u00fcz\u00fcnde var oldu\u011fu m\u00fcddet\u00e7e de bu b\u00fcy\u00fc ya\u015famaya devam edecektirAk\u0131l, ahl\u00e2k, metafizik, de\u011fer, bilgi, inan\u00e7 ve yarg\u0131lar\u0131m\u0131z konusunda hi\u00e7bir d\u00fc\u015f\u00fcn\u00fcr, Kant kadar ele\u015ftirel ve ku\u015fat\u0131c\u0131 olmam\u0131\u015ft\u0131r. Kant, insan do\u011fas\u0131n\u0131n kurulu\u015funu t\u00fcm nesnelli\u011fiyle ele al\u0131r. \u00d6ncelikli olarak o, kendinden \u00f6nceki felsefi gelenekleri kendi merkezinde toplamay\u0131 ba\u015farabilmi\u015ftir. Kant, t\u00fcm duyumcu, emprisist, metafizik cepheleri g\u00f6zden ge\u00e7irmi\u015f, transendental idealizmin imk\u00e2nlar\u0131n\u0131 ara\u015ft\u0131rm\u0131\u015ft\u0131r. Etik ve estetik de\u011ferler konusunda, \u201cy\u00fcce\u201dye dair bilgimizi ortaya koymu\u015ftur. Akl\u0131n bilinebilir s\u0131n\u0131rlar\u0131n\u0131 g\u00f6stermi\u015f, ahl\u00e2k metafizi\u011finin ilkelerini saptam\u0131\u015ft\u0131r. Yani, \u201cNe bilebiliriz?\u201d sorusuna, akl\u0131n bundan daha az \u00f6nemli olmayan ba\u015fka bir sorusunu il\u00e2ve etmi\u015ftir: \u201cNe yapmal\u0131y\u0131z?\u201d Nihayetinde, teorik ak\u0131l ile pratik akl\u0131 temel bir sorun olarak g\u00fcn y\u00fcz\u00fcne \u00e7\u0131karabilmi\u015ftir. Kant\u2019\u0131n felsefesi insan\u0131n i\u00e7inde bir \u2018\u00f6zne\u2019 olarak yer ald\u0131\u011f\u0131 kusursuz bir matemati\u011fe benzer. Do\u011fan\u0131n \u00f6zg\u00fcrl\u00fc\u011f\u00fc ile insan\u0131n \u00f6dev ahl\u00e2k\u0131, ini\u015f ve \u00e7\u0131k\u0131\u015flar\u0131yla birlikte, bu m\u00fczi\u011fin notalar\u0131n\u0131 olu\u015fturur. Ak\u0131l ve duygu, iyi ve k\u00f6t\u00fc gibi b\u00fct\u00fcn kar\u015f\u0131tl\u0131klar bu denklemin her iki taraf\u0131nda yer al\u0131r ve Kant\u00e7\u0131 felsefede m\u00fckemmel \u00e7\u00f6z\u00fcme kavu\u015furlar. Bu kitapta, Kant\u00e7\u0131 d\u00fc\u015f\u00fcncenin en \u00f6nemli yorumcular\u0131ndan kabul edilen Heinz Heimsoeth, Kant felsefesinin \u00f6z\u00fcne dair \u00e7etrefil meseleleri, sade bir \u00fcslup, berrak bir anlat\u0131m ve b\u00fcy\u00fck bir ustal\u0131kla \u00e7\u00f6z\u00fcmlemektedir.  <\/p>\n","protected":false},"excerpt":{"rendered":"<p>K\u00f6nigsbergli filozofun d\u00fc\u015f\u00fcnceleri, ku\u015fkusuz bir dehan\u0131n t\u00fcm par\u0131lt\u0131s\u0131na kavu\u015fmu\u015ftur. G\u00fc\u00e7s\u00fcz bir bedenden y\u00fckselen ate\u015f, insan\u0131n ve evrenin s\u0131rr\u0131na dahil edilme iste\u011fini, do\u011faya kar\u015f\u0131 ayn\u0131 \u00f6l\u00e7\u00fclerde, ayn\u0131<span class=\"excerpt-hellip\"> [\u2026]<\/span><\/p>\n","protected":false},"featured_media":0,"template":"","meta":{"_monsterinsights_skip_tracking":false,"_monsterinsights_sitenote_active":false,"_monsterinsights_sitenote_note":"","_monsterinsights_sitenote_category":0},"product_brand":[],"product_cat":[12389,12388],"product_tag":[],"class_list":{"0":"post-776104","1":"product","2":"type-product","3":"status-publish","5":"product_cat-diger-felsefe","6":"product_cat-felsefe","7":"pa_cilt-ciltsiz","8":"pa_tur-dergi","9":"pa_yayinevi-dogu-bati-yayinlari","10":"pa_yazar-heinz-heimsoeth","12":"first","13":"instock","14":"sale","15":"shipping-taxable","16":"purchasable","17":"product-type-simple"},"_links":{"self":[{"href":"https:\/\/roveyayinevi.com.tr\/index.php\/wp-json\/wp\/v2\/product\/776104","targetHints":{"allow":["GET"]}}],"collection":[{"href":"https:\/\/roveyayinevi.com.tr\/index.php\/wp-json\/wp\/v2\/product"}],"about":[{"href":"https:\/\/roveyayinevi.com.tr\/index.php\/wp-json\/wp\/v2\/types\/product"}],"wp:attachment":[{"href":"https:\/\/roveyayinevi.com.tr\/index.php\/wp-json\/wp\/v2\/media?parent=776104"}],"wp:term":[{"taxonomy":"product_brand","embeddable":true,"href":"https:\/\/roveyayinevi.com.tr\/index.php\/wp-json\/wp\/v2\/product_brand?post=776104"},{"taxonomy":"product_cat","embeddable":true,"href":"https:\/\/roveyayinevi.com.tr\/index.php\/wp-json\/wp\/v2\/product_cat?post=776104"},{"taxonomy":"product_tag","embeddable":true,"href":"https:\/\/roveyayinevi.com.tr\/index.php\/wp-json\/wp\/v2\/product_tag?post=776104"}],"curies":[{"name":"wp","href":"https:\/\/api.w.org\/{rel}","templated":true}]}}