{"id":776103,"date":"2025-09-20T02:43:33","date_gmt":"2025-09-19T23:43:33","guid":{"rendered":"https:\/\/roveyayinevi.com.tr\/index.php\/urun\/dunya-evi-3\/"},"modified":"2025-11-22T02:45:35","modified_gmt":"2025-11-21T23:45:35","slug":"dunya-evi-3","status":"publish","type":"product","link":"https:\/\/roveyayinevi.com.tr\/index.php\/urun\/dunya-evi-3\/","title":{"rendered":"D\u00fcnya Evi"},"content":{"rendered":"<p>Toplumu en iyi anlatan yazarlar\u0131m\u0131zdan olan Orhan Kemal, kitaplar\u0131nda bireyin ya\u015fam\u0131n\u0131 da hi\u00e7bir zaman g\u00f6zden ka\u00e7\u0131rmam\u0131\u015ft\u0131r. Baba Evi ve Avare Y\u0131llar&#8217;\u0131n devam\u0131 niteli\u011finde olan D\u00fcnya Evi de, kimi zaman \u00e7eli\u015fkilere d\u00fc\u015fse de her zaman toplumsal olanla bi\u00e7imlenen, ancak bireysel olan\u0131 g\u00f6z ard\u0131 etmeyen, insan\u0131 ya\u015fam\u0131n ger\u00e7ekli\u011fi i\u00e7inde ele alan bir roman. Usta bir yazar\u0131n kaleminden, umuttan ve ayd\u0131nl\u0131ktan asla vazge\u00e7meyen bir roman&#8230; Orhan Kemal&#8217;in kitaplar\u0131 bir okurun hayatta rastlayabilece\u011fi o \u00e7ok nadir hazineler aras\u0131nda yer al\u0131r. \u00c7ok az yazar okurunun d\u00fcnyas\u0131nda onun kadar iz b\u0131rak\u0131r, okurunu onun kadar bi\u00e7imlendirir. Orhan Kemal umudu ve iyimserli\u011fi yeniden kazanmam\u0131z i\u00e7in yol g\u00f6sterir bize. Edebiyat\u0131m\u0131z\u0131n en de\u011ferli ustalar\u0131ndan biri olan Orhan Kemal&#8217;in kitaplar\u0131n\u0131 yay\u0131mlamaktan onur duyuyoruz.  <\/p>\n","protected":false},"excerpt":{"rendered":"<p>Toplumu en iyi anlatan yazarlar\u0131m\u0131zdan olan Orhan Kemal, kitaplar\u0131nda bireyin ya\u015fam\u0131n\u0131 da hi\u00e7bir zaman g\u00f6zden ka\u00e7\u0131rmam\u0131\u015ft\u0131r. Baba Evi ve Avare Y\u0131llar&#8217;\u0131n devam\u0131 niteli\u011finde olan D\u00fcnya Evi<span class=\"excerpt-hellip\"> [\u2026]<\/span><\/p>\n","protected":false},"featured_media":0,"template":"","meta":{"_monsterinsights_skip_tracking":false,"_monsterinsights_sitenote_active":false,"_monsterinsights_sitenote_note":"","_monsterinsights_sitenote_category":0},"product_brand":[],"product_cat":[12291,12292],"product_tag":[],"class_list":{"0":"post-776103","1":"product","2":"type-product","3":"status-publish","5":"product_cat-edebiyat","6":"product_cat-turk-edebiyati","7":"pa_cilt-ciltsiz","8":"pa_tur-kitap","9":"pa_yayinevi-everest-yayinlari","10":"pa_yazar-orhan-kemal","12":"first","13":"instock","14":"sale","15":"shipping-taxable","16":"purchasable","17":"product-type-simple"},"_links":{"self":[{"href":"https:\/\/roveyayinevi.com.tr\/index.php\/wp-json\/wp\/v2\/product\/776103","targetHints":{"allow":["GET"]}}],"collection":[{"href":"https:\/\/roveyayinevi.com.tr\/index.php\/wp-json\/wp\/v2\/product"}],"about":[{"href":"https:\/\/roveyayinevi.com.tr\/index.php\/wp-json\/wp\/v2\/types\/product"}],"wp:attachment":[{"href":"https:\/\/roveyayinevi.com.tr\/index.php\/wp-json\/wp\/v2\/media?parent=776103"}],"wp:term":[{"taxonomy":"product_brand","embeddable":true,"href":"https:\/\/roveyayinevi.com.tr\/index.php\/wp-json\/wp\/v2\/product_brand?post=776103"},{"taxonomy":"product_cat","embeddable":true,"href":"https:\/\/roveyayinevi.com.tr\/index.php\/wp-json\/wp\/v2\/product_cat?post=776103"},{"taxonomy":"product_tag","embeddable":true,"href":"https:\/\/roveyayinevi.com.tr\/index.php\/wp-json\/wp\/v2\/product_tag?post=776103"}],"curies":[{"name":"wp","href":"https:\/\/api.w.org\/{rel}","templated":true}]}}