{"id":776101,"date":"2025-09-20T02:38:25","date_gmt":"2025-09-19T23:38:25","guid":{"rendered":"https:\/\/roveyayinevi.com.tr\/index.php\/urun\/tamirci\/"},"modified":"2026-04-16T02:05:06","modified_gmt":"2026-04-15T23:05:06","slug":"tamirci","status":"publish","type":"product","link":"https:\/\/roveyayinevi.com.tr\/index.php\/urun\/tamirci\/","title":{"rendered":"Tamirci"},"content":{"rendered":"<p>&#8220;Malamud&#8217;un ola\u011fan\u00fcst\u00fc yeteneklerinden biri daima, ger\u00e7ek d\u00fcnyay\u0131 bir seviye yukar\u0131 \u00e7\u0131kar\u0131p metafizik fantezi \u00e2lemine dahil edebilmesi olmu\u015ftur. Di\u011feri ise ya\u015fam\u0131, ya\u015famlar\u0131 ciddiye almak.&#8221;- Malcolm Bradbury1905 devriminden sonra ve Rusya&#8217;n\u0131n son \u00e7ar\u0131n\u0131n devrilmesinden \u00f6nce, 1911 y\u0131l\u0131nda Kiev, &#8220;vah\u015fi hurafeler ve gizemci g\u00f6r\u00fc\u015flerle dolu bir Orta\u00e7a\u011f \u015fehri&#8221;dir. Kentin her yerinde Yahudi d\u00fc\u015fmanl\u0131\u011f\u0131 kol gezmektedir. On iki ya\u015f\u0131nda bir Rus \u00e7ocu\u011fu b\u0131\u00e7aklanarak \u00f6ld\u00fcr\u00fclm\u00fc\u015f ve v\u00fccudundaki b\u00fct\u00fcn kan ak\u0131t\u0131lm\u0131\u015f halde bulununca, Yahudiler ayin niteli\u011finde bir \u00e7ocuk cinayeti i\u015flemekle su\u00e7lan\u0131rlar.Elinden her i\u015f gelen tamirci Yakov Bok cinayetten tutuklan\u0131r ve mahkemeye \u00e7\u0131kar\u0131lmadan hapse at\u0131l\u0131r. Yap\u0131lan su\u00e7lamalar \u00e7e\u015fitlenip \u00e7o\u011fal\u0131r ve halk\u0131n konuya olan ilgisi tamircinin \u0131st\u0131rab\u0131n\u0131 gitgide yo\u011funla\u015ft\u0131r\u0131rken, beraat ihtimali, h\u00fck\u00fcm giyme ihtimali kadar deh\u015fet vermeye ba\u015flar.1966&#8217;da yay\u0131mlanan Tamirci, Bernard Malamud&#8217;a hem bir Pulitzer \u00d6d\u00fcl\u00fc, hem de ikinci Ulusal Kitap \u00d6d\u00fcl\u00fc&#8217;n\u00fc kazand\u0131rm\u0131\u015ft\u0131r.&#8221;Tamirci, Saul Bellow ve Philip Roth&#8217;un B\u00fcy\u00fck Yahudi-Amerikan Romanlar\u0131 aras\u0131nda yer almay\u0131 hak ediyor.&#8221;- Independent<\/p>\n","protected":false},"excerpt":{"rendered":"<p>&#8220;Malamud&#8217;un ola\u011fan\u00fcst\u00fc yeteneklerinden biri daima, ger\u00e7ek d\u00fcnyay\u0131 bir seviye yukar\u0131 \u00e7\u0131kar\u0131p metafizik fantezi \u00e2lemine dahil edebilmesi olmu\u015ftur. Di\u011feri ise ya\u015fam\u0131, ya\u015famlar\u0131 ciddiye almak.&#8221;- Malcolm Bradbury1905 devriminden<span class=\"excerpt-hellip\"> [\u2026]<\/span><\/p>\n","protected":false},"featured_media":0,"template":"","meta":{"_monsterinsights_skip_tracking":false,"_monsterinsights_sitenote_active":false,"_monsterinsights_sitenote_note":"","_monsterinsights_sitenote_category":0},"product_brand":[],"product_cat":[12891,12291],"product_tag":[],"class_list":{"0":"post-776101","1":"product","2":"type-product","3":"status-publish","5":"product_cat-amerikan-edebiyati","6":"product_cat-edebiyat","7":"pa_cilt-ciltsiz","8":"pa_tur-kitap","9":"pa_yayinevi-kafka-yayinevi","10":"pa_yazar-bernard-malamud","12":"first","13":"instock","14":"sale","15":"shipping-taxable","16":"purchasable","17":"product-type-simple"},"_links":{"self":[{"href":"https:\/\/roveyayinevi.com.tr\/index.php\/wp-json\/wp\/v2\/product\/776101","targetHints":{"allow":["GET"]}}],"collection":[{"href":"https:\/\/roveyayinevi.com.tr\/index.php\/wp-json\/wp\/v2\/product"}],"about":[{"href":"https:\/\/roveyayinevi.com.tr\/index.php\/wp-json\/wp\/v2\/types\/product"}],"wp:attachment":[{"href":"https:\/\/roveyayinevi.com.tr\/index.php\/wp-json\/wp\/v2\/media?parent=776101"}],"wp:term":[{"taxonomy":"product_brand","embeddable":true,"href":"https:\/\/roveyayinevi.com.tr\/index.php\/wp-json\/wp\/v2\/product_brand?post=776101"},{"taxonomy":"product_cat","embeddable":true,"href":"https:\/\/roveyayinevi.com.tr\/index.php\/wp-json\/wp\/v2\/product_cat?post=776101"},{"taxonomy":"product_tag","embeddable":true,"href":"https:\/\/roveyayinevi.com.tr\/index.php\/wp-json\/wp\/v2\/product_tag?post=776101"}],"curies":[{"name":"wp","href":"https:\/\/api.w.org\/{rel}","templated":true}]}}