{"id":776100,"date":"2025-09-20T02:08:24","date_gmt":"2025-09-19T23:08:24","guid":{"rendered":"https:\/\/roveyayinevi.com.tr\/index.php\/urun\/secret-the-power-ciltli\/"},"modified":"2025-11-13T02:07:59","modified_gmt":"2025-11-12T23:07:59","slug":"secret-the-power-ciltli","status":"publish","type":"product","link":"https:\/\/roveyayinevi.com.tr\/index.php\/urun\/secret-the-power-ciltli\/","title":{"rendered":"Secret The Power (Ciltli)"},"content":{"rendered":"<p>Harika bir hayat\u0131 hakediyorsunuzBu kitapta sizlere m\u00fckemmel bir hayata giden yolu g\u00f6stermek istiyorum. Hayat hakk\u0131nda bilmeniz gereken \u00e7ok fazla \u015fey var ve hepsi de iyi \u015feyler. Hatta iyiden de \u00f6te! Ola\u011fan\u00fcst\u00fc! Hayat, sizin d\u00fc\u015f\u00fcnd\u00fc\u011f\u00fcn\u00fczden \u00e7ok daha kolay. Hayat\u0131n i\u015fleyi\u015fini ve i\u00e7inizdeki G\u00fc\u00e7\u2019\u00fc anlamaya ba\u015flad\u0131\u011f\u0131n\u0131zda, hayat\u0131n s\u0131n\u0131rs\u0131z sihrini tadacaks\u0131n\u0131z ve sonras\u0131nda muhte\u015fem bir hayat\u0131n\u0131z olacak!   B\u0131rak\u0131n hayat\u0131n\u0131z\u0131n sihri ba\u015flas\u0131n. ThePower\u2019dan. ThePower hakk\u0131nda daha fazla bilgi i\u00e7in  www.thesecret.tv adresini ziyaret edebilirsiniz. Elinizde tuttu\u011funuz bu kitap evrenin en b\u00fcy\u00fck g\u00fcc\u00fcn\u00fc a\u00e7\u0131kl\u0131yor. \u0130stedi\u011finiz her \u015feye ula\u015fmak i\u00e7in ihtiyac\u0131n\u0131z olan tek \u015fey ThePower. G\u00fc\u00e7. Power olmasayd\u0131 do\u011famazd\u0131n\u0131z.   Power olmasayd\u0131 gezegende tek bir insan bile olmazd\u0131. Her ke\u015fif, her icat ve her insan\u0131n varl\u0131\u011f\u0131Power\u2019dan geliyor. Kusursuz sa\u011fl\u0131k, harika ili\u015fkiler, sevdi\u011finiz bir kariyer, mutlulukla dolu bir hayat, istedi\u011finiz her \u015feyi yapabilece\u011finiz, istedi\u011finiz her \u015feye sahip olabilece\u011finiz, istedi\u011finiz ki\u015fi olabilece\u011finiz kadar para&#8230; Hepsi Power\u2019dan geliyor.   Hayallerinizdeki hayat size sand\u0131\u011f\u0131n\u0131zdan daha yak\u0131n. Hep \u00f6yleydi. \u00c7\u00fcnk\u00fc hayattaki t\u00fcm iyiliklere sahip olmak i\u00e7in gereken Power i\u00e7inizde. Herhangi bir \u015feyi yaratmak, herhangi bir \u015feyi de\u011fi\u015ftirmek\u2026 Hepsi i\u00e7in tek bir \u015feye ihtiyac\u0131n\u0131z var. POWER. G\u00dc\u00c7.. <\/p>\n","protected":false},"excerpt":{"rendered":"<p>Harika bir hayat\u0131 hakediyorsunuzBu kitapta sizlere m\u00fckemmel bir hayata giden yolu g\u00f6stermek istiyorum. Hayat hakk\u0131nda bilmeniz gereken \u00e7ok fazla \u015fey var ve hepsi de iyi \u015feyler.<span class=\"excerpt-hellip\"> [\u2026]<\/span><\/p>\n","protected":false},"featured_media":0,"template":"","meta":{"_monsterinsights_skip_tracking":false,"_monsterinsights_sitenote_active":false,"_monsterinsights_sitenote_note":"","_monsterinsights_sitenote_category":0},"product_brand":[],"product_cat":[12365,12364],"product_tag":[],"class_list":{"0":"post-776100","1":"product","2":"type-product","3":"status-publish","5":"product_cat-diger-genel-konular","6":"product_cat-genel-konular","7":"pa_cilt-ciltli","8":"pa_tur-kitap","9":"pa_yayinevi-artemis-yayinlari","10":"pa_yazar-rhonda-byrne","12":"first","13":"instock","14":"sale","15":"shipping-taxable","16":"purchasable","17":"product-type-simple"},"_links":{"self":[{"href":"https:\/\/roveyayinevi.com.tr\/index.php\/wp-json\/wp\/v2\/product\/776100","targetHints":{"allow":["GET"]}}],"collection":[{"href":"https:\/\/roveyayinevi.com.tr\/index.php\/wp-json\/wp\/v2\/product"}],"about":[{"href":"https:\/\/roveyayinevi.com.tr\/index.php\/wp-json\/wp\/v2\/types\/product"}],"wp:attachment":[{"href":"https:\/\/roveyayinevi.com.tr\/index.php\/wp-json\/wp\/v2\/media?parent=776100"}],"wp:term":[{"taxonomy":"product_brand","embeddable":true,"href":"https:\/\/roveyayinevi.com.tr\/index.php\/wp-json\/wp\/v2\/product_brand?post=776100"},{"taxonomy":"product_cat","embeddable":true,"href":"https:\/\/roveyayinevi.com.tr\/index.php\/wp-json\/wp\/v2\/product_cat?post=776100"},{"taxonomy":"product_tag","embeddable":true,"href":"https:\/\/roveyayinevi.com.tr\/index.php\/wp-json\/wp\/v2\/product_tag?post=776100"}],"curies":[{"name":"wp","href":"https:\/\/api.w.org\/{rel}","templated":true}]}}