{"id":776096,"date":"2025-09-19T17:11:06","date_gmt":"2025-09-19T14:11:06","guid":{"rendered":"https:\/\/roveyayinevi.com.tr\/index.php\/urun\/kenan-sofuoglu\/"},"modified":"2026-04-15T03:42:37","modified_gmt":"2026-04-15T00:42:37","slug":"kenan-sofuoglu","status":"publish","type":"product","link":"https:\/\/roveyayinevi.com.tr\/index.php\/urun\/kenan-sofuoglu\/","title":{"rendered":"Kenan Sofuo\u011flu"},"content":{"rendered":"<p>Kenan Sofuo\u011flu, sadece bir yar\u0131\u015f\u00e7\u0131 de\u011fil; kararl\u0131l\u0131kla yaz\u0131lm\u0131\u015f bir hayat\u0131n ad\u0131d\u0131r.At\u00f6lye kokulu bir \u00e7ocukluktan d\u00fcnya \u015fampiyonluklar\u0131na, ac\u0131 kay\u0131plardan \u00f6rnek bir liderli\u011fe uzanan bu yolculuk; h\u0131zla de\u011fil, sab\u0131rla, inan\u00e7la ve duru\u015fla \u015fekillendi.Bu kitap, pistte kazan\u0131lan zaferlerin \u00f6tesinde,bir karakterin nas\u0131l in\u015fa edildi\u011fini, bir hayat\u0131n gen\u00e7lere nas\u0131l yol g\u00f6sterdi\u011fini anlat\u0131yor.Kenan Sofuo\u011flu\u2019nun hik\u00e2yesi, yaln\u0131zca ge\u00e7mi\u015fi de\u011fil;gelece\u011fi \u015fekillendiren bir ilhamd\u0131r.Ve bu sayfalarda, o ilham\u0131n izleri sizi bekliyor.<\/p>\n","protected":false},"excerpt":{"rendered":"<p>Kenan Sofuo\u011flu, sadece bir yar\u0131\u015f\u00e7\u0131 de\u011fil; kararl\u0131l\u0131kla yaz\u0131lm\u0131\u015f bir hayat\u0131n ad\u0131d\u0131r.At\u00f6lye kokulu bir \u00e7ocukluktan d\u00fcnya \u015fampiyonluklar\u0131na, ac\u0131 kay\u0131plardan \u00f6rnek bir liderli\u011fe uzanan bu yolculuk; h\u0131zla de\u011fil,<span class=\"excerpt-hellip\"> [\u2026]<\/span><\/p>\n","protected":false},"featured_media":0,"template":"","meta":{"_monsterinsights_skip_tracking":false,"_monsterinsights_sitenote_active":false,"_monsterinsights_sitenote_note":"","_monsterinsights_sitenote_category":0},"product_brand":[],"product_cat":[14009,12291],"product_tag":[],"class_list":{"0":"post-776096","1":"product","2":"type-product","3":"status-publish","5":"product_cat-biyografi-otobiyografi-edebiyat","6":"product_cat-edebiyat","7":"pa_cilt-ciltsiz","8":"pa_tur-kitap","9":"pa_yayinevi-saga-kitap","10":"pa_yazar-kerem-tek","12":"first","13":"instock","14":"sale","15":"shipping-taxable","16":"purchasable","17":"product-type-simple"},"_links":{"self":[{"href":"https:\/\/roveyayinevi.com.tr\/index.php\/wp-json\/wp\/v2\/product\/776096","targetHints":{"allow":["GET"]}}],"collection":[{"href":"https:\/\/roveyayinevi.com.tr\/index.php\/wp-json\/wp\/v2\/product"}],"about":[{"href":"https:\/\/roveyayinevi.com.tr\/index.php\/wp-json\/wp\/v2\/types\/product"}],"wp:attachment":[{"href":"https:\/\/roveyayinevi.com.tr\/index.php\/wp-json\/wp\/v2\/media?parent=776096"}],"wp:term":[{"taxonomy":"product_brand","embeddable":true,"href":"https:\/\/roveyayinevi.com.tr\/index.php\/wp-json\/wp\/v2\/product_brand?post=776096"},{"taxonomy":"product_cat","embeddable":true,"href":"https:\/\/roveyayinevi.com.tr\/index.php\/wp-json\/wp\/v2\/product_cat?post=776096"},{"taxonomy":"product_tag","embeddable":true,"href":"https:\/\/roveyayinevi.com.tr\/index.php\/wp-json\/wp\/v2\/product_tag?post=776096"}],"curies":[{"name":"wp","href":"https:\/\/api.w.org\/{rel}","templated":true}]}}