{"id":776090,"date":"2025-09-19T17:10:57","date_gmt":"2025-09-19T14:10:57","guid":{"rendered":"https:\/\/roveyayinevi.com.tr\/index.php\/urun\/hakka-adanmis-kalem\/"},"modified":"2026-04-15T03:42:37","modified_gmt":"2026-04-15T00:42:37","slug":"hakka-adanmis-kalem","status":"publish","type":"product","link":"https:\/\/roveyayinevi.com.tr\/index.php\/urun\/hakka-adanmis-kalem\/","title":{"rendered":"Hakk\u2019a Adanm\u0131\u015f Kalem"},"content":{"rendered":"<p>Bir kalem d\u00fc\u015f\u00fcn\u00fcn; nefsin de\u011fil, Hakk\u2019\u0131n izinde y\u00fcr\u00fcyen. Bu kitap, yaln\u0131zca yaz\u0131lm\u0131\u015f c\u00fcmlelerin de\u011fil; ya\u015fanm\u0131\u015f bir \u00f6mr\u00fcn, hissedilmi\u015f iman\u0131n ve omuzlanm\u0131\u015f bir sorumlulu\u011fun eseridir. \u201cHakk\u2019a Adanm\u0131\u015f Kalem\u201d, bir yazar\u0131n de\u011fil; bir \u00fcmmet ferdinin, hakikatin sesi olma gayretidir. Sat\u0131rlara s\u0131\u011fd\u0131r\u0131lan dualar, suskun \u00e7a\u011flara hayk\u0131r\u0131lan hakikatler ve unutulmu\u015f de\u011ferlerin yeniden in\u015fas\u0131\u2026 Bu kitapta, hem Kur\u2019an\u2019\u0131n ayd\u0131nl\u0131\u011f\u0131n\u0131 hem s\u00fcnnetin izini, hem mazlumun feryad\u0131n\u0131 hem \u00fcmmetin yitirdi\u011fi dirili\u015f ruhunu bulacaks\u0131n\u0131z. Yazmak burada sadece bir eylem de\u011fil, bir \u015fahitliktir. Mazluma, hakikate, adalete, karde\u015fli\u011fe ve yeniden dirili\u015fe bir \u00e7a\u011fr\u0131d\u0131r. Her b\u00f6l\u00fcm, \u00e7a\u011f\u0131n gafletine kar\u015f\u0131 bir uyar\u0131; her c\u00fcmle, y\u00fcre\u011fiyle d\u00fc\u015f\u00fcnen ve kalbiyle g\u00f6renlere bir davettir. Bu eser, sadece ge\u00e7mi\u015fi anlatmaz; gelece\u011fi in\u015fa etmek isteyenlere de ilham verir. \u00c7\u00fcnk\u00fc bu kalem; susturulmu\u015f hakikati hayk\u0131rmak, unutturulmu\u015f de\u011ferleri hat\u0131rlatmak ve Hakk\u2019\u0131n r\u0131zas\u0131n\u0131 aramak i\u00e7in adanm\u0131\u015ft\u0131r. <\/p>\n","protected":false},"excerpt":{"rendered":"<p>Bir kalem d\u00fc\u015f\u00fcn\u00fcn; nefsin de\u011fil, Hakk\u2019\u0131n izinde y\u00fcr\u00fcyen. Bu kitap, yaln\u0131zca yaz\u0131lm\u0131\u015f c\u00fcmlelerin de\u011fil; ya\u015fanm\u0131\u015f bir \u00f6mr\u00fcn, hissedilmi\u015f iman\u0131n ve omuzlanm\u0131\u015f bir sorumlulu\u011fun eseridir. \u201cHakk\u2019a Adanm\u0131\u015f<span class=\"excerpt-hellip\"> [\u2026]<\/span><\/p>\n","protected":false},"featured_media":0,"template":"","meta":{"_monsterinsights_skip_tracking":false,"_monsterinsights_sitenote_active":false,"_monsterinsights_sitenote_note":"","_monsterinsights_sitenote_category":0},"product_brand":[],"product_cat":[12718,12719],"product_tag":[],"class_list":{"0":"post-776090","1":"product","2":"type-product","3":"status-publish","5":"product_cat-din","6":"product_cat-islam","7":"pa_cilt-ciltsiz","8":"pa_tur-kitap","9":"pa_yayinevi-kalem-lugat-yayincilik","10":"pa_yazar-zubeyt-bozkurt","12":"first","13":"instock","14":"sale","15":"shipping-taxable","16":"purchasable","17":"product-type-simple"},"_links":{"self":[{"href":"https:\/\/roveyayinevi.com.tr\/index.php\/wp-json\/wp\/v2\/product\/776090","targetHints":{"allow":["GET"]}}],"collection":[{"href":"https:\/\/roveyayinevi.com.tr\/index.php\/wp-json\/wp\/v2\/product"}],"about":[{"href":"https:\/\/roveyayinevi.com.tr\/index.php\/wp-json\/wp\/v2\/types\/product"}],"wp:attachment":[{"href":"https:\/\/roveyayinevi.com.tr\/index.php\/wp-json\/wp\/v2\/media?parent=776090"}],"wp:term":[{"taxonomy":"product_brand","embeddable":true,"href":"https:\/\/roveyayinevi.com.tr\/index.php\/wp-json\/wp\/v2\/product_brand?post=776090"},{"taxonomy":"product_cat","embeddable":true,"href":"https:\/\/roveyayinevi.com.tr\/index.php\/wp-json\/wp\/v2\/product_cat?post=776090"},{"taxonomy":"product_tag","embeddable":true,"href":"https:\/\/roveyayinevi.com.tr\/index.php\/wp-json\/wp\/v2\/product_tag?post=776090"}],"curies":[{"name":"wp","href":"https:\/\/api.w.org\/{rel}","templated":true}]}}