{"id":776084,"date":"2025-09-19T17:10:47","date_gmt":"2025-09-19T14:10:47","guid":{"rendered":"https:\/\/roveyayinevi.com.tr\/index.php\/urun\/reiki\/"},"modified":"2025-09-29T07:27:42","modified_gmt":"2025-09-29T04:27:42","slug":"reiki","status":"publish","type":"product","link":"https:\/\/roveyayinevi.com.tr\/index.php\/urun\/reiki\/","title":{"rendered":"Reiki"},"content":{"rendered":"<p>Bu kitap, Reiki&#8217;nin sa\u011fl\u0131k \u00fczerindeki g\u00fc\u00e7l\u00fc etkilerini ke\u015ffetmek isteyen herkese y\u00f6nelik bir rehberdir. Reiki, Japon k\u00f6kenli bir enerji \u015fifa tekni\u011fi olup, bedenin, zihnin ve ruhun dengeye ula\u015fmas\u0131n\u0131 sa\u011flayan bir y\u00f6ntem olarak binlerce y\u0131ld\u0131r kullan\u0131lmaktad\u0131r. Reiki, sadece bir \u015fifa arac\u0131 de\u011fil, ayn\u0131 zamanda spirit\u00fcel bir yolculuk, ki\u015fisel geli\u015fim ve i\u00e7sel dengeyi bulma s\u00fcrecidir. Sa\u011fl\u0131k, bedenin fiziksel iyili\u011finden daha fazlas\u0131d\u0131r; zihin, duygu ve ruhsal denge de bu iyili\u011fin ayr\u0131lmaz par\u00e7alar\u0131d\u0131r. Reiki, t\u00fcm bu unsurlar\u0131n bir b\u00fct\u00fcn olarak iyile\u015ftirilmesini ama\u00e7lar. Bu kitapta, Reiki&#8217;nin her bir v\u00fccut sistemi \u00fczerindeki etkilerini detayl\u0131 bir \u015fekilde inceleyece\u011fiz. Her bir sistemin, Reiki enerjisiyle nas\u0131l dengeye kavu\u015ftu\u011fu ve \u015fifaland\u0131\u011f\u0131na dair bilgiler sunulacakt\u0131r. Ayr\u0131ca, Reiki uygulamalar\u0131n\u0131n do\u011fru pozisyonlar\u0131, bedenin \u00e7e\u015fitli b\u00f6lgelerindeki enerji ak\u0131\u015f\u0131n\u0131 nas\u0131l destekledi\u011fi ve \u015fifa s\u00fcre\u00e7lerini nas\u0131l h\u0131zland\u0131rd\u0131\u011f\u0131 da ele al\u0131nacakt\u0131r. Reiki, basit bir uygulama gibi g\u00f6r\u00fcnse de, derinlemesine anla\u015f\u0131ld\u0131\u011f\u0131nda, enerji sistemlerini dengeleme ve iyile\u015ftirme noktas\u0131nda son derece g\u00fc\u00e7l\u00fc bir ara\u00e7t\u0131r. Her bir Reiki seans\u0131, ki\u015finin bedeninin do\u011fal iyile\u015fme kapasitesini art\u0131rarak, ona i\u00e7sel bir denge ve huzur sa\u011flar.  Bu kitap, Reiki&#8217;nin sa\u011fl\u0131k \u00fczerindeki mucizevi etkilerini ke\u015ffetmek ve ya\u015fam kalitesini art\u0131rmak isteyen herkes i\u00e7in bir kaynak olmay\u0131 ama\u00e7lamaktad\u0131r. Reiki&#8217;yi do\u011fru bir \u015fekilde uygulad\u0131\u011f\u0131n\u0131zda, sa\u011fl\u0131\u011f\u0131n\u0131z\u0131 iyile\u015ftirebilir, enerjinizi dengeleyebilir ve hayat\u0131n\u0131za huzur katabilirsiniz. Her sayfas\u0131, bu kadim \u015fifa sanat\u0131n\u0131 daha derin bir \u015fekilde anlaman\u0131z\u0131 sa\u011flayacak ve sizlere ya\u015fam\u0131n\u0131zdaki dengeyi yeniden kurma yolunda rehberlik edecektir.<\/p>\n","protected":false},"excerpt":{"rendered":"<p>Bu kitap, Reiki&#8217;nin sa\u011fl\u0131k \u00fczerindeki g\u00fc\u00e7l\u00fc etkilerini ke\u015ffetmek isteyen herkese y\u00f6nelik bir rehberdir. Reiki, Japon k\u00f6kenli bir enerji \u015fifa tekni\u011fi olup, bedenin, zihnin ve ruhun dengeye<span class=\"excerpt-hellip\"> [\u2026]<\/span><\/p>\n","protected":false},"featured_media":0,"template":"","meta":{"_monsterinsights_skip_tracking":false,"_monsterinsights_sitenote_active":false,"_monsterinsights_sitenote_note":"","_monsterinsights_sitenote_category":0},"product_brand":[],"product_cat":[13365,19822],"product_tag":[],"class_list":{"0":"post-776084","1":"product","2":"type-product","3":"status-publish","5":"product_cat-saglik","6":"product_cat-yoga-meditasyon","7":"pa_cilt-ciltsiz","8":"pa_tur-kitap","9":"pa_yayinevi-platform-yayinlari","10":"pa_yazar-terasa-collins","12":"first","13":"instock","14":"sale","15":"shipping-taxable","16":"purchasable","17":"product-type-simple"},"_links":{"self":[{"href":"https:\/\/roveyayinevi.com.tr\/index.php\/wp-json\/wp\/v2\/product\/776084","targetHints":{"allow":["GET"]}}],"collection":[{"href":"https:\/\/roveyayinevi.com.tr\/index.php\/wp-json\/wp\/v2\/product"}],"about":[{"href":"https:\/\/roveyayinevi.com.tr\/index.php\/wp-json\/wp\/v2\/types\/product"}],"wp:attachment":[{"href":"https:\/\/roveyayinevi.com.tr\/index.php\/wp-json\/wp\/v2\/media?parent=776084"}],"wp:term":[{"taxonomy":"product_brand","embeddable":true,"href":"https:\/\/roveyayinevi.com.tr\/index.php\/wp-json\/wp\/v2\/product_brand?post=776084"},{"taxonomy":"product_cat","embeddable":true,"href":"https:\/\/roveyayinevi.com.tr\/index.php\/wp-json\/wp\/v2\/product_cat?post=776084"},{"taxonomy":"product_tag","embeddable":true,"href":"https:\/\/roveyayinevi.com.tr\/index.php\/wp-json\/wp\/v2\/product_tag?post=776084"}],"curies":[{"name":"wp","href":"https:\/\/api.w.org\/{rel}","templated":true}]}}