{"id":776080,"date":"2025-09-19T17:10:39","date_gmt":"2025-09-19T14:10:39","guid":{"rendered":"https:\/\/roveyayinevi.com.tr\/index.php\/urun\/suskun-cografyanin-direnisi\/"},"modified":"2026-04-15T03:42:36","modified_gmt":"2026-04-15T00:42:36","slug":"suskun-cografyanin-direnisi","status":"publish","type":"product","link":"https:\/\/roveyayinevi.com.tr\/index.php\/urun\/suskun-cografyanin-direnisi\/","title":{"rendered":"Suskun Co\u011frafyan\u0131n Direni\u015fi"},"content":{"rendered":"<p>Bu kitap, Do\u011fu Anadolu\u2019nun zorlu do\u011fas\u0131nda b\u00fcy\u00fcyen k\u0131z \u00e7ocuklar\u0131n\u0131n gizli kalan hayallerine ve m\u00fccadelelerine ses oluyor. D\u00fcnyaya gelir gelmez \u201cel kap\u0131s\u0131\u201d say\u0131lan, oyuncaklar\u0131 olmayan, d\u00fc\u015f kurmas\u0131 bile ay\u0131planan o \u00e7ocuklar\u0131n; i\u00e7lerindeki umudu ve direnci anlat\u0131yor. K\u00f6ylerde, kar f\u0131rt\u0131nas\u0131nda, zor \u015fartlar alt\u0131nda okula gitmeye \u00e7al\u0131\u015fan; e\u011fitim hakk\u0131 i\u00e7in sessizce sava\u015fan k\u0131zlar\u0131n hik\u00e2yeleri, ki\u015fisel tan\u0131kl\u0131klarla ve derin g\u00f6zlemlerle hayat buluyor. Bu sat\u0131rlarda sadece ge\u00e7mi\u015f de\u011fil, ayn\u0131 zamanda de\u011fi\u015fim ve umut dolu bir gelecek i\u00e7in yaz\u0131lm\u0131\u015f bir \u00e7a\u011fr\u0131 var. Her sayfas\u0131, bir \u00e7ocu\u011fun hayat\u0131nda a\u00e7an k\u00fc\u00e7\u00fck bir \u00e7i\u00e7ek gibi&#8230; Bu kitap, k\u0131z \u00e7ocuklar\u0131n\u0131n sesi, y\u00fcre\u011fi ve umududur. <\/p>\n","protected":false},"excerpt":{"rendered":"<p>Bu kitap, Do\u011fu Anadolu\u2019nun zorlu do\u011fas\u0131nda b\u00fcy\u00fcyen k\u0131z \u00e7ocuklar\u0131n\u0131n gizli kalan hayallerine ve m\u00fccadelelerine ses oluyor. D\u00fcnyaya gelir gelmez \u201cel kap\u0131s\u0131\u201d say\u0131lan, oyuncaklar\u0131 olmayan, d\u00fc\u015f kurmas\u0131<span class=\"excerpt-hellip\"> [\u2026]<\/span><\/p>\n","protected":false},"featured_media":0,"template":"","meta":{"_monsterinsights_skip_tracking":false,"_monsterinsights_sitenote_active":false,"_monsterinsights_sitenote_note":"","_monsterinsights_sitenote_category":0},"product_brand":[],"product_cat":[14009,12291],"product_tag":[],"class_list":{"0":"post-776080","1":"product","2":"type-product","3":"status-publish","5":"product_cat-biyografi-otobiyografi-edebiyat","6":"product_cat-edebiyat","7":"pa_cilt-ciltsiz","8":"pa_tur-kitap","9":"pa_yayinevi-kalyora-yayincilik","10":"pa_yazar-sevcan-yilmaz-kurt","12":"first","13":"instock","14":"sale","15":"shipping-taxable","16":"purchasable","17":"product-type-simple"},"_links":{"self":[{"href":"https:\/\/roveyayinevi.com.tr\/index.php\/wp-json\/wp\/v2\/product\/776080","targetHints":{"allow":["GET"]}}],"collection":[{"href":"https:\/\/roveyayinevi.com.tr\/index.php\/wp-json\/wp\/v2\/product"}],"about":[{"href":"https:\/\/roveyayinevi.com.tr\/index.php\/wp-json\/wp\/v2\/types\/product"}],"wp:attachment":[{"href":"https:\/\/roveyayinevi.com.tr\/index.php\/wp-json\/wp\/v2\/media?parent=776080"}],"wp:term":[{"taxonomy":"product_brand","embeddable":true,"href":"https:\/\/roveyayinevi.com.tr\/index.php\/wp-json\/wp\/v2\/product_brand?post=776080"},{"taxonomy":"product_cat","embeddable":true,"href":"https:\/\/roveyayinevi.com.tr\/index.php\/wp-json\/wp\/v2\/product_cat?post=776080"},{"taxonomy":"product_tag","embeddable":true,"href":"https:\/\/roveyayinevi.com.tr\/index.php\/wp-json\/wp\/v2\/product_tag?post=776080"}],"curies":[{"name":"wp","href":"https:\/\/api.w.org\/{rel}","templated":true}]}}