{"id":776076,"date":"2025-09-19T17:10:32","date_gmt":"2025-09-19T14:10:32","guid":{"rendered":"https:\/\/roveyayinevi.com.tr\/index.php\/urun\/farkli-degilim\/"},"modified":"2026-04-15T03:42:36","modified_gmt":"2026-04-15T00:42:36","slug":"farkli-degilim","status":"publish","type":"product","link":"https:\/\/roveyayinevi.com.tr\/index.php\/urun\/farkli-degilim\/","title":{"rendered":"Farkl\u0131 De\u011filim"},"content":{"rendered":"<p>\u201cBen farkl\u0131 de\u011filim\u2026 Sadece siz, al\u0131\u015ft\u0131\u011f\u0131n\u0131z\u0131n d\u0131\u015f\u0131nda birini g\u00f6rd\u00fc\u011f\u00fcn\u00fczde bana \u2018farkl\u0131\u2019 diyorsunuz.\u201d Elif\u2019in hik\u00e2yesi, sessizlikten anlam \u00e7\u0131karman\u0131n, renklerle konu\u015fman\u0131n ve \u00f6nyarg\u0131lara ra\u011fmen kendi yolunu bulman\u0131n \u00f6yk\u00fcs\u00fc. Toplumun \u201ctuhaf\u201d, \u201cgarip\u201d ya da \u201c\u00f6zel\u201d diye etiketledi\u011fi yerde, o asl\u0131nda hep ayn\u0131yd\u0131: Tam, g\u00fc\u00e7l\u00fc ve kendine \u00f6zg\u00fc. Farkl\u0131 De\u011filim, kal\u0131plar\u0131n \u00f6tesine ge\u00e7en, duyulmayan seslere kulak veren ve ger\u00e7ek kabul\u00fcn ne oldu\u011funu hat\u0131rlatan bir ya\u015fam anlat\u0131s\u0131. Bu kitap, sadece otizm \u00fczerine de\u011fil; insan olman\u0131n, anla\u015f\u0131lman\u0131n ve sevilmenin evrensel hik\u00e2yesi. <\/p>\n","protected":false},"excerpt":{"rendered":"<p>\u201cBen farkl\u0131 de\u011filim\u2026 Sadece siz, al\u0131\u015ft\u0131\u011f\u0131n\u0131z\u0131n d\u0131\u015f\u0131nda birini g\u00f6rd\u00fc\u011f\u00fcn\u00fczde bana \u2018farkl\u0131\u2019 diyorsunuz.\u201d Elif\u2019in hik\u00e2yesi, sessizlikten anlam \u00e7\u0131karman\u0131n, renklerle konu\u015fman\u0131n ve \u00f6nyarg\u0131lara ra\u011fmen kendi yolunu bulman\u0131n \u00f6yk\u00fcs\u00fc.<span class=\"excerpt-hellip\"> [\u2026]<\/span><\/p>\n","protected":false},"featured_media":0,"template":"","meta":{"_monsterinsights_skip_tracking":false,"_monsterinsights_sitenote_active":false,"_monsterinsights_sitenote_note":"","_monsterinsights_sitenote_category":0},"product_brand":[],"product_cat":[12274,12284],"product_tag":[],"class_list":{"0":"post-776076","1":"product","2":"type-product","3":"status-publish","5":"product_cat-cocuk-ve-genclik-kitaplari","6":"product_cat-hikayeler","7":"pa_cilt-ciltsiz","8":"pa_tur-kitap","9":"pa_yayinevi-kalyora-yayincilik","10":"pa_yazar-selahattin-simsek","12":"first","13":"instock","14":"sale","15":"shipping-taxable","16":"purchasable","17":"product-type-simple"},"_links":{"self":[{"href":"https:\/\/roveyayinevi.com.tr\/index.php\/wp-json\/wp\/v2\/product\/776076","targetHints":{"allow":["GET"]}}],"collection":[{"href":"https:\/\/roveyayinevi.com.tr\/index.php\/wp-json\/wp\/v2\/product"}],"about":[{"href":"https:\/\/roveyayinevi.com.tr\/index.php\/wp-json\/wp\/v2\/types\/product"}],"wp:attachment":[{"href":"https:\/\/roveyayinevi.com.tr\/index.php\/wp-json\/wp\/v2\/media?parent=776076"}],"wp:term":[{"taxonomy":"product_brand","embeddable":true,"href":"https:\/\/roveyayinevi.com.tr\/index.php\/wp-json\/wp\/v2\/product_brand?post=776076"},{"taxonomy":"product_cat","embeddable":true,"href":"https:\/\/roveyayinevi.com.tr\/index.php\/wp-json\/wp\/v2\/product_cat?post=776076"},{"taxonomy":"product_tag","embeddable":true,"href":"https:\/\/roveyayinevi.com.tr\/index.php\/wp-json\/wp\/v2\/product_tag?post=776076"}],"curies":[{"name":"wp","href":"https:\/\/api.w.org\/{rel}","templated":true}]}}