{"id":776069,"date":"2025-09-19T17:10:19","date_gmt":"2025-09-19T14:10:19","guid":{"rendered":"https:\/\/roveyayinevi.com.tr\/index.php\/urun\/kozmos-1-ari-kovani-ve-sinek\/"},"modified":"2026-04-15T03:42:35","modified_gmt":"2026-04-15T00:42:35","slug":"kozmos-1-ari-kovani-ve-sinek","status":"publish","type":"product","link":"https:\/\/roveyayinevi.com.tr\/index.php\/urun\/kozmos-1-ari-kovani-ve-sinek\/","title":{"rendered":"Kozmos 1 &#8211; Ar\u0131 Kovan\u0131 ve Sinek"},"content":{"rendered":"<p>EL\u0130T A\u0130LELER\u0130N ZEK\u0130 \u00c7OCUKLARI ARASINDA KURULAN H\u0130YERAR\u015e\u0130, G\u00dc\u00c7 SAVA\u015eLARI VE SOSYETEN\u0130N KARANLIK SIRLARI\u2026Neva Koleji; g\u00f6rkemli binas\u0131, k\u00f6kl\u00fc ge\u00e7mi\u015fi ve y\u00fcksek duvarlar\u0131n\u0131n ard\u0131na gizledi\u011fi s\u0131rlar\u0131na ra\u011fmen y\u0131llar i\u00e7inde kazand\u0131\u011f\u0131 itibar\u0131n\u0131 korumay\u0131 ba\u015farm\u0131\u015ft\u0131r. Bu prestijli okul, d\u0131\u015f d\u00fcnya i\u00e7in her zaman merak uyand\u0131ran bir cazibe merkezi olmu\u015f, i\u00e7erideki g\u00f6r\u00fcnmez d\u00fczen ise yaln\u0131zca se\u00e7ilmi\u015f olanlar\u0131n bildi\u011fi bir oyuna d\u00f6n\u00fc\u015fm\u00fc\u015ft\u00fcr.Fakat yeni okul y\u0131l\u0131yla birlikte ortaya \u00e7\u0131kan KAOS isimli bir sanal oyun uygulamas\u0131, t\u00fcm dengeleri alt\u00fcst edecek; Neva Koleji\u2019ni geri d\u00f6n\u00fc\u015f\u00fc zor bir \u00e7\u0131kmaz\u0131n e\u015fi\u011fine getirerek uzun s\u00fcredir sakl\u0131 kalan s\u0131rlar\u0131 g\u00fcn y\u00fcz\u00fcne \u00e7\u0131karacakt\u0131r.                                               1.B\u00d6L\u00dcM: MEL\u0130NA                               \u201cAr\u0131 Kovan\u0131 ve Sinek\u201dMelina; i\u00e7ine kapan\u0131k, kendi d\u00fcnyas\u0131nda ya\u015fayan, ge\u00e7mi\u015finden ve gelece\u011finden korkan s\u0131rad\u0131\u015f\u0131 bir gen\u00e7 k\u0131zd\u0131r. Onu Neva Koleji\u2019ne ba\u011flayan tek \u015fey, okulun pop\u00fcler \u00f6\u011frencisi Ar\u0131n\u2019d\u0131r. Y\u0131llar boyunca onu uzaktan izlemi\u015f, sessizce b\u00fcy\u00fctt\u00fc\u011f\u00fc hayranl\u0131k zamanla tehlikeli bir saplant\u0131ya d\u00f6n\u00fc\u015fm\u00fc\u015ft\u00fcr. Bir g\u00fcn Ar\u0131n\u2019\u0131n \u00e7evresine a\u00e7\u0131lan gizemli bir davetiye eline ge\u00e7ti\u011finde, bu masum saplant\u0131 karanl\u0131k bir boyut kazan\u0131r ve onu gizli bir \u201ckul\u00fcbe\u201d ve tehlikeli oyunlara s\u00fcr\u00fckler.Dizi format\u0131nda kurgulanm\u0131\u015f, g\u00f6rsel bir d\u00fcnyan\u0131n sahne sahne anlat\u0131ld\u0131\u011f\u0131 benzersiz bir roman deneyimi: Sineroman.Karakterlerin ruh h\u00e2llerini, \u00e7at\u0131\u015fmalar\u0131n\u0131 ve sahnelerini \u00e2deta bir kamera e\u015fli\u011finde takip edecek, her sayfada sinematik bir anlat\u0131m\u0131n i\u00e7inde kaybolacaks\u0131n\u0131z.Her sayfa, bir sahne gibi; her karakter, kendi rol\u00fcn\u00fc oynuyor.Y\u00f6netmen ise sizsiniz!<\/p>\n","protected":false},"excerpt":{"rendered":"<p>EL\u0130T A\u0130LELER\u0130N ZEK\u0130 \u00c7OCUKLARI ARASINDA KURULAN H\u0130YERAR\u015e\u0130, G\u00dc\u00c7 SAVA\u015eLARI VE SOSYETEN\u0130N KARANLIK SIRLARI\u2026Neva Koleji; g\u00f6rkemli binas\u0131, k\u00f6kl\u00fc ge\u00e7mi\u015fi ve y\u00fcksek duvarlar\u0131n\u0131n ard\u0131na gizledi\u011fi s\u0131rlar\u0131na ra\u011fmen y\u0131llar<span class=\"excerpt-hellip\"> [\u2026]<\/span><\/p>\n","protected":false},"featured_media":0,"template":"","meta":{"_monsterinsights_skip_tracking":false,"_monsterinsights_sitenote_active":false,"_monsterinsights_sitenote_note":"","_monsterinsights_sitenote_category":0},"product_brand":[],"product_cat":[12291,12711],"product_tag":[],"class_list":{"0":"post-776069","1":"product","2":"type-product","3":"status-publish","5":"product_cat-edebiyat","6":"product_cat-roman-oyku","7":"pa_cilt-ciltsiz","8":"pa_tur-kitap","9":"pa_yayinevi-epsilon-yayinlari","10":"pa_yazar-busra-yilmaz","12":"first","13":"instock","14":"sale","15":"shipping-taxable","16":"purchasable","17":"product-type-simple"},"_links":{"self":[{"href":"https:\/\/roveyayinevi.com.tr\/index.php\/wp-json\/wp\/v2\/product\/776069","targetHints":{"allow":["GET"]}}],"collection":[{"href":"https:\/\/roveyayinevi.com.tr\/index.php\/wp-json\/wp\/v2\/product"}],"about":[{"href":"https:\/\/roveyayinevi.com.tr\/index.php\/wp-json\/wp\/v2\/types\/product"}],"wp:attachment":[{"href":"https:\/\/roveyayinevi.com.tr\/index.php\/wp-json\/wp\/v2\/media?parent=776069"}],"wp:term":[{"taxonomy":"product_brand","embeddable":true,"href":"https:\/\/roveyayinevi.com.tr\/index.php\/wp-json\/wp\/v2\/product_brand?post=776069"},{"taxonomy":"product_cat","embeddable":true,"href":"https:\/\/roveyayinevi.com.tr\/index.php\/wp-json\/wp\/v2\/product_cat?post=776069"},{"taxonomy":"product_tag","embeddable":true,"href":"https:\/\/roveyayinevi.com.tr\/index.php\/wp-json\/wp\/v2\/product_tag?post=776069"}],"curies":[{"name":"wp","href":"https:\/\/api.w.org\/{rel}","templated":true}]}}