{"id":776066,"date":"2025-09-19T17:10:13","date_gmt":"2025-09-19T14:10:13","guid":{"rendered":"https:\/\/roveyayinevi.com.tr\/index.php\/urun\/siirin-olay-ufku\/"},"modified":"2026-04-15T03:42:35","modified_gmt":"2026-04-15T00:42:35","slug":"siirin-olay-ufku","status":"publish","type":"product","link":"https:\/\/roveyayinevi.com.tr\/index.php\/urun\/siirin-olay-ufku\/","title":{"rendered":"\u015eiirin Olay Ufku"},"content":{"rendered":"<p>\u00d6zellikle deneysel \u015fiir alan\u0131ndaki \u00e7al\u0131\u015fmalar\u0131yla \u00f6ne \u00e7\u0131kan, 2017 Mehmet H. Do\u011fan \u015eiir \u0130nceleme \u00d6d\u00fcl\u00fc ve 2025 Heimrad B\u00e4cker Deneme \u00d6d\u00fcl\u00fc\u2019n\u00fcn sahibi \u00e7evirmen ve deneme yazar\u0131 Erhan Altan\u2019\u0131n literat\u00fcre katk\u0131 sa\u011flayacak bir \u00e7al\u0131\u015fmas\u0131 daha okuruyla bulu\u015fuyor. \u0130lk dura\u011f\u0131 \u201cs\u00f6z\u201dden, dilin betimleme kuvvetinden yola \u00e7\u0131k\u0131p kasideye, oradan soneye, modern \u015fiire varan, b\u00f6ylece co\u011frafyalar ve k\u00fclt\u00fcrler aras\u0131 bir ara\u015ft\u0131rmaya d\u00f6n\u00fc\u015fen \u015eiirin Olay Ufku \u2013 Bir Paradigma De\u011fi\u015fimi, \u015fiirin d\u00fc\u015f\u00fcnsel ara\u00e7lar\u0131na, uya\u011fa ve artlamaya odaklan\u0131yor; yaz\u0131 ile g\u00f6rsellik ili\u015fkisine temaslar ve etkile\u015fimler \u00fczerinden bakmaya imk\u00e2n tan\u0131yor.   \u015eair, nesib\u2019de olu\u015fan k\u00f6t\u00fcmser ve h\u00fcz\u00fcnl\u00fc havay\u0131, toplumun de\u011ferlerini idrak etti\u011fi m\u00fcr\u00fcvvet\u2019e kanaat getirmesiyle a\u015far. Ben ise tam tersini yapt\u0131m, kasidenin de\u011ferlerini sorgulamaya, d\u00fczenini de\u015fifre etmeye \u00e7al\u0131\u015ft\u0131m. <\/p>\n","protected":false},"excerpt":{"rendered":"<p>\u00d6zellikle deneysel \u015fiir alan\u0131ndaki \u00e7al\u0131\u015fmalar\u0131yla \u00f6ne \u00e7\u0131kan, 2017 Mehmet H. Do\u011fan \u015eiir \u0130nceleme \u00d6d\u00fcl\u00fc ve 2025 Heimrad B\u00e4cker Deneme \u00d6d\u00fcl\u00fc\u2019n\u00fcn sahibi \u00e7evirmen ve deneme yazar\u0131 Erhan<span class=\"excerpt-hellip\"> [\u2026]<\/span><\/p>\n","protected":false},"featured_media":0,"template":"","meta":{"_monsterinsights_skip_tracking":false,"_monsterinsights_sitenote_active":false,"_monsterinsights_sitenote_note":"","_monsterinsights_sitenote_category":0},"product_brand":[],"product_cat":[12777,12291],"product_tag":[],"class_list":{"0":"post-776066","1":"product","2":"type-product","3":"status-publish","5":"product_cat-deneme","6":"product_cat-edebiyat","7":"pa_cilt-ciltsiz","8":"pa_tur-kitap","9":"pa_yayinevi-everest-yayinlari","10":"pa_yazar-erhan-altan","12":"first","13":"instock","14":"sale","15":"shipping-taxable","16":"purchasable","17":"product-type-simple"},"_links":{"self":[{"href":"https:\/\/roveyayinevi.com.tr\/index.php\/wp-json\/wp\/v2\/product\/776066","targetHints":{"allow":["GET"]}}],"collection":[{"href":"https:\/\/roveyayinevi.com.tr\/index.php\/wp-json\/wp\/v2\/product"}],"about":[{"href":"https:\/\/roveyayinevi.com.tr\/index.php\/wp-json\/wp\/v2\/types\/product"}],"wp:attachment":[{"href":"https:\/\/roveyayinevi.com.tr\/index.php\/wp-json\/wp\/v2\/media?parent=776066"}],"wp:term":[{"taxonomy":"product_brand","embeddable":true,"href":"https:\/\/roveyayinevi.com.tr\/index.php\/wp-json\/wp\/v2\/product_brand?post=776066"},{"taxonomy":"product_cat","embeddable":true,"href":"https:\/\/roveyayinevi.com.tr\/index.php\/wp-json\/wp\/v2\/product_cat?post=776066"},{"taxonomy":"product_tag","embeddable":true,"href":"https:\/\/roveyayinevi.com.tr\/index.php\/wp-json\/wp\/v2\/product_tag?post=776066"}],"curies":[{"name":"wp","href":"https:\/\/api.w.org\/{rel}","templated":true}]}}