{"id":776065,"date":"2025-09-19T17:10:12","date_gmt":"2025-09-19T14:10:12","guid":{"rendered":"https:\/\/roveyayinevi.com.tr\/index.php\/urun\/a-tuba-okseye-armagan-kizilirmaktan-firat-ve-dicleye-kulturlerin-ve-uygarliklarin-izinde-sivama-cilt\/"},"modified":"2026-04-15T03:42:35","modified_gmt":"2026-04-15T00:42:35","slug":"a-tuba-okseye-armagan-kizilirmaktan-firat-ve-dicleye-kulturlerin-ve-uygarliklarin-izinde-sivama-cilt","status":"publish","type":"product","link":"https:\/\/roveyayinevi.com.tr\/index.php\/urun\/a-tuba-okseye-armagan-kizilirmaktan-firat-ve-dicleye-kulturlerin-ve-uygarliklarin-izinde-sivama-cilt\/","title":{"rendered":"A. Tuba \u00d6kse&#8217;ye Arma\u011fan: K\u0131z\u0131l\u0131rmak&#8217;tan F\u0131rat ve Dicle&#8217;ye: K\u00fclt\u00fcrlerin ve Uygarl\u0131klar\u0131n \u0130zinde (S\u0131vama Cilt)"},"content":{"rendered":"<p>. Tuba \u00d6kse\u2019ye Arma\u011fan: K\u00fclt\u00fcrlerin ve Uygarl\u0131klar\u0131n \u0130zinde \/ Studies in Honour A. Tuba \u00d6kse: From the Halys to Tigris and Euphrates and Tigris: In the Footsteps of Cultures and Civilization   Bilgin K\u00fclt\u00fcr sSanat Yay\u0131nlar\u0131 taraf\u0131ndan yay\u0131mlanan \u201cA. Tuba \u00d6kse\u2019ye Arma\u011fan: K\u00fclt\u00fcrlerin ve Uygarl\u0131klar\u0131n \u0130zinde \/ Studies in Honour A. Tuba \u00d6kse: From the Halys to Tigris and Euphrates and Tigris: In the Footsteps of Cultures and Civilization\u201d ba\u015fl\u0131kl\u0131 kitap, kaz\u0131 ve ara\u015ft\u0131rmalar\u0131 ile Anadolu arkeolojisine b\u00fcy\u00fck katk\u0131lar sunan Prof. Dr. Ay\u015fe Tuba \u00d6kse\u2019nin onuruna \u00f6\u011frencileri ve meslekta\u015flar\u0131 taraf\u0131ndan haz\u0131rlanm\u0131\u015ft\u0131r.  Kitapta, 96 ara\u015ft\u0131rmac\u0131 taraf\u0131ndan haz\u0131rlanan arkeoloji bilimi ve multi-disipliner \u00e7al\u0131\u015fmalar ile ilgili 66 ara\u015ft\u0131rma makalesi ile g\u00fcncel di\u011fer konularda haz\u0131rlanm\u0131\u015f 2 yaz\u0131 yer almaktad\u0131r. Epipaleolitik, Neolitik, Kalkolitik, Erken Tun\u00e7 \u00c7a\u011f\u0131, Orta Tun\u00e7 \u00c7a\u011f\u0131, Ge\u00e7 Tun\u00e7 \u00c7a\u011f\u0131, Demir \u00c7a\u011f\u0131, Helenistik-Roma d\u00f6nemleri ve Orta\u00e7a\u011f ile ilgili, b\u00fcy\u00fck b\u00f6l\u00fcm\u00fc saha \u00e7al\u0131\u015fmalar\u0131na dayanan,  pi\u015fmi\u015f toprak kaplar, pi\u015fmi\u015f toprak fig\u00fcrinler, mimari \u00f6\u011feler, m\u00fch\u00fcrler, aletler, sistrumlar, idoller ve madeni bir kaptan olu\u015fan malzeme k\u00fclt\u00fcr\u00fc ile ma\u011fara duvar resimleri gibi tasvirli sanat eserleri, , inan\u00e7 k\u00fclt\u00fcr\u00fc, k\u00fclt\u00fcrel ve toplumsal yap\u0131lar, \u00f6l\u00fc g\u00f6mme gelenekleri ve b\u00f6lgeler aras\u0131 k\u00fclt\u00fcrel ili\u015fkilerin ele al\u0131nd\u0131\u011f\u0131 ara\u015ft\u0131rma makaleleri bilim d\u00fcnyas\u0131na yeni ve kapsaml\u0131 bilgiler sunmaktad\u0131r. Kitapta ayr\u0131ca son kaz\u0131 ve y\u00fczey ara\u015ft\u0131rmas\u0131 sonu\u00e7lar\u0131 ile birlikte arkeobotanik, biyoarkeoloji, jeoarkeoloji, zooarkeoloji ve yaz\u0131l\u0131 belgelere dayanan filolojik de\u011ferlendirmelerden olu\u015fan de\u011ferli multi-disiplner \u00e7al\u0131\u015fmalar bilim d\u00fcnyas\u0131 ile payla\u015f\u0131lm\u0131\u015ft\u0131r. Kitapta yer alan makaleler \u0130ngilizce ya da T\u00fcrk\u00e7e olarak haz\u0131rlanm\u0131\u015f, her makalenin di\u011fer dilde \u00f6zeti sunulmu\u015ftur. <\/p>\n","protected":false},"excerpt":{"rendered":"<p>. Tuba \u00d6kse\u2019ye Arma\u011fan: K\u00fclt\u00fcrlerin ve Uygarl\u0131klar\u0131n \u0130zinde \/ Studies in Honour A. Tuba \u00d6kse: From the Halys to Tigris and Euphrates and Tigris: In the<span class=\"excerpt-hellip\"> [\u2026]<\/span><\/p>\n","protected":false},"featured_media":0,"template":"","meta":{"_monsterinsights_skip_tracking":false,"_monsterinsights_sitenote_active":false,"_monsterinsights_sitenote_note":"","_monsterinsights_sitenote_category":0},"product_brand":[],"product_cat":[141304],"product_tag":[],"class_list":{"0":"post-776065","1":"product","2":"type-product","3":"status-publish","5":"product_cat-yeni-cikanlar","6":"pa_cilt-ciltli","7":"pa_tur-kitap","8":"pa_yayinevi-bilgin-kultur-sanat","9":"pa_yazar-kolektif","11":"first","12":"instock","13":"sale","14":"shipping-taxable","15":"purchasable","16":"product-type-simple"},"_links":{"self":[{"href":"https:\/\/roveyayinevi.com.tr\/index.php\/wp-json\/wp\/v2\/product\/776065","targetHints":{"allow":["GET"]}}],"collection":[{"href":"https:\/\/roveyayinevi.com.tr\/index.php\/wp-json\/wp\/v2\/product"}],"about":[{"href":"https:\/\/roveyayinevi.com.tr\/index.php\/wp-json\/wp\/v2\/types\/product"}],"wp:attachment":[{"href":"https:\/\/roveyayinevi.com.tr\/index.php\/wp-json\/wp\/v2\/media?parent=776065"}],"wp:term":[{"taxonomy":"product_brand","embeddable":true,"href":"https:\/\/roveyayinevi.com.tr\/index.php\/wp-json\/wp\/v2\/product_brand?post=776065"},{"taxonomy":"product_cat","embeddable":true,"href":"https:\/\/roveyayinevi.com.tr\/index.php\/wp-json\/wp\/v2\/product_cat?post=776065"},{"taxonomy":"product_tag","embeddable":true,"href":"https:\/\/roveyayinevi.com.tr\/index.php\/wp-json\/wp\/v2\/product_tag?post=776065"}],"curies":[{"name":"wp","href":"https:\/\/api.w.org\/{rel}","templated":true}]}}