{"id":776064,"date":"2025-09-19T17:10:11","date_gmt":"2025-09-19T14:10:11","guid":{"rendered":"https:\/\/roveyayinevi.com.tr\/index.php\/urun\/rustem-bozere-armagan\/"},"modified":"2026-04-15T03:42:35","modified_gmt":"2026-04-15T00:42:35","slug":"rustem-bozere-armagan","status":"publish","type":"product","link":"https:\/\/roveyayinevi.com.tr\/index.php\/urun\/rustem-bozere-armagan\/","title":{"rendered":"R\u00fcstem Bozer&#8217;e Arma\u011fan"},"content":{"rendered":"<p>\u00c2deta avu\u00e7lar\u0131m\u0131zdan ak\u0131p giden su mis\u00e2li, zaman\u0131n ve y\u0131llar\u0131n nas\u0131l da \u00e7abuk ge\u00e7ti\u011fini, bu yaz\u0131n\u0131n sat\u0131rlar\u0131 aras\u0131nda kaybolurken daha iyi anlayabiliyorum. Benim, Dil ve Tarih-Co\u011frafya Fak\u00fcltesi\u2019nde 1978 y\u0131l\u0131nda ba\u015flayan \u00f6\u011frencili\u011fim ve ard\u0131ndan 1983 y\u0131l\u0131nda Sanat Tarihi K\u00fcrs\u00fcs\u00fc\u2019nde asistanl\u0131kla devam eden meslek\u00ee kariyerim s\u0131ras\u0131nda tan\u0131\u015ft\u0131\u011f\u0131m ve 1985 y\u0131l\u0131nda onun da k\u00fcrs\u00fcye asistan olarak atanmas\u0131yla, deyim yerindeyse kalp ve kader birli\u011fine d\u00f6n\u00fc\u015fen akademik hayatlar\u0131m\u0131z\u0131n \u015fimdi sonlar\u0131na yakla\u015ft\u0131\u011f\u0131m\u0131z bir an\u2019\u0131nda, R\u00fcstem Bozer hocan\u0131n emeklili\u011fe varan akademik yolculu\u011funun yaz\u0131lmas\u0131 i\u015fini ben \u00fcstlendim. Bu k\u0131sa yaz\u0131n\u0131n, 40 uzun y\u0131l sonra, onun Sanat Tarihi yaz\u0131c\u0131l\u0131\u011f\u0131m\u0131zdaki yerini b\u00fct\u00fcn y\u00f6nleriyle ve \u00e2deta bir \u201croman tad\u0131nda\u201d ortaya koyabilece\u011fi iddias\u0131nda de\u011filim; buna kar\u015f\u0131l\u0131k, \u00e2deta r\u00fczg\u00e2r\u0131n \u00f6n\u00fcne kat\u0131lm\u0131\u015f yapraklara y\u00e2hut suyun \u00fczerine yaz\u0131lm\u0131\u015f yaz\u0131lara benzetti\u011fim ve i\u00e7inde hayalleri, beklentileri, co\u015fkular\u0131, mutluluklar\u0131 ya da hayal k\u0131r\u0131kl\u0131klar\u0131n\u0131, kimbilir belki nedenlerini bile hat\u0131rlamakta g\u00fc\u00e7l\u00fck \u00e7ekece\u011fimiz k\u0131rg\u0131nl\u0131k ve k\u0131zg\u0131nl\u0131klar\u0131 da bar\u0131nd\u0131ran hen\u00fcz yaz\u0131lmam\u0131\u015f hayatlar\u0131m\u0131za d\u00e2ir k\u00fc\u00e7\u00fck de olsa tarihe bir not d\u00fc\u015f\u00fclmesinin gerekli oldu\u011fu kan\u0131s\u0131nday\u0131m. Prof. Dr. Z. Kenan B\u0130L\u0130C\u0130 <\/p>\n","protected":false},"excerpt":{"rendered":"<p>\u00c2deta avu\u00e7lar\u0131m\u0131zdan ak\u0131p giden su mis\u00e2li, zaman\u0131n ve y\u0131llar\u0131n nas\u0131l da \u00e7abuk ge\u00e7ti\u011fini, bu yaz\u0131n\u0131n sat\u0131rlar\u0131 aras\u0131nda kaybolurken daha iyi anlayabiliyorum. Benim, Dil ve Tarih-Co\u011frafya Fak\u00fcltesi\u2019nde<span class=\"excerpt-hellip\"> [\u2026]<\/span><\/p>\n","protected":false},"featured_media":0,"template":"","meta":{"_monsterinsights_skip_tracking":false,"_monsterinsights_sitenote_active":false,"_monsterinsights_sitenote_note":"","_monsterinsights_sitenote_category":0},"product_brand":[],"product_cat":[52477,52478],"product_tag":[],"class_list":{"0":"post-776064","1":"product","2":"type-product","3":"status-publish","5":"product_cat-arastirma","6":"product_cat-arkeoloji","7":"pa_cilt-ciltsiz","8":"pa_tur-kitap","9":"pa_yayinevi-bilgin-kultur-sanat","10":"pa_yazar-kolektif","12":"first","13":"instock","14":"sale","15":"shipping-taxable","16":"purchasable","17":"product-type-simple"},"_links":{"self":[{"href":"https:\/\/roveyayinevi.com.tr\/index.php\/wp-json\/wp\/v2\/product\/776064","targetHints":{"allow":["GET"]}}],"collection":[{"href":"https:\/\/roveyayinevi.com.tr\/index.php\/wp-json\/wp\/v2\/product"}],"about":[{"href":"https:\/\/roveyayinevi.com.tr\/index.php\/wp-json\/wp\/v2\/types\/product"}],"wp:attachment":[{"href":"https:\/\/roveyayinevi.com.tr\/index.php\/wp-json\/wp\/v2\/media?parent=776064"}],"wp:term":[{"taxonomy":"product_brand","embeddable":true,"href":"https:\/\/roveyayinevi.com.tr\/index.php\/wp-json\/wp\/v2\/product_brand?post=776064"},{"taxonomy":"product_cat","embeddable":true,"href":"https:\/\/roveyayinevi.com.tr\/index.php\/wp-json\/wp\/v2\/product_cat?post=776064"},{"taxonomy":"product_tag","embeddable":true,"href":"https:\/\/roveyayinevi.com.tr\/index.php\/wp-json\/wp\/v2\/product_tag?post=776064"}],"curies":[{"name":"wp","href":"https:\/\/api.w.org\/{rel}","templated":true}]}}