{"id":776054,"date":"2025-09-19T17:09:55","date_gmt":"2025-09-19T14:09:55","guid":{"rendered":"https:\/\/roveyayinevi.com.tr\/index.php\/urun\/ve-aska-gore-hictir-hayat\/"},"modified":"2026-04-15T03:42:34","modified_gmt":"2026-04-15T00:42:34","slug":"ve-aska-gore-hictir-hayat","status":"publish","type":"product","link":"https:\/\/roveyayinevi.com.tr\/index.php\/urun\/ve-aska-gore-hictir-hayat\/","title":{"rendered":"Ve A\u015fka G\u00f6re Hi\u00e7tir Hayat"},"content":{"rendered":"<p>Kap\u0131lar tutulmu\u015f neylersin Neylersin i\u00e7erde kalm\u0131\u015f\u0131z Yollar kesilmi\u015f   \u015eehir yenilmi\u015f neylersin A\u00e7l\u0131kt\u0131r ba\u015flam\u0131\u015f   Elde silah kalmam\u0131\u015f neylersin Neylersin karanl\u0131kta bast\u0131rm\u0131\u015f Sevi\u015fmezsin de neylersin <\/p>\n","protected":false},"excerpt":{"rendered":"<p>Kap\u0131lar tutulmu\u015f neylersin Neylersin i\u00e7erde kalm\u0131\u015f\u0131z Yollar kesilmi\u015f \u015eehir yenilmi\u015f neylersin A\u00e7l\u0131kt\u0131r ba\u015flam\u0131\u015f Elde silah kalmam\u0131\u015f neylersin Neylersin karanl\u0131kta bast\u0131rm\u0131\u015f Sevi\u015fmezsin de neylersin<\/p>\n","protected":false},"featured_media":0,"template":"","meta":{"_monsterinsights_skip_tracking":false,"_monsterinsights_sitenote_active":false,"_monsterinsights_sitenote_note":"","_monsterinsights_sitenote_category":0},"product_brand":[],"product_cat":[12291,12509],"product_tag":[],"class_list":{"0":"post-776054","1":"product","2":"type-product","3":"status-publish","5":"product_cat-edebiyat","6":"product_cat-siir","7":"pa_cilt-ciltsiz","8":"pa_tur-kitap","9":"pa_yayinevi-islik-yayinlari","10":"pa_yazar-paul-eluard","12":"first","13":"instock","14":"sale","15":"shipping-taxable","16":"purchasable","17":"product-type-simple"},"_links":{"self":[{"href":"https:\/\/roveyayinevi.com.tr\/index.php\/wp-json\/wp\/v2\/product\/776054","targetHints":{"allow":["GET"]}}],"collection":[{"href":"https:\/\/roveyayinevi.com.tr\/index.php\/wp-json\/wp\/v2\/product"}],"about":[{"href":"https:\/\/roveyayinevi.com.tr\/index.php\/wp-json\/wp\/v2\/types\/product"}],"wp:attachment":[{"href":"https:\/\/roveyayinevi.com.tr\/index.php\/wp-json\/wp\/v2\/media?parent=776054"}],"wp:term":[{"taxonomy":"product_brand","embeddable":true,"href":"https:\/\/roveyayinevi.com.tr\/index.php\/wp-json\/wp\/v2\/product_brand?post=776054"},{"taxonomy":"product_cat","embeddable":true,"href":"https:\/\/roveyayinevi.com.tr\/index.php\/wp-json\/wp\/v2\/product_cat?post=776054"},{"taxonomy":"product_tag","embeddable":true,"href":"https:\/\/roveyayinevi.com.tr\/index.php\/wp-json\/wp\/v2\/product_tag?post=776054"}],"curies":[{"name":"wp","href":"https:\/\/api.w.org\/{rel}","templated":true}]}}