{"id":776052,"date":"2025-09-19T17:09:52","date_gmt":"2025-09-19T14:09:52","guid":{"rendered":"https:\/\/roveyayinevi.com.tr\/index.php\/urun\/hukukun-hukumranligi\/"},"modified":"2026-04-15T03:42:34","modified_gmt":"2026-04-15T00:42:34","slug":"hukukun-hukumranligi","status":"publish","type":"product","link":"https:\/\/roveyayinevi.com.tr\/index.php\/urun\/hukukun-hukumranligi\/","title":{"rendered":"Hukukun H\u00fck\u00fcmranl\u0131\u011f\u0131"},"content":{"rendered":"<p>Hukukun H\u00fck\u00fcmranl\u0131\u011f\u0131, modern hukuk felsefesinin en \u00f6nemli eserlerinden biridir. Ronald Dworkin, bu kitab\u0131nda hukukun yaln\u0131zca kurallardan ibaret olmad\u0131\u011f\u0131n\u0131, ayn\u0131 zamanda ahl\u00e2ki ve siyasi bir yorumlama s\u00fcreci gerektirdi\u011fini savunuyor. \u0130n\u015fai yorum kavram\u0131n\u0131 merkeze alarak, hukukun adalet ve hakkaniyetle i\u00e7 i\u00e7e ge\u00e7ti\u011fini derinlemesine inceliyor. Avukatlar\u0131n ve yarg\u0131\u00e7lar\u0131n, hukuku mekanik bir \u015fekilde uygulamak yerine, onu en iyi anlam\u0131na kavu\u015fturmak i\u00e7in yorumlay\u0131c\u0131 bir \u00e7aba g\u00f6stermesi gerekti\u011fini vurguluyor. Dworkin\u2019in bu \u00e7al\u0131\u015fmas\u0131, hukuk teorisinde pozitivizm ve realizm gibi geleneksel yakla\u015f\u0131mlara meydan okuyarak, hukuku bir b\u00fct\u00fcnl\u00fck meselesi olarak yeniden tan\u0131ml\u0131yor.                   Hem akademisyenler hem de hukuk prati\u011fiyle ilgilenenler i\u00e7in vazge\u00e7ilmez bir kaynak olan Hukukun H\u00fck\u00fcmranl\u0131\u011f\u0131, adalet, e\u015fitlik ve hukukun \u00fcst\u00fcnl\u00fc\u011f\u00fc \u00fczerine \u00f6nemli bir tart\u0131\u015fma sunuyor. <\/p>\n","protected":false},"excerpt":{"rendered":"<p>Hukukun H\u00fck\u00fcmranl\u0131\u011f\u0131, modern hukuk felsefesinin en \u00f6nemli eserlerinden biridir. Ronald Dworkin, bu kitab\u0131nda hukukun yaln\u0131zca kurallardan ibaret olmad\u0131\u011f\u0131n\u0131, ayn\u0131 zamanda ahl\u00e2ki ve siyasi bir yorumlama s\u00fcreci<span class=\"excerpt-hellip\"> [\u2026]<\/span><\/p>\n","protected":false},"featured_media":0,"template":"","meta":{"_monsterinsights_skip_tracking":false,"_monsterinsights_sitenote_active":false,"_monsterinsights_sitenote_note":"","_monsterinsights_sitenote_category":0},"product_brand":[],"product_cat":[15350],"product_tag":[],"class_list":{"0":"post-776052","1":"product","2":"type-product","3":"status-publish","5":"product_cat-hukuk","6":"pa_cilt-ciltsiz","7":"pa_tur-kitap","8":"pa_yayinevi-islik-yayinlari","9":"pa_yazar-ronald-dworkin","11":"first","12":"instock","13":"sale","14":"shipping-taxable","15":"purchasable","16":"product-type-simple"},"_links":{"self":[{"href":"https:\/\/roveyayinevi.com.tr\/index.php\/wp-json\/wp\/v2\/product\/776052","targetHints":{"allow":["GET"]}}],"collection":[{"href":"https:\/\/roveyayinevi.com.tr\/index.php\/wp-json\/wp\/v2\/product"}],"about":[{"href":"https:\/\/roveyayinevi.com.tr\/index.php\/wp-json\/wp\/v2\/types\/product"}],"wp:attachment":[{"href":"https:\/\/roveyayinevi.com.tr\/index.php\/wp-json\/wp\/v2\/media?parent=776052"}],"wp:term":[{"taxonomy":"product_brand","embeddable":true,"href":"https:\/\/roveyayinevi.com.tr\/index.php\/wp-json\/wp\/v2\/product_brand?post=776052"},{"taxonomy":"product_cat","embeddable":true,"href":"https:\/\/roveyayinevi.com.tr\/index.php\/wp-json\/wp\/v2\/product_cat?post=776052"},{"taxonomy":"product_tag","embeddable":true,"href":"https:\/\/roveyayinevi.com.tr\/index.php\/wp-json\/wp\/v2\/product_tag?post=776052"}],"curies":[{"name":"wp","href":"https:\/\/api.w.org\/{rel}","templated":true}]}}