{"id":776047,"date":"2025-09-19T17:09:46","date_gmt":"2025-09-19T14:09:46","guid":{"rendered":"https:\/\/roveyayinevi.com.tr\/index.php\/urun\/bir-psikanalistin-neredeyse-serbest-cagrisimlari\/"},"modified":"2026-04-15T03:42:34","modified_gmt":"2026-04-15T00:42:34","slug":"bir-psikanalistin-neredeyse-serbest-cagrisimlari","status":"publish","type":"product","link":"https:\/\/roveyayinevi.com.tr\/index.php\/urun\/bir-psikanalistin-neredeyse-serbest-cagrisimlari\/","title":{"rendered":"Bir Psikanalistin (Neredeyse) Serbest \u00c7a\u011fr\u0131\u015f\u0131mlar\u0131"},"content":{"rendered":"<p>Ses her zaman bir k\u00f6kene i\u015faret eder. Bu s\u00f6yle\u015fi dizisi boyunca, onun g\u00fc\u00e7l\u00fc sesini duyabildik; uzak bir bilinmezden geliyormu\u015f gibi g\u00f6r\u00fcnen ama yine de \u00e7ok belirgin, berrak bir ses. Bazen h\u00fcz\u00fcnl\u00fc ama asla hayal k\u0131r\u0131kl\u0131\u011f\u0131na u\u011framam\u0131\u015f, yetmi\u015f sekiz ya\u015f\u0131nda zaman\u0131n t\u00fckenmekte oldu\u011funu, hayat\u0131n ak\u0131p gitti\u011fini bilen ve yine de pes etmeyen bir adam\u0131n sesi.   Bu s\u00f6yle\u015filerin amac\u0131, \u00e7a\u011f\u0131m\u0131z\u0131n ku\u015fkusuz en etkili psikanaliz kuramc\u0131lar\u0131ndan olan Andr\u00e9 Green\u2019in \u00e7al\u0131\u015fmalar\u0131 ile ya\u015fam\u0131 aras\u0131nda bir ba\u011f kurmak ve yazar\u0131n psikanalitik s\u00fcrecinin yan\u0131 s\u0131ra kuramsal s\u00fcrecini de tarihsel geli\u015fimi i\u00e7inde anlamakt\u0131. S\u00f6yle\u015filer, duygulan\u0131m\u0131n hakikati, \u00f6\u011fretmen-\u00f6\u011frenci ili\u015fkisi, k\u00f6kenler ve kimlik meselesi, psikiyatri, uygulamal\u0131 psikanaliz ve s\u0131n\u0131rlar\u0131, a\u015fk, \u00f6zg\u00fcrl\u00fck\u00e7\u00fc felsefeler, Lacan\u2019\u0131n etkisi gibi pek \u00e7ok kavram ve konuya yeni bir \u0131\u015f\u0131k tutuyor.   Kitap ayn\u0131 zamanda, benzerlerine art\u0131k pek az rastlanan iki entelekt\u00fcelin psikanaliz oda\u011f\u0131n\u0131 yitirmeden yapt\u0131klar\u0131, resimden edebiyata, n\u00f6robilimden psikiyatriye uzanan, yer yer e\u011flenceli, zengin ve ufuk a\u00e7\u0131c\u0131 bir sohbet olarak da okunabilir. <\/p>\n","protected":false},"excerpt":{"rendered":"<p>Ses her zaman bir k\u00f6kene i\u015faret eder. Bu s\u00f6yle\u015fi dizisi boyunca, onun g\u00fc\u00e7l\u00fc sesini duyabildik; uzak bir bilinmezden geliyormu\u015f gibi g\u00f6r\u00fcnen ama yine de \u00e7ok belirgin,<span class=\"excerpt-hellip\"> [\u2026]<\/span><\/p>\n","protected":false},"featured_media":0,"template":"","meta":{"_monsterinsights_skip_tracking":false,"_monsterinsights_sitenote_active":false,"_monsterinsights_sitenote_note":"","_monsterinsights_sitenote_category":0},"product_brand":[],"product_cat":[141304],"product_tag":[],"class_list":{"0":"post-776047","1":"product","2":"type-product","3":"status-publish","5":"product_cat-yeni-cikanlar","6":"pa_cilt-ciltsiz","7":"pa_tur-kitap","8":"pa_yayinevi-yapi-kredi-yayinlari","9":"pa_yazar-andre-green-maurice-corcos","11":"first","12":"instock","13":"sale","14":"shipping-taxable","15":"purchasable","16":"product-type-simple"},"_links":{"self":[{"href":"https:\/\/roveyayinevi.com.tr\/index.php\/wp-json\/wp\/v2\/product\/776047","targetHints":{"allow":["GET"]}}],"collection":[{"href":"https:\/\/roveyayinevi.com.tr\/index.php\/wp-json\/wp\/v2\/product"}],"about":[{"href":"https:\/\/roveyayinevi.com.tr\/index.php\/wp-json\/wp\/v2\/types\/product"}],"wp:attachment":[{"href":"https:\/\/roveyayinevi.com.tr\/index.php\/wp-json\/wp\/v2\/media?parent=776047"}],"wp:term":[{"taxonomy":"product_brand","embeddable":true,"href":"https:\/\/roveyayinevi.com.tr\/index.php\/wp-json\/wp\/v2\/product_brand?post=776047"},{"taxonomy":"product_cat","embeddable":true,"href":"https:\/\/roveyayinevi.com.tr\/index.php\/wp-json\/wp\/v2\/product_cat?post=776047"},{"taxonomy":"product_tag","embeddable":true,"href":"https:\/\/roveyayinevi.com.tr\/index.php\/wp-json\/wp\/v2\/product_tag?post=776047"}],"curies":[{"name":"wp","href":"https:\/\/api.w.org\/{rel}","templated":true}]}}