{"id":776040,"date":"2025-09-19T17:09:34","date_gmt":"2025-09-19T14:09:34","guid":{"rendered":"https:\/\/roveyayinevi.com.tr\/index.php\/urun\/21-yuzyilda-emperyalizm\/"},"modified":"2026-04-15T03:42:34","modified_gmt":"2026-04-15T00:42:34","slug":"21-yuzyilda-emperyalizm","status":"publish","type":"product","link":"https:\/\/roveyayinevi.com.tr\/index.php\/urun\/21-yuzyilda-emperyalizm\/","title":{"rendered":"21. Y\u00fczy\u0131lda Emperyalizm"},"content":{"rendered":"<p>Emperyalizmin ekonomi politi\u011fine dair kaleme al\u0131nm\u0131\u015f \u00f6zg\u00fcn bir monografi olan 21. Y\u00fczy\u0131lda Emperyalizm, neoliberal k\u00fcreselle\u015fme \u00e7a\u011f\u0131nda merkez kapitalist \u00fclkeler ile d\u00fcnyan\u0131n geri kalan\u0131 aras\u0131ndaki ili\u015fkiye dair ufuk a\u00e7\u0131c\u0131 bir inceleme sunuyor. John Smith, \u201cK\u00fcreselle\u015fme, A\u015f\u0131r\u0131 S\u00f6m\u00fcr\u00fc ve Kapitalizmin Nihai Krizi\u201d alt ba\u015fl\u0131\u011f\u0131n\u0131 ta\u015f\u0131yan kitab\u0131nda, incelikli ve b\u00fct\u00fcnl\u00fckl\u00fc bir Marksist metodolojiyle, g\u00fcndelik ya\u015famda s\u0131k\u00e7a kar\u015f\u0131la\u015ft\u0131\u011f\u0131m\u0131z \u00fcr\u00fcnlerin (ti\u015f\u00f6rt, kahve, iPhone&#8230;) \u00fcretim s\u00fcre\u00e7lerini izleyerek i\u015fe koyuluyor. Bu \u00fcr\u00fcnlerin, K\u00fcresel G\u00fcney\u2019den K\u00fcresel Kuzey\u2019deki ulus\u00f6tesi \u015firketlere nas\u0131l b\u00fcy\u00fck bir de\u011fer aktar\u0131m\u0131 sa\u011flad\u0131\u011f\u0131n\u0131 somut \u00f6rneklerle ortaya koyuyor. Bu ampirik verilerden yola \u00e7\u0131kan Smith, emperyalizmin g\u00fcn\u00fcm\u00fczdeki i\u015fleyi\u015f bi\u00e7imini teorik olarak temellendiriyor. Ona g\u00f6re merkez kapitalist \u00fclkeler art\u0131k yaln\u0131zca asker\u00ee g\u00fc\u00e7 veya do\u011frudan s\u00f6m\u00fcrgecilik yoluyla de\u011fil; piyasa mekanizmalar\u0131 ve d\u00fc\u015f\u00fck \u00fccretli eme\u011fe y\u00f6nelme stratejisi arac\u0131l\u0131\u011f\u0131yla K\u00fcresel G\u00fcney\u2019deki i\u015f\u00e7ilerden y\u00fcksek k\u00e2rlar elde etmektedir. 2017 y\u0131l\u0131nda Paul A. Baran\u2013Paul M. Sweezy \u00d6d\u00fcl\u00fc\u2019ne lay\u0131k g\u00f6r\u00fclen 21. Y\u00fczy\u0131lda Emperyalizm, k\u00fcresel kapitalizmin yap\u0131sal dinamiklerine dair kapsaml\u0131 analizler ve radikal ele\u015ftiriler sunuyor. <\/p>\n","protected":false},"excerpt":{"rendered":"<p>Emperyalizmin ekonomi politi\u011fine dair kaleme al\u0131nm\u0131\u015f \u00f6zg\u00fcn bir monografi olan 21. Y\u00fczy\u0131lda Emperyalizm, neoliberal k\u00fcreselle\u015fme \u00e7a\u011f\u0131nda merkez kapitalist \u00fclkeler ile d\u00fcnyan\u0131n geri kalan\u0131 aras\u0131ndaki ili\u015fkiye dair<span class=\"excerpt-hellip\"> [\u2026]<\/span><\/p>\n","protected":false},"featured_media":0,"template":"","meta":{"_monsterinsights_skip_tracking":false,"_monsterinsights_sitenote_active":false,"_monsterinsights_sitenote_note":"","_monsterinsights_sitenote_category":0},"product_brand":[],"product_cat":[141304],"product_tag":[],"class_list":{"0":"post-776040","1":"product","2":"type-product","3":"status-publish","5":"product_cat-yeni-cikanlar","6":"pa_cilt-ciltsiz","7":"pa_tur-kitap","8":"pa_yayinevi-yordam-kitap","9":"pa_yazar-john-smith","11":"first","12":"instock","13":"sale","14":"shipping-taxable","15":"purchasable","16":"product-type-simple"},"_links":{"self":[{"href":"https:\/\/roveyayinevi.com.tr\/index.php\/wp-json\/wp\/v2\/product\/776040","targetHints":{"allow":["GET"]}}],"collection":[{"href":"https:\/\/roveyayinevi.com.tr\/index.php\/wp-json\/wp\/v2\/product"}],"about":[{"href":"https:\/\/roveyayinevi.com.tr\/index.php\/wp-json\/wp\/v2\/types\/product"}],"wp:attachment":[{"href":"https:\/\/roveyayinevi.com.tr\/index.php\/wp-json\/wp\/v2\/media?parent=776040"}],"wp:term":[{"taxonomy":"product_brand","embeddable":true,"href":"https:\/\/roveyayinevi.com.tr\/index.php\/wp-json\/wp\/v2\/product_brand?post=776040"},{"taxonomy":"product_cat","embeddable":true,"href":"https:\/\/roveyayinevi.com.tr\/index.php\/wp-json\/wp\/v2\/product_cat?post=776040"},{"taxonomy":"product_tag","embeddable":true,"href":"https:\/\/roveyayinevi.com.tr\/index.php\/wp-json\/wp\/v2\/product_tag?post=776040"}],"curies":[{"name":"wp","href":"https:\/\/api.w.org\/{rel}","templated":true}]}}