{"id":776038,"date":"2025-09-19T17:09:30","date_gmt":"2025-09-19T14:09:30","guid":{"rendered":"https:\/\/roveyayinevi.com.tr\/index.php\/urun\/ana-baba-anayasasi\/"},"modified":"2026-04-15T03:42:34","modified_gmt":"2026-04-15T00:42:34","slug":"ana-baba-anayasasi","status":"publish","type":"product","link":"https:\/\/roveyayinevi.com.tr\/index.php\/urun\/ana-baba-anayasasi\/","title":{"rendered":"Ana Baba Anayasas\u0131"},"content":{"rendered":"<p>Xzeka Yay\u0131nlar\u0131 Ana Baba Anayasas\u0131 Rehber Seti   Ebeveyn-\u00e7ocuk ili\u015fkisini g\u00fc\u00e7lendirmek i\u00e7in tasarlanm\u0131\u015f pratik bir ba\u015fucu kayna\u011f\u0131d\u0131r. Yer\u00e7ekimi yasas\u0131ndan ilham alan bu \u00f6zel set, ebeveynlik s\u00fcrecinde temel ilkeleri yal\u0131n ve etkili form\u00fcllerle sunar. Her bir kart, ebeveynin otoritesini do\u011fru \u015fekilde konumland\u0131rmas\u0131na yard\u0131mc\u0131 olurken \u00e7ocuklar\u0131n \u00f6zg\u00fcvenini, i\u00e7sel doyumunu ve ya\u015fam ne\u015fesini destekler.   Ebeveynler i\u00e7in, \u00e7ocuk yeti\u015ftirmede yard\u0131mc\u0131 kitap olarak haz\u0131rlanan Ana Baba Anayasas\u0131; aile i\u00e7indeki \u00e7at\u0131\u015fmalar\u0131 \u00e7\u00f6zmeye, fark\u0131ndal\u0131k kazand\u0131rmaya ve ileti\u015fimi g\u00fc\u00e7lendirmeye y\u00f6nelik g\u00fc\u00e7l\u00fc bir i\u00e7erik sunar. \u00d6zellikle erken \u00e7ocukluk d\u00f6nemi e\u011fitimde rol karma\u015fas\u0131n\u0131n \u00f6n\u00fcne ge\u00e7erek, aileye ve topluma sa\u011fl\u0131kl\u0131 bireyler kazand\u0131rmay\u0131 ama\u00e7lar. Ba\u015fta anne babalar olmak \u00fczere, e\u011fitimciler, pedegoglar ve \u00e7ocuk psikolojisi \u00fczerine \u00e7al\u0131\u015fma yapanlar i\u00e7in \u00f6nerilmektedir.<\/p>\n","protected":false},"excerpt":{"rendered":"<p>Xzeka Yay\u0131nlar\u0131 Ana Baba Anayasas\u0131 Rehber Seti Ebeveyn-\u00e7ocuk ili\u015fkisini g\u00fc\u00e7lendirmek i\u00e7in tasarlanm\u0131\u015f pratik bir ba\u015fucu kayna\u011f\u0131d\u0131r. Yer\u00e7ekimi yasas\u0131ndan ilham alan bu \u00f6zel set, ebeveynlik s\u00fcrecinde temel<span class=\"excerpt-hellip\"> [\u2026]<\/span><\/p>\n","protected":false},"featured_media":0,"template":"","meta":{"_monsterinsights_skip_tracking":false,"_monsterinsights_sitenote_active":false,"_monsterinsights_sitenote_note":"","_monsterinsights_sitenote_category":0},"product_brand":[],"product_cat":[141304],"product_tag":[],"class_list":{"0":"post-776038","1":"product","2":"type-product","3":"status-publish","5":"product_cat-yeni-cikanlar","6":"pa_cilt-ciltsiz","7":"pa_tur-kitap10","8":"pa_yayinevi-xzeka-yayinlari","9":"pa_yazar-hanife-kosar","11":"first","12":"instock","13":"sale","14":"shipping-taxable","15":"purchasable","16":"product-type-simple"},"_links":{"self":[{"href":"https:\/\/roveyayinevi.com.tr\/index.php\/wp-json\/wp\/v2\/product\/776038","targetHints":{"allow":["GET"]}}],"collection":[{"href":"https:\/\/roveyayinevi.com.tr\/index.php\/wp-json\/wp\/v2\/product"}],"about":[{"href":"https:\/\/roveyayinevi.com.tr\/index.php\/wp-json\/wp\/v2\/types\/product"}],"wp:attachment":[{"href":"https:\/\/roveyayinevi.com.tr\/index.php\/wp-json\/wp\/v2\/media?parent=776038"}],"wp:term":[{"taxonomy":"product_brand","embeddable":true,"href":"https:\/\/roveyayinevi.com.tr\/index.php\/wp-json\/wp\/v2\/product_brand?post=776038"},{"taxonomy":"product_cat","embeddable":true,"href":"https:\/\/roveyayinevi.com.tr\/index.php\/wp-json\/wp\/v2\/product_cat?post=776038"},{"taxonomy":"product_tag","embeddable":true,"href":"https:\/\/roveyayinevi.com.tr\/index.php\/wp-json\/wp\/v2\/product_tag?post=776038"}],"curies":[{"name":"wp","href":"https:\/\/api.w.org\/{rel}","templated":true}]}}