{"id":776037,"date":"2025-09-19T17:09:28","date_gmt":"2025-09-19T14:09:28","guid":{"rendered":"https:\/\/roveyayinevi.com.tr\/index.php\/urun\/11-cevher-bir-mucevher\/"},"modified":"2026-04-15T03:42:34","modified_gmt":"2026-04-15T00:42:34","slug":"11-cevher-bir-mucevher","status":"publish","type":"product","link":"https:\/\/roveyayinevi.com.tr\/index.php\/urun\/11-cevher-bir-mucevher\/","title":{"rendered":"11 Cevher Bir M\u00fccevher"},"content":{"rendered":"<p>Xzeka Yay\u0131nlar\u0131 taraf\u0131ndan uzman psikolog deste\u011fiyle haz\u0131rlanan 11 Cevher 1 M\u00fccevher, 4 ya\u015f ve \u00fczeri \u00e7ocuklar i\u00e7in geli\u015ftirilmi\u015f renkli ve e\u011fitici bir kutu oyunudur. 63 karttan olu\u015fan bu \u00f6zel set; psikomotor becerileri, dikkat ve haf\u0131za yetilerini desteklerken, \u00e7ocuklara aile ve arkada\u015flar\u0131yla e\u011flenceli vakit ge\u00e7irme imk\u00e2n\u0131 sunar. Oyun, \u00e7ocuklar\u0131n d\u00fc\u015f\u00fcnme, odaklanma, sezgi ve problem \u00e7\u00f6zme becerilerini keyifli bir \u015fekilde peki\u015ftirir, sosyal ve bili\u015fsel geli\u015fimine katk\u0131 sa\u011flar.   Aile i\u00e7inde, okulda, anaokullar\u0131nda ve kre\u015flerde kullan\u0131labilecek 11 Cevher 1 M\u00fccevher oyun kartlar\u0131, \u00e7ocuklar\u0131n \u00f6\u011frenme s\u00fcrecine oyun yoluyla katk\u0131 sa\u011flayan e\u011flenceli bir e\u011fitim materyalidir. Ayn\u0131 zamanda ebeveynler i\u00e7in \u00e7ocuklar\u0131yla kaliteli zaman ge\u00e7irme f\u0131rsat\u0131 sunarken \u00e7ocuklar i\u00e7in \u00f6\u011frenmeyi de do\u011fal bir s\u00fcre\u00e7 haline getirir. Maarif E\u011fitim modeline uygun olup e\u011fitici ve geli\u015ftirici i\u00e7erikleriyle \u00f6ne \u00e7\u0131kacak, \u00e7ocuk geli\u015fimi alan\u0131nda g\u00fcvenilir bir kaynak niteli\u011fi ta\u015f\u0131yacakt\u0131r.<\/p>\n","protected":false},"excerpt":{"rendered":"<p>Xzeka Yay\u0131nlar\u0131 taraf\u0131ndan uzman psikolog deste\u011fiyle haz\u0131rlanan 11 Cevher 1 M\u00fccevher, 4 ya\u015f ve \u00fczeri \u00e7ocuklar i\u00e7in geli\u015ftirilmi\u015f renkli ve e\u011fitici bir kutu oyunudur. 63 karttan<span class=\"excerpt-hellip\"> [\u2026]<\/span><\/p>\n","protected":false},"featured_media":0,"template":"","meta":{"_monsterinsights_skip_tracking":false,"_monsterinsights_sitenote_active":false,"_monsterinsights_sitenote_note":"","_monsterinsights_sitenote_category":0},"product_brand":[],"product_cat":[12274,24599],"product_tag":[],"class_list":{"0":"post-776037","1":"product","2":"type-product","3":"status-publish","5":"product_cat-cocuk-ve-genclik-kitaplari","6":"product_cat-zeka-gelisimi","7":"pa_cilt-ciltsiz","8":"pa_tur-kitap10","9":"pa_yayinevi-xzeka-yayinlari","10":"pa_yazar-hanife-kosar","12":"first","13":"instock","14":"sale","15":"shipping-taxable","16":"purchasable","17":"product-type-simple"},"_links":{"self":[{"href":"https:\/\/roveyayinevi.com.tr\/index.php\/wp-json\/wp\/v2\/product\/776037","targetHints":{"allow":["GET"]}}],"collection":[{"href":"https:\/\/roveyayinevi.com.tr\/index.php\/wp-json\/wp\/v2\/product"}],"about":[{"href":"https:\/\/roveyayinevi.com.tr\/index.php\/wp-json\/wp\/v2\/types\/product"}],"wp:attachment":[{"href":"https:\/\/roveyayinevi.com.tr\/index.php\/wp-json\/wp\/v2\/media?parent=776037"}],"wp:term":[{"taxonomy":"product_brand","embeddable":true,"href":"https:\/\/roveyayinevi.com.tr\/index.php\/wp-json\/wp\/v2\/product_brand?post=776037"},{"taxonomy":"product_cat","embeddable":true,"href":"https:\/\/roveyayinevi.com.tr\/index.php\/wp-json\/wp\/v2\/product_cat?post=776037"},{"taxonomy":"product_tag","embeddable":true,"href":"https:\/\/roveyayinevi.com.tr\/index.php\/wp-json\/wp\/v2\/product_tag?post=776037"}],"curies":[{"name":"wp","href":"https:\/\/api.w.org\/{rel}","templated":true}]}}