{"id":776036,"date":"2025-09-19T17:09:27","date_gmt":"2025-09-19T14:09:27","guid":{"rendered":"https:\/\/roveyayinevi.com.tr\/index.php\/urun\/kahramanlik-ve-itaat\/"},"modified":"2026-04-15T03:42:34","modified_gmt":"2026-04-15T00:42:34","slug":"kahramanlik-ve-itaat","status":"publish","type":"product","link":"https:\/\/roveyayinevi.com.tr\/index.php\/urun\/kahramanlik-ve-itaat\/","title":{"rendered":"Kahramanl\u0131k ve \u0130taat"},"content":{"rendered":"<p>&#8230; Ye\u015fil\u00e7am, s\u0131n\u0131fsal farkl\u0131l\u0131klar\u0131, \u00fcretti\u011fi bu pop\u00fclist dil \u00fczerinden, geleneksel-modern kar\u015f\u0131tl\u0131\u011f\u0131 \u00fczerinden anlamaya \u00e7al\u0131\u015f\u0131r. Alt s\u0131n\u0131f fakir ama geleneklerine ve aile de\u011ferlerine ba\u011fl\u0131, \u00fcst s\u0131n\u0131f bireyci-kapitalist ve ahlaki olarak yozla\u015fm\u0131\u015f bir kar\u015f\u0131tl\u0131k i\u00e7inde sunulur. B\u00f6ylece bu kitlenin as\u0131l muhatab\u0131 s\u0131n\u0131fsal e\u015fitsizli\u011fin kayna\u011f\u0131 olarak kar\u015f\u0131s\u0131na almas\u0131 gereken bir sistem de\u011fil tek tek bu k\u00f6t\u00fc, d\u0131\u015fsalla\u015ft\u0131r\u0131lan karakterler olur. Sistemle hi\u00e7bir bi\u00e7imde izleyiciyi kar\u015f\u0131 kar\u015f\u0131ya getirmez. \u0130zleyiciye gittik\u00e7e kli\u015fele\u015fmi\u015f ve olduk\u00e7a bildik bir tip g\u00f6sterilir ve o tip bir bi\u00e7imde izleyici kar\u015f\u0131s\u0131nda daha alt daha k\u00fc\u00e7\u00fclt\u00fcc\u00fc bir noktaya indirilir. Sonunda da ondan t\u00fcm bu olumsuzluklar\u0131n intikam\u0131 al\u0131narak izleyici i\u00e7in bir rahatlama sa\u011flanm\u0131\u015f olur. Bu marjinalle\u015ftirilmi\u015f karakterler daha \u00e7ok kad\u0131nd\u0131r ve geleneksel de\u011ferlerden uzakla\u015fm\u0131\u015f, erke\u011fin himayesinden \u00e7\u0131k\u0131p kendine serbest bir alan yaratm\u0131\u015f, bir bi\u00e7imde cinsel tercihlerini geleneksel olan\u0131n d\u0131\u015f\u0131nda olu\u015fturmu\u015f ya da ayn\u0131 milli kimli\u011fi ta\u015f\u0131mayan ahlaki olarak d\u00fc\u015fk\u00fcn, \u00e7irkin, korkak ve daha bir s\u00fcr\u00fc s\u0131ralanabilecek erdemden yoksun d\u00fc\u015fmanlar olarak karakterize edilmi\u015ftir. Bu tipler ayn\u0131 zamanda modern olana kar\u015f\u0131l\u0131k gelen ya da onu temsil eden g\u00f6stergelerle sembolize edilir, iyi olan ise aksine t\u00fcm\u00fcyle bunlar\u0131n kar\u015f\u0131s\u0131nda ve geleneksel olana yak\u0131n bir bak\u0131\u015ftan \u00fcretilir. Bu da modernle\u015fme s\u00fcrecinin temelinde geli\u015fen s\u0131n\u0131fsal farkl\u0131l\u0131klara dayanan bu k\u0131r\u0131lmay\u0131 da a\u00e7\u0131k bir bi\u00e7imde g\u00f6stermektedir. Ancak bu ontolojik kar\u015f\u0131tl\u0131\u011fa ra\u011fmen Ye\u015fil\u00e7am&#8217;\u0131n bat\u0131l\u0131 ya\u015fam\u0131n sembol\u00fc olarak g\u00f6rselle\u015ftirdi\u011fi \u015fehirler ve bu \u015fehirlerin b\u00fcy\u00fcleyici g\u00f6r\u00fcnt\u00fclerinin ard\u0131ndaki refah\u0131n izleyicileri kendine \u00e7eken d\u00fc\u015fsel bir d\u00fcnya yaratt\u0131\u011f\u0131n\u0131 g\u00f6rmek gerekir\u2026<\/p>\n","protected":false},"excerpt":{"rendered":"<p>&#8230; Ye\u015fil\u00e7am, s\u0131n\u0131fsal farkl\u0131l\u0131klar\u0131, \u00fcretti\u011fi bu pop\u00fclist dil \u00fczerinden, geleneksel-modern kar\u015f\u0131tl\u0131\u011f\u0131 \u00fczerinden anlamaya \u00e7al\u0131\u015f\u0131r. Alt s\u0131n\u0131f fakir ama geleneklerine ve aile de\u011ferlerine ba\u011fl\u0131, \u00fcst s\u0131n\u0131f bireyci-kapitalist<span class=\"excerpt-hellip\"> [\u2026]<\/span><\/p>\n","protected":false},"featured_media":0,"template":"","meta":{"_monsterinsights_skip_tracking":false,"_monsterinsights_sitenote_active":false,"_monsterinsights_sitenote_note":"","_monsterinsights_sitenote_category":0},"product_brand":[],"product_cat":[12409,12408],"product_tag":[],"class_list":{"0":"post-776036","1":"product","2":"type-product","3":"status-publish","5":"product_cat-fotograf-sinema-tiyatro","6":"product_cat-sanat","7":"pa_cilt-ciltsiz","8":"pa_tur-kitap","9":"pa_yayinevi-nika-yayinevi","10":"pa_yazar-a-kadir-guneytepe","12":"first","13":"instock","14":"sale","15":"shipping-taxable","16":"purchasable","17":"product-type-simple"},"_links":{"self":[{"href":"https:\/\/roveyayinevi.com.tr\/index.php\/wp-json\/wp\/v2\/product\/776036","targetHints":{"allow":["GET"]}}],"collection":[{"href":"https:\/\/roveyayinevi.com.tr\/index.php\/wp-json\/wp\/v2\/product"}],"about":[{"href":"https:\/\/roveyayinevi.com.tr\/index.php\/wp-json\/wp\/v2\/types\/product"}],"wp:attachment":[{"href":"https:\/\/roveyayinevi.com.tr\/index.php\/wp-json\/wp\/v2\/media?parent=776036"}],"wp:term":[{"taxonomy":"product_brand","embeddable":true,"href":"https:\/\/roveyayinevi.com.tr\/index.php\/wp-json\/wp\/v2\/product_brand?post=776036"},{"taxonomy":"product_cat","embeddable":true,"href":"https:\/\/roveyayinevi.com.tr\/index.php\/wp-json\/wp\/v2\/product_cat?post=776036"},{"taxonomy":"product_tag","embeddable":true,"href":"https:\/\/roveyayinevi.com.tr\/index.php\/wp-json\/wp\/v2\/product_tag?post=776036"}],"curies":[{"name":"wp","href":"https:\/\/api.w.org\/{rel}","templated":true}]}}