{"id":776032,"date":"2025-09-19T17:09:19","date_gmt":"2025-09-19T14:09:19","guid":{"rendered":"https:\/\/roveyayinevi.com.tr\/index.php\/urun\/tilkiden-sinsi-tavsandan-urkek\/"},"modified":"2026-04-15T03:42:33","modified_gmt":"2026-04-15T00:42:33","slug":"tilkiden-sinsi-tavsandan-urkek","status":"publish","type":"product","link":"https:\/\/roveyayinevi.com.tr\/index.php\/urun\/tilkiden-sinsi-tavsandan-urkek\/","title":{"rendered":"Tilkiden Sinsi Tav\u015fandan \u00dcrkek"},"content":{"rendered":"<p>\u201c\u00c7eperden merkeze yerle\u015ftik\u00e7e \u0130sl\u00e2mc\u0131 neoliberal giri\u015fimciler ve siyasi kadrolar\u0131 kapitalizme i\u015ftahla entegre oldular. \u2018A\u011f\u0131r Sanayi\u2019 ve \u2018Adil D\u00fczen\u2019 s\u00f6ylemlerinden kopup piyasadan siyasete uzanan yeni bir me\u015fruiyet k\u00fclt\u00fcr\u00fc in\u015fa etmek i\u00e7in dini ara\u00e7salla\u015ft\u0131r\u0131p kendilerine kat\u0131lanlarla bir t\u00fcr \u0130sl\u00e2mc\u0131l\u0131\u011fa kayd\u0131lar. \u00d6zlemini duyduklar\u0131 gibi yerelde g\u00fc\u00e7lendiler, enerjilerini kamu rant\u0131 dev\u015firmeye ve \u00fclke \u00e7ap\u0131ndaki a\u011flarla d\u0131\u015fa a\u00e7\u0131lmaya harcad\u0131lar. Zamanla da g\u00fcrb\u00fczle\u015fen siyasi merkezin vesayetine boyun e\u011fip rejim ge\u00e7i\u015flerine ve daralan siyasi alana biat ettiler.\u201d Ta\u015fral\u0131 dindar giri\u015fimcilerin y\u00fckseli\u015fi hakk\u0131nda \u00e7ok konu\u015fuldu, saha \u00e7al\u0131\u015fmalar\u0131 yap\u0131ld\u0131, \u201cye\u015fil sermaye\u201d, \u201cAnadolu kaplanlar\u0131\u201d, \u201cM\u00fcsl\u00fcman Kalvinistler\u201d gibi terimler \u00fcretildi. G\u00fcl Berna \u00d6zcan \u201cTilkiden Sinsi, Tav\u015fandan \u00dcrkek\u201d kitab\u0131nda, Anadolulu muhafazak\u00e2r giri\u015fimcilerin \u015firketle\u015fme ve neoliberal kapitalistle\u015fme s\u00fcrecine, yeni, geni\u015f ve b\u00fct\u00fcnl\u00fckl\u00fc bir bak\u0131\u015f getiriyor. Farkl\u0131 b\u00f6lge ve sekt\u00f6rlerde hem g\u00f6r\u00fc\u015fmelere, canl\u0131 g\u00f6zlemlere hem ekonomik verilere, istatistiklere dayanan ara\u015ft\u0131rman\u0131n anahtar kavram\u0131n\u0131n siyasi ba\u011flant\u0131l\u0131 \u015firket oldu\u011fu s\u00f6ylenebilir. Bu kavram, hukuk g\u00fcvencesinin fazlas\u0131yla k\u0131r\u0131lgan oldu\u011fu, yolsuzlu\u011fun adeta kurumsalla\u015ft\u0131\u011f\u0131, imtiyazl\u0131 varl\u0131k ve servet transferlerinin birbirini izledi\u011fi ko\u015fullarda; siyasi kay\u0131rma ili\u015fkilerinin belirleyicili\u011fini vurguluyor. <\/p>\n","protected":false},"excerpt":{"rendered":"<p>\u201c\u00c7eperden merkeze yerle\u015ftik\u00e7e \u0130sl\u00e2mc\u0131 neoliberal giri\u015fimciler ve siyasi kadrolar\u0131 kapitalizme i\u015ftahla entegre oldular. \u2018A\u011f\u0131r Sanayi\u2019 ve \u2018Adil D\u00fczen\u2019 s\u00f6ylemlerinden kopup piyasadan siyasete uzanan yeni bir me\u015fruiyet<span class=\"excerpt-hellip\"> [\u2026]<\/span><\/p>\n","protected":false},"featured_media":0,"template":"","meta":{"_monsterinsights_skip_tracking":false,"_monsterinsights_sitenote_active":false,"_monsterinsights_sitenote_note":"","_monsterinsights_sitenote_category":0},"product_brand":[],"product_cat":[31194,12337],"product_tag":[],"class_list":{"0":"post-776032","1":"product","2":"type-product","3":"status-publish","5":"product_cat-guncel-siyaset","6":"product_cat-politika-siyaset","7":"pa_cilt-ciltsiz","8":"pa_tur-kitap","9":"pa_yayinevi-iletisim-yayinlari","10":"pa_yazar-gul-berna-ozcan","12":"first","13":"instock","14":"sale","15":"shipping-taxable","16":"purchasable","17":"product-type-simple"},"_links":{"self":[{"href":"https:\/\/roveyayinevi.com.tr\/index.php\/wp-json\/wp\/v2\/product\/776032","targetHints":{"allow":["GET"]}}],"collection":[{"href":"https:\/\/roveyayinevi.com.tr\/index.php\/wp-json\/wp\/v2\/product"}],"about":[{"href":"https:\/\/roveyayinevi.com.tr\/index.php\/wp-json\/wp\/v2\/types\/product"}],"wp:attachment":[{"href":"https:\/\/roveyayinevi.com.tr\/index.php\/wp-json\/wp\/v2\/media?parent=776032"}],"wp:term":[{"taxonomy":"product_brand","embeddable":true,"href":"https:\/\/roveyayinevi.com.tr\/index.php\/wp-json\/wp\/v2\/product_brand?post=776032"},{"taxonomy":"product_cat","embeddable":true,"href":"https:\/\/roveyayinevi.com.tr\/index.php\/wp-json\/wp\/v2\/product_cat?post=776032"},{"taxonomy":"product_tag","embeddable":true,"href":"https:\/\/roveyayinevi.com.tr\/index.php\/wp-json\/wp\/v2\/product_tag?post=776032"}],"curies":[{"name":"wp","href":"https:\/\/api.w.org\/{rel}","templated":true}]}}