{"id":776031,"date":"2025-09-19T17:09:18","date_gmt":"2025-09-19T14:09:18","guid":{"rendered":"https:\/\/roveyayinevi.com.tr\/index.php\/urun\/babil-degirmenleri-ve-oteki-ruyalar\/"},"modified":"2026-04-15T03:42:33","modified_gmt":"2026-04-15T00:42:33","slug":"babil-degirmenleri-ve-oteki-ruyalar","status":"publish","type":"product","link":"https:\/\/roveyayinevi.com.tr\/index.php\/urun\/babil-degirmenleri-ve-oteki-ruyalar\/","title":{"rendered":"Babil De\u011firmenleri ve \u00d6teki R\u00fcyalar"},"content":{"rendered":"<p>\u201c\u2026unutmak onun i\u00e7in \u00f6ld\u00fcr\u00fcc\u00fc olabilir ve bu y\u00fczden ge\u00e7mi\u015fi elinde tutmay\u0131 ba\u015farabilirse sonsuza kadar ya\u015fayacakt\u0131r.\u201d Kitab\u0131n\u0131 tekrar c\u00fcbbesinin i\u00e7indeki karanl\u0131\u011fa koydu. Kap\u0131ya y\u00f6neldi. \u00c7\u0131kmadan \u00f6nce Beri\u2019ye son bir c\u00fcmle s\u00f6ylemesini istedim. Beni k\u0131rmad\u0131. \u201cUnutma,\u201d dedi, \u201cbir yaras\u0131n sen de, iyile\u015firsen kaybolursun!\u201d \u00dczerine sis \u00e7\u00f6km\u00fc\u015f gibi silik duran anlar\u0131n pe\u015fine d\u00fc\u015f\u00fcyor A. Hares Yal\u00e7i. Hayat\u0131n \u00e7o\u011fu zaman o anlar\u0131n i\u00e7inde gizli oldu\u011funu hissettiriyor. Ger\u00e7e\u011fin her zaman ilk g\u00f6rd\u00fc\u011f\u00fcm\u00fcz \u015fey olmayabilece\u011finin, hayat\u0131n o b\u00fcy\u00fck \u201cg\u00f6r\u00fcnt\u00fclere\u201d s\u0131zarak ilerledi\u011finin fark\u0131na varm\u0131\u015f karakterler yarat\u0131yor. Babil De\u011firmenleri ve \u00d6teki R\u00fcyalar, hat\u0131rlamakile unutman\u0131n, var olmak ile yok olman\u0131n, endi\u015fe ile kabullenmenin aras\u0131nda gidip gelen \u00f6yk\u00fcler\u2026<\/p>\n","protected":false},"excerpt":{"rendered":"<p>\u201c\u2026unutmak onun i\u00e7in \u00f6ld\u00fcr\u00fcc\u00fc olabilir ve bu y\u00fczden ge\u00e7mi\u015fi elinde tutmay\u0131 ba\u015farabilirse sonsuza kadar ya\u015fayacakt\u0131r.\u201d Kitab\u0131n\u0131 tekrar c\u00fcbbesinin i\u00e7indeki karanl\u0131\u011fa koydu. Kap\u0131ya y\u00f6neldi. \u00c7\u0131kmadan \u00f6nce Beri\u2019ye<span class=\"excerpt-hellip\"> [\u2026]<\/span><\/p>\n","protected":false},"featured_media":0,"template":"","meta":{"_monsterinsights_skip_tracking":false,"_monsterinsights_sitenote_active":false,"_monsterinsights_sitenote_note":"","_monsterinsights_sitenote_category":0},"product_brand":[],"product_cat":[141304],"product_tag":[],"class_list":{"0":"post-776031","1":"product","2":"type-product","3":"status-publish","5":"product_cat-yeni-cikanlar","6":"pa_cilt-ciltsiz","7":"pa_tur-kitap","8":"pa_yayinevi-iletisim-yayinlari","9":"pa_yazar-a-hares-yalci","11":"first","12":"instock","13":"sale","14":"shipping-taxable","15":"purchasable","16":"product-type-simple"},"_links":{"self":[{"href":"https:\/\/roveyayinevi.com.tr\/index.php\/wp-json\/wp\/v2\/product\/776031","targetHints":{"allow":["GET"]}}],"collection":[{"href":"https:\/\/roveyayinevi.com.tr\/index.php\/wp-json\/wp\/v2\/product"}],"about":[{"href":"https:\/\/roveyayinevi.com.tr\/index.php\/wp-json\/wp\/v2\/types\/product"}],"wp:attachment":[{"href":"https:\/\/roveyayinevi.com.tr\/index.php\/wp-json\/wp\/v2\/media?parent=776031"}],"wp:term":[{"taxonomy":"product_brand","embeddable":true,"href":"https:\/\/roveyayinevi.com.tr\/index.php\/wp-json\/wp\/v2\/product_brand?post=776031"},{"taxonomy":"product_cat","embeddable":true,"href":"https:\/\/roveyayinevi.com.tr\/index.php\/wp-json\/wp\/v2\/product_cat?post=776031"},{"taxonomy":"product_tag","embeddable":true,"href":"https:\/\/roveyayinevi.com.tr\/index.php\/wp-json\/wp\/v2\/product_tag?post=776031"}],"curies":[{"name":"wp","href":"https:\/\/api.w.org\/{rel}","templated":true}]}}