{"id":776029,"date":"2025-09-19T17:09:14","date_gmt":"2025-09-19T14:09:14","guid":{"rendered":"https:\/\/roveyayinevi.com.tr\/index.php\/urun\/juettein-tutkusu\/"},"modified":"2026-04-15T03:42:33","modified_gmt":"2026-04-15T00:42:33","slug":"juettein-tutkusu","status":"publish","type":"product","link":"https:\/\/roveyayinevi.com.tr\/index.php\/urun\/juettein-tutkusu\/","title":{"rendered":"Juette&#8217;in Tutkusu"},"content":{"rendered":"<p>\u201cBenim ad\u0131m Juette, art\u0131k ya\u015f\u0131m yok. Alacak bir intikam\u0131m var.\u201d.Ta\u015flar\u0131n Anlatt\u0131\u011f\u0131\u2019yla tan\u0131d\u0131\u011f\u0131m\u0131z ClaraDupont-Monod bu kez ger\u00e7ek bir ya\u015fam\u00f6yk\u00fcs\u00fcnden esinlenerek, hen\u00fcz on \u00fc\u00e7 ya\u015f\u0131ndazorla evlendirilen, istemedi\u011fi halde \u00e7ocuk sahibiolan gen\u00e7 bir k\u0131z\u0131n evlilik kurumuna, patriyarkayave ruhban s\u0131n\u0131f\u0131na sava\u015f a\u00e7mas\u0131n\u0131n hik\u00e2yesinianlat\u0131yor Juette\u2019in Tutkusu\u2019nda. Herkesi kar\u015f\u0131s\u0131naalarak t\u00fcm toplumsal rollerini bir kenara itenJuette, kendi kurtulu\u015funu kendi elleriyle varediyor, kimseye ald\u0131r\u0131\u015f etmeden kendi yolunukendisi \u00e7iziyor.\u201dArt\u0131k kimse beni asla bir odaya g\u00f6t\u00fcrmeyecek.Haf\u0131zamdan silebilece\u011fim utan\u00e7lar\u0131 g\u00f6zdenge\u00e7iriyorum. Hi\u00e7 durmadan ayn\u0131 soru gelipduruyor: Kocam\u0131n, babam\u0131n, papazlar\u0131nhat\u0131ras\u0131ndan nas\u0131l kurtulabilirim? Erkeklerdennas\u0131l kurtulabilirim?\u201c<\/p>\n","protected":false},"excerpt":{"rendered":"<p>\u201cBenim ad\u0131m Juette, art\u0131k ya\u015f\u0131m yok. Alacak bir intikam\u0131m var.\u201d.Ta\u015flar\u0131n Anlatt\u0131\u011f\u0131\u2019yla tan\u0131d\u0131\u011f\u0131m\u0131z ClaraDupont-Monod bu kez ger\u00e7ek bir ya\u015fam\u00f6yk\u00fcs\u00fcnden esinlenerek, hen\u00fcz on \u00fc\u00e7 ya\u015f\u0131ndazorla evlendirilen, istemedi\u011fi halde<span class=\"excerpt-hellip\"> [\u2026]<\/span><\/p>\n","protected":false},"featured_media":0,"template":"","meta":{"_monsterinsights_skip_tracking":false,"_monsterinsights_sitenote_active":false,"_monsterinsights_sitenote_note":"","_monsterinsights_sitenote_category":0},"product_brand":[],"product_cat":[12291,12711],"product_tag":[],"class_list":{"0":"post-776029","1":"product","2":"type-product","3":"status-publish","5":"product_cat-edebiyat","6":"product_cat-roman-oyku","7":"pa_cilt-ciltsiz","8":"pa_tur-kitap","9":"pa_yayinevi-iletisim-yayinlari","10":"pa_yazar-clara-dupont-monod","12":"first","13":"instock","14":"sale","15":"shipping-taxable","16":"purchasable","17":"product-type-simple"},"_links":{"self":[{"href":"https:\/\/roveyayinevi.com.tr\/index.php\/wp-json\/wp\/v2\/product\/776029","targetHints":{"allow":["GET"]}}],"collection":[{"href":"https:\/\/roveyayinevi.com.tr\/index.php\/wp-json\/wp\/v2\/product"}],"about":[{"href":"https:\/\/roveyayinevi.com.tr\/index.php\/wp-json\/wp\/v2\/types\/product"}],"wp:attachment":[{"href":"https:\/\/roveyayinevi.com.tr\/index.php\/wp-json\/wp\/v2\/media?parent=776029"}],"wp:term":[{"taxonomy":"product_brand","embeddable":true,"href":"https:\/\/roveyayinevi.com.tr\/index.php\/wp-json\/wp\/v2\/product_brand?post=776029"},{"taxonomy":"product_cat","embeddable":true,"href":"https:\/\/roveyayinevi.com.tr\/index.php\/wp-json\/wp\/v2\/product_cat?post=776029"},{"taxonomy":"product_tag","embeddable":true,"href":"https:\/\/roveyayinevi.com.tr\/index.php\/wp-json\/wp\/v2\/product_tag?post=776029"}],"curies":[{"name":"wp","href":"https:\/\/api.w.org\/{rel}","templated":true}]}}