{"id":776021,"date":"2025-09-19T17:09:03","date_gmt":"2025-09-19T14:09:03","guid":{"rendered":"https:\/\/roveyayinevi.com.tr\/index.php\/urun\/anne-olmak-2\/"},"modified":"2026-04-15T03:42:33","modified_gmt":"2026-04-15T00:42:33","slug":"anne-olmak-2","status":"publish","type":"product","link":"https:\/\/roveyayinevi.com.tr\/index.php\/urun\/anne-olmak-2\/","title":{"rendered":"Anne Olmak"},"content":{"rendered":"<p>\u201cNormal\u201d do\u011fum, \u201cm\u00fckemmel\u201d annelik, \u201ckutsal\u201d sorumluluk\u2026 Kad\u0131nlara y\u0131llard\u0131r \u00f6\u011fretilen bu kal\u0131plar\u0131n ard\u0131nda yatan ne? Annelik neden y\u00fcceltilirken bir o kadar da yaln\u0131zla\u015ft\u0131r\u0131l\u0131yor? Ve neden \u201cdo\u011fum\u201d bu kadar \u00e7ok konu\u015fulup, bu kadar az anla\u015f\u0131l\u0131yor? Her t\u00fcrl\u00fc d\u00f6n\u00fc\u015ft\u00fcr\u00fcc\u00fc hareketin ilk ad\u0131m\u0131 bilin\u00e7lenmektir. Miras ald\u0131\u011f\u0131m\u0131z yap\u0131lar\u0131 y\u0131kmak i\u00e7in onlar\u0131 \u00f6nce g\u00f6rmemiz gerekir. Pek \u00e7ok kad\u0131n anneli\u011fe ge\u00e7i\u015f s\u00fcrecindeki zorlu m\u00fccadelelerinin kendi zay\u0131fl\u0131klar\u0131n\u0131n bir sonucu oldu\u011funa inan\u0131r. Bu, bir yalan olup, d\u00fcr\u00fcst konu\u015fmaya ve toplumsal de\u011fi\u015fime de engel te\u015fkil eder. Yazar Lucy Jones, ki\u015fisel deneyimlerinden yola \u00e7\u0131karak kaleme ald\u0131\u011f\u0131 Anne Olmak\u2019ta anneli\u011fe ge\u00e7i\u015f s\u00fcrecinin t\u00fcm ilgin\u00e7 detaylar\u0131n\u0131 ve do\u011fum sonras\u0131 psikolojik, biyolojik, toplumsal ve k\u00fclt\u00fcrel katmanlar\u0131n\u0131 cesurca ortaya koyuyor. Toplumun kendisinden beklediklerinin aksine, \u201canne\u201d kelimesinin anlam\u0131n\u0131 kendi terimleriyle yeniden tan\u0131mlarken, hamilelikten do\u011fuma, do\u011fumdan psikolojik iyile\u015fmeye kadar uzanan bu s\u00fcre\u00e7te kad\u0131nlar\u0131n do\u011fru bilgiye, \u015feffaf rehberli\u011fe ve g\u00fc\u00e7l\u00fc bir sosyal destek a\u011f\u0131na eri\u015fiminin hayati \u00f6nemde olmas\u0131n\u0131n da alt\u0131n\u0131 \u00e7iziyor. <\/p>\n","protected":false},"excerpt":{"rendered":"<p>\u201cNormal\u201d do\u011fum, \u201cm\u00fckemmel\u201d annelik, \u201ckutsal\u201d sorumluluk\u2026 Kad\u0131nlara y\u0131llard\u0131r \u00f6\u011fretilen bu kal\u0131plar\u0131n ard\u0131nda yatan ne? Annelik neden y\u00fcceltilirken bir o kadar da yaln\u0131zla\u015ft\u0131r\u0131l\u0131yor? Ve neden \u201cdo\u011fum\u201d bu<span class=\"excerpt-hellip\"> [\u2026]<\/span><\/p>\n","protected":false},"featured_media":0,"template":"","meta":{"_monsterinsights_skip_tracking":false,"_monsterinsights_sitenote_active":false,"_monsterinsights_sitenote_note":"","_monsterinsights_sitenote_category":0},"product_brand":[],"product_cat":[20502,12357],"product_tag":[],"class_list":{"0":"post-776021","1":"product","2":"type-product","3":"status-publish","5":"product_cat-basvuru-kitaplari-psikoloji","6":"product_cat-psikoloji","7":"pa_cilt-ciltsiz","8":"pa_tur-kitap","9":"pa_yayinevi-say-yayinlari","10":"pa_yazar-lucy-jones","12":"first","13":"instock","14":"sale","15":"shipping-taxable","16":"purchasable","17":"product-type-simple"},"_links":{"self":[{"href":"https:\/\/roveyayinevi.com.tr\/index.php\/wp-json\/wp\/v2\/product\/776021","targetHints":{"allow":["GET"]}}],"collection":[{"href":"https:\/\/roveyayinevi.com.tr\/index.php\/wp-json\/wp\/v2\/product"}],"about":[{"href":"https:\/\/roveyayinevi.com.tr\/index.php\/wp-json\/wp\/v2\/types\/product"}],"wp:attachment":[{"href":"https:\/\/roveyayinevi.com.tr\/index.php\/wp-json\/wp\/v2\/media?parent=776021"}],"wp:term":[{"taxonomy":"product_brand","embeddable":true,"href":"https:\/\/roveyayinevi.com.tr\/index.php\/wp-json\/wp\/v2\/product_brand?post=776021"},{"taxonomy":"product_cat","embeddable":true,"href":"https:\/\/roveyayinevi.com.tr\/index.php\/wp-json\/wp\/v2\/product_cat?post=776021"},{"taxonomy":"product_tag","embeddable":true,"href":"https:\/\/roveyayinevi.com.tr\/index.php\/wp-json\/wp\/v2\/product_tag?post=776021"}],"curies":[{"name":"wp","href":"https:\/\/api.w.org\/{rel}","templated":true}]}}