{"id":776015,"date":"2025-09-19T17:08:54","date_gmt":"2025-09-19T14:08:54","guid":{"rendered":"https:\/\/roveyayinevi.com.tr\/index.php\/urun\/antik-misir-mitolojisi\/"},"modified":"2026-04-15T03:42:33","modified_gmt":"2026-04-15T00:42:33","slug":"antik-misir-mitolojisi","status":"publish","type":"product","link":"https:\/\/roveyayinevi.com.tr\/index.php\/urun\/antik-misir-mitolojisi\/","title":{"rendered":"Antik M\u0131s\u0131r Mitolojisi"},"content":{"rendered":"<p>G\u00fcne\u015fin ve Adaletin Tanr\u0131s\u0131; Ra \u00d6l\u00fcler Diyar\u0131\u2019n\u0131n Efendisi; Osiris B\u00fcy\u00fcn\u00fcn ve Ya\u015fam\u0131n Tanr\u0131\u00e7as\u0131; \u0130sis G\u00f6klerin Koruyucusu; Horus Kaosun ve \u00c7\u00f6l\u00fcn Tanr\u0131s\u0131; Seth Bilgeli\u011fin ve Yaz\u0131n\u0131n Tanr\u0131s\u0131; Thot Adaletin ve D\u00fczenin Tanr\u0131\u00e7as\u0131; Ma\u2019at \u00d6l\u00fclerin Kalbini Tartan Tanr\u0131; Anubis     Kronik Kitap Mitoloji Serisi\u2019nin yeni halkas\u0131 Antik M\u0131s\u0131r Mitolojisi, 180\u2019den fazla g\u00f6rseliyle sizi Nil k\u0131y\u0131lar\u0131n\u0131n gizemli tanr\u0131lar\u0131na ve kadim uygarl\u0131\u011f\u0131n b\u00fcy\u00fcleyici atmosferine davet ediyor. Piramitlerin g\u00f6lgesinde \u015fekillenen inan\u00e7lardan, Osiris\u2019in \u00f6l\u00fcm ve yeniden do\u011fu\u015f mitlerine; Ra\u2019n\u0131n g\u00fcne\u015fle b\u00fct\u00fcnle\u015fen yolculu\u011fundan \u0130sis\u2019in koruyucu g\u00fcc\u00fcne kadar M\u0131s\u0131r mitolojisinin en etkileyici hik\u00e2yelerini ad\u0131m ad\u0131m ke\u015ffedeceksiniz.   Yeralt\u0131 d\u00fcnyas\u0131n\u0131n kap\u0131lar\u0131nda yap\u0131lan yarg\u0131 t\u00f6renlerinden firavunlar\u0131n ilahi k\u00f6kenine, kutsal hayvanlar\u0131n s\u0131rlar\u0131ndan b\u00fcy\u00fc dolu papir\u00fcslere kadar sizi mistik bir yolculu\u011fa \u00e7\u0131karan Antik M\u0131s\u0131r Mitolojisi, g\u00f6rselleriyle de benzersiz bir deneyim sunuyor. Her bir g\u00f6rsel, kadim M\u0131s\u0131r\u2019\u0131n b\u00fcy\u00fcl\u00fc ruhunu yakalayarak sizi olaylar\u0131n tam merkezine yerle\u015ftiriyor.   Antik M\u0131s\u0131r Mitolojisi, Antik d\u00fcnyan\u0131n en g\u00fc\u00e7l\u00fc uygarl\u0131klar\u0131ndan birinin mitolojisini anlamak ve tanr\u0131lar\u0131n g\u00f6lgesinde sakl\u0131 bilgeli\u011fi ke\u015ffetmek isteyenler i\u00e7in yaln\u0131zca bir kaynak de\u011fil, ayn\u0131 zamanda e\u015fsiz bir yol arkada\u015f\u0131. Hayal g\u00fcc\u00fcn\u00fcz\u00fc harekete ge\u00e7irecek, sizi Nil\u2019in gizemli k\u0131y\u0131lar\u0131na g\u00f6t\u00fcrecek ve mitolojiyi hissederek ya\u015faman\u0131za olanak tan\u0131yacak bu eser, her k\u00fct\u00fcphanede mutlaka bulunmas\u0131 gereken bir ba\u015fyap\u0131t. <\/p>\n","protected":false},"excerpt":{"rendered":"<p>G\u00fcne\u015fin ve Adaletin Tanr\u0131s\u0131; Ra \u00d6l\u00fcler Diyar\u0131\u2019n\u0131n Efendisi; Osiris B\u00fcy\u00fcn\u00fcn ve Ya\u015fam\u0131n Tanr\u0131\u00e7as\u0131; \u0130sis G\u00f6klerin Koruyucusu; Horus Kaosun ve \u00c7\u00f6l\u00fcn Tanr\u0131s\u0131; Seth Bilgeli\u011fin ve Yaz\u0131n\u0131n Tanr\u0131s\u0131;<span class=\"excerpt-hellip\"> [\u2026]<\/span><\/p>\n","protected":false},"featured_media":0,"template":"","meta":{"_monsterinsights_skip_tracking":false,"_monsterinsights_sitenote_active":false,"_monsterinsights_sitenote_note":"","_monsterinsights_sitenote_category":0},"product_brand":[],"product_cat":[141304],"product_tag":[],"class_list":{"0":"post-776015","1":"product","2":"type-product","3":"status-publish","5":"product_cat-yeni-cikanlar","6":"pa_cilt-ciltsiz","7":"pa_tur-kitap","8":"pa_yayinevi-kronik-kitap","9":"pa_yazar-catherine-chambers","11":"first","12":"instock","13":"sale","14":"shipping-taxable","15":"purchasable","16":"product-type-simple"},"_links":{"self":[{"href":"https:\/\/roveyayinevi.com.tr\/index.php\/wp-json\/wp\/v2\/product\/776015","targetHints":{"allow":["GET"]}}],"collection":[{"href":"https:\/\/roveyayinevi.com.tr\/index.php\/wp-json\/wp\/v2\/product"}],"about":[{"href":"https:\/\/roveyayinevi.com.tr\/index.php\/wp-json\/wp\/v2\/types\/product"}],"wp:attachment":[{"href":"https:\/\/roveyayinevi.com.tr\/index.php\/wp-json\/wp\/v2\/media?parent=776015"}],"wp:term":[{"taxonomy":"product_brand","embeddable":true,"href":"https:\/\/roveyayinevi.com.tr\/index.php\/wp-json\/wp\/v2\/product_brand?post=776015"},{"taxonomy":"product_cat","embeddable":true,"href":"https:\/\/roveyayinevi.com.tr\/index.php\/wp-json\/wp\/v2\/product_cat?post=776015"},{"taxonomy":"product_tag","embeddable":true,"href":"https:\/\/roveyayinevi.com.tr\/index.php\/wp-json\/wp\/v2\/product_tag?post=776015"}],"curies":[{"name":"wp","href":"https:\/\/api.w.org\/{rel}","templated":true}]}}