{"id":776011,"date":"2025-09-19T17:08:47","date_gmt":"2025-09-19T14:08:47","guid":{"rendered":"https:\/\/roveyayinevi.com.tr\/index.php\/urun\/iletisim-donanimlari\/"},"modified":"2026-04-15T03:42:33","modified_gmt":"2026-04-15T00:42:33","slug":"iletisim-donanimlari","status":"publish","type":"product","link":"https:\/\/roveyayinevi.com.tr\/index.php\/urun\/iletisim-donanimlari\/","title":{"rendered":"\u0130leti\u015fim Donan\u0131mlar\u0131"},"content":{"rendered":"<p>\u201cBu kitapta insan\u0131n kendini ve du\u0308nyay\u0131 alg\u0131lamas\u0131n\u0131; kendiyle, toplumla ve du\u0308nyayla ili\u015fki kuru\u015f tarzlar\u0131n\u0131; \u2018can\u2019 dedi\u011fimiz insan\u0131n kendi \u00f6zu\u0308nu\u0308n, \u2018yu\u0308z\u2019 dedi\u011fimiz sosyal du\u0308nyada kendini ifade etmesini anlat\u0131yorum.\u201d\u00beDo\u011fan C\u00dcCELO\u011eLU   Ya\u015fam\u0131n dokusunu insan ili\u015fkileri olu\u015fturur. \u0130ki insan birbirinin fark\u0131na vard\u0131\u011f\u0131 andan itibaren, s\u00f6ylenen ya da s\u00f6ylenmeyen her s\u00f6z\u00fcn, yap\u0131lan ve yap\u0131lmayan her davran\u0131\u015f\u0131n mesaj de\u011feri vard\u0131r. \u00dcstelik sadece bizler birbirimize de\u011fil, i\u00e7inde bulundu\u011fumuz ortamlar da bize mesaj verir. \u0130leti\u015fimin verimsiz oldu\u011fu ailelerde, evliliklerde, okulda ve i\u015f ya\u015fam\u0131nda stres y\u00fckselir; ki\u015filer i\u00e7lerindeki \u201ccan\u201d\u0131 bir maskenin ard\u0131na gizlemek zorunda kal\u0131rlar. \u0130li\u015fkiler zamanla geli\u015fme potansiyelini ve kalitesini kaybeder. Ve ilgin\u00e7 olan \u015fudur: \u0130li\u015fki geli\u015fmeyince ili\u015fki i\u00e7indeki insanlar da geli\u015femez. Oysa anlaml\u0131, gu\u0308\u00e7lu\u0308 ve co\u015fkulu bir ya\u015fam ancak sa\u011fl\u0131kl\u0131 ve nitelikli ili\u015fkilerle m\u00fcmk\u00fcnd\u00fcr. \u0130leti\u015fimin verimli oldu\u011fu ortamlarda insanlar\u0131n stresi azal\u0131r, y\u00fczler g\u00fcler, i\u00e7 ile d\u0131\u015f bir olur. B\u00f6yle ailelerde mutlu \u00e7ocuklar yeti\u015fir, okullarda sorular \u00e7o\u011fal\u0131r, i\u015fyerlerinde verim artar. Toplum da bu bilin\u00e7le daha ileri ta\u015f\u0131n\u0131r. Do\u011fan C\u00fccelo\u011flu, \u0130leti\u015fim Donan\u0131mlar\u0131 kitab\u0131nda yaln\u0131zca kuramsal bilgileri de\u011fil; k\u00fclt\u00fcr\u00fcm\u00fczden canl\u0131 \u00f6rnekleri de payla\u015farak hem bireysel hem toplumsal d\u00fczeyde daha sa\u011fl\u0131kl\u0131 ba\u011flar kurman\u0131n yollar\u0131n\u0131 g\u00f6steriyor. Bu kitap; ailede, e\u011fitimde, i\u015f ortamlar\u0131nda ve hayat\u0131n her alan\u0131nda sa\u011fl\u0131kl\u0131 ve doyumlu ili\u015fkiler kurarak \u201cke\u015fke\u201dsiz bir ya\u015fam in\u015fa etmek isteyen herkes i\u00e7in kaleme al\u0131nd\u0131. <\/p>\n","protected":false},"excerpt":{"rendered":"<p>\u201cBu kitapta insan\u0131n kendini ve du\u0308nyay\u0131 alg\u0131lamas\u0131n\u0131; kendiyle, toplumla ve du\u0308nyayla ili\u015fki kuru\u015f tarzlar\u0131n\u0131; \u2018can\u2019 dedi\u011fimiz insan\u0131n kendi \u00f6zu\u0308nu\u0308n, \u2018yu\u0308z\u2019 dedi\u011fimiz sosyal du\u0308nyada kendini ifade etmesini<span class=\"excerpt-hellip\"> [\u2026]<\/span><\/p>\n","protected":false},"featured_media":0,"template":"","meta":{"_monsterinsights_skip_tracking":false,"_monsterinsights_sitenote_active":false,"_monsterinsights_sitenote_note":"","_monsterinsights_sitenote_category":0},"product_brand":[],"product_cat":[12357],"product_tag":[],"class_list":{"0":"post-776011","1":"product","2":"type-product","3":"status-publish","5":"product_cat-psikoloji","6":"pa_cilt-ciltsiz","7":"pa_tur-kitap","8":"pa_yayinevi-kronik-kitap","9":"pa_yazar-dogan-cuceloglu","11":"first","12":"instock","13":"sale","14":"shipping-taxable","15":"purchasable","16":"product-type-simple"},"_links":{"self":[{"href":"https:\/\/roveyayinevi.com.tr\/index.php\/wp-json\/wp\/v2\/product\/776011","targetHints":{"allow":["GET"]}}],"collection":[{"href":"https:\/\/roveyayinevi.com.tr\/index.php\/wp-json\/wp\/v2\/product"}],"about":[{"href":"https:\/\/roveyayinevi.com.tr\/index.php\/wp-json\/wp\/v2\/types\/product"}],"wp:attachment":[{"href":"https:\/\/roveyayinevi.com.tr\/index.php\/wp-json\/wp\/v2\/media?parent=776011"}],"wp:term":[{"taxonomy":"product_brand","embeddable":true,"href":"https:\/\/roveyayinevi.com.tr\/index.php\/wp-json\/wp\/v2\/product_brand?post=776011"},{"taxonomy":"product_cat","embeddable":true,"href":"https:\/\/roveyayinevi.com.tr\/index.php\/wp-json\/wp\/v2\/product_cat?post=776011"},{"taxonomy":"product_tag","embeddable":true,"href":"https:\/\/roveyayinevi.com.tr\/index.php\/wp-json\/wp\/v2\/product_tag?post=776011"}],"curies":[{"name":"wp","href":"https:\/\/api.w.org\/{rel}","templated":true}]}}