{"id":776010,"date":"2025-09-19T17:08:45","date_gmt":"2025-09-19T14:08:45","guid":{"rendered":"https:\/\/roveyayinevi.com.tr\/index.php\/urun\/filistin-yuz-yillik-savas\/"},"modified":"2026-04-15T03:42:33","modified_gmt":"2026-04-15T00:42:33","slug":"filistin-yuz-yillik-savas","status":"publish","type":"product","link":"https:\/\/roveyayinevi.com.tr\/index.php\/urun\/filistin-yuz-yillik-savas\/","title":{"rendered":"Filistin Y\u00fcz Y\u0131ll\u0131k Sava\u015f"},"content":{"rendered":"<p>Bug\u00fcne kadar kullan\u0131lmam\u0131\u015f zengin ar\u015fiv malzemesinden ve yazar\u0131n aile \u00fcyelerinin (belediye ba\u015fkanlar\u0131, h\u00e2kimler, akademisyenler, diplomatlar ve gazeteciler) nesiller boyu tuttuklar\u0131 raporlardan yararlanan Filistin: Y\u00fcz Y\u0131ll\u0131k Sava\u015f, ayn\u0131 topraklar \u00fczerinde hak iddia eden iki halk aras\u0131ndaki trajik \u00e7at\u0131\u015fmay\u0131 anlat\u0131rken, genel kabul g\u00f6ren yorumlar\u0131n ge\u00e7ersizli\u011fini g\u00f6zler \u00f6n\u00fcne seriyor. D\u00fcnyaca tan\u0131nan bir Ortado\u011fu tarih\u00e7isi olan Rashid Khalidi, \u00f6nce Siyonist hareket, ard\u0131ndan \u0130srail taraf\u0131ndan y\u00fcr\u00fct\u00fclen, \u0130ngiltere ve sonras\u0131nda ABD taraf\u0131ndan desteklenen, Filistinlilere kar\u015f\u0131 y\u00fcr\u00fct\u00fclen y\u00fcz y\u0131ll\u0131k yerle\u015fimci kolonyalist sava\u015f\u0131n izlerini s\u00fcr\u00fcyor. Bir ma\u011fduriyet kroni\u011fi olmayan bu kitap, Filistinli liderlerin hatalar\u0131n\u0131 \u00f6rtbas etmeden, iki tarafta ulusal hareketlerin ortaya \u00e7\u0131k\u0131\u015f\u0131n\u0131 ele al\u0131yor ve g\u00fcn\u00fcm\u00fczde son derece trajik bir evreye giren bu \u00e7at\u0131\u015fmay\u0131 ayd\u0131nlatan yeni bir bak\u0131\u015f a\u00e7\u0131s\u0131 sunuyor. \u201cFilistinlilere kar\u015f\u0131 y\u00fcr\u00fct\u00fclen sava\u015f\u0131, onlar\u0131n m\u00fccadelesine derinlemesine girerek inceleyen ilk eser olan bu kitap, sa\u011flam akademik ara\u015ft\u0131rmalar, canl\u0131 ki\u015fisel deneyimler ve bu son derece e\u015fitsiz \u00e7at\u0131\u015fman\u0131n taraflar\u0131n\u0131n endi\u015fe ve \u00f6zlemlerini keskin bir \u015fekilde kavrayan bir bak\u0131\u015f a\u00e7\u0131s\u0131yla zenginle\u015ftirilmi\u015f, s\u00fcr\u00fckleyici ve \u00f6zg\u00fcn bir \u00e7al\u0131\u015fmad\u0131r.\u201d NOAM CHOMSKY <\/p>\n","protected":false},"excerpt":{"rendered":"<p>Bug\u00fcne kadar kullan\u0131lmam\u0131\u015f zengin ar\u015fiv malzemesinden ve yazar\u0131n aile \u00fcyelerinin (belediye ba\u015fkanlar\u0131, h\u00e2kimler, akademisyenler, diplomatlar ve gazeteciler) nesiller boyu tuttuklar\u0131 raporlardan yararlanan Filistin: Y\u00fcz Y\u0131ll\u0131k Sava\u015f,<span class=\"excerpt-hellip\"> [\u2026]<\/span><\/p>\n","protected":false},"featured_media":0,"template":"","meta":{"_monsterinsights_skip_tracking":false,"_monsterinsights_sitenote_active":false,"_monsterinsights_sitenote_note":"","_monsterinsights_sitenote_category":0},"product_brand":[],"product_cat":[12305,12304],"product_tag":[],"class_list":{"0":"post-776010","1":"product","2":"type-product","3":"status-publish","5":"product_cat-dunya-tarihi","6":"product_cat-tarih","7":"pa_cilt-ciltsiz","8":"pa_tur-kitap","9":"pa_yayinevi-iletisim-yayinlari","10":"pa_yazar-rashid-khalidi","12":"first","13":"instock","14":"sale","15":"shipping-taxable","16":"purchasable","17":"product-type-simple"},"_links":{"self":[{"href":"https:\/\/roveyayinevi.com.tr\/index.php\/wp-json\/wp\/v2\/product\/776010","targetHints":{"allow":["GET"]}}],"collection":[{"href":"https:\/\/roveyayinevi.com.tr\/index.php\/wp-json\/wp\/v2\/product"}],"about":[{"href":"https:\/\/roveyayinevi.com.tr\/index.php\/wp-json\/wp\/v2\/types\/product"}],"wp:attachment":[{"href":"https:\/\/roveyayinevi.com.tr\/index.php\/wp-json\/wp\/v2\/media?parent=776010"}],"wp:term":[{"taxonomy":"product_brand","embeddable":true,"href":"https:\/\/roveyayinevi.com.tr\/index.php\/wp-json\/wp\/v2\/product_brand?post=776010"},{"taxonomy":"product_cat","embeddable":true,"href":"https:\/\/roveyayinevi.com.tr\/index.php\/wp-json\/wp\/v2\/product_cat?post=776010"},{"taxonomy":"product_tag","embeddable":true,"href":"https:\/\/roveyayinevi.com.tr\/index.php\/wp-json\/wp\/v2\/product_tag?post=776010"}],"curies":[{"name":"wp","href":"https:\/\/api.w.org\/{rel}","templated":true}]}}