{"id":776005,"date":"2025-09-19T17:08:35","date_gmt":"2025-09-19T14:08:35","guid":{"rendered":"https:\/\/roveyayinevi.com.tr\/index.php\/urun\/gezegen-insa-etme-rehberi\/"},"modified":"2026-04-15T03:42:32","modified_gmt":"2026-04-15T00:42:32","slug":"gezegen-insa-etme-rehberi","status":"publish","type":"product","link":"https:\/\/roveyayinevi.com.tr\/index.php\/urun\/gezegen-insa-etme-rehberi\/","title":{"rendered":"Gezegen \u0130n\u015fa Etme Rehberi"},"content":{"rendered":"<p>Kendi GEZEGENINI mi in\u015fa etmek istiyorsun? Hadi! Hemen ba\u015flayal\u0131m. ROBOT USTALAR sana yard\u0131m etmeye haz\u0131r ve harika fikirleri var. \u0130R\u0130L\u0130 UFAKLI bir s\u00fcr\u00fc canl\u0131ya ihtiyac\u0131m\u0131z olacak! KOCAMAN da\u011flar ve PATLAYAN volkanlar yapal\u0131m! Gezegeni ISITMASI i\u00e7in parlak bir y\u0131ld\u0131z se\u00e7elim. Yaban hayat\u0131ndan G\u00fcne\u015f Sistemi\u2019ndeki yerine kadar, GEZEGEN\u0130M\u0130Z hakk\u0131nda pek \u00e7ok \u015fa\u015f\u0131rt\u0131c\u0131 bilgiyle dolu bu kitap, gelece\u011fin k\u00e2\u015fifleri, ekologlar\u0131 ve astronotlar\u0131 i\u00e7in m\u00fckemmel bir kaynak!   6+ YA\u015e B\u0130L\u0130M <\/p>\n","protected":false},"excerpt":{"rendered":"<p>Kendi GEZEGENINI mi in\u015fa etmek istiyorsun? Hadi! Hemen ba\u015flayal\u0131m. ROBOT USTALAR sana yard\u0131m etmeye haz\u0131r ve harika fikirleri var. \u0130R\u0130L\u0130 UFAKLI bir s\u00fcr\u00fc canl\u0131ya ihtiyac\u0131m\u0131z olacak!<span class=\"excerpt-hellip\"> [\u2026]<\/span><\/p>\n","protected":false},"featured_media":0,"template":"","meta":{"_monsterinsights_skip_tracking":false,"_monsterinsights_sitenote_active":false,"_monsterinsights_sitenote_note":"","_monsterinsights_sitenote_category":0},"product_brand":[],"product_cat":[13829,12274],"product_tag":[],"class_list":{"0":"post-776005","1":"product","2":"type-product","3":"status-publish","5":"product_cat-bilimsel-kitaplar","6":"product_cat-cocuk-ve-genclik-kitaplari","7":"pa_cilt-ciltsiz","8":"pa_tur-kitap","9":"pa_yayinevi-dogan-cocuk","10":"pa_yazar-moira-butterfield-clare-elsom","12":"first","13":"instock","14":"sale","15":"shipping-taxable","16":"purchasable","17":"product-type-simple"},"_links":{"self":[{"href":"https:\/\/roveyayinevi.com.tr\/index.php\/wp-json\/wp\/v2\/product\/776005","targetHints":{"allow":["GET"]}}],"collection":[{"href":"https:\/\/roveyayinevi.com.tr\/index.php\/wp-json\/wp\/v2\/product"}],"about":[{"href":"https:\/\/roveyayinevi.com.tr\/index.php\/wp-json\/wp\/v2\/types\/product"}],"wp:attachment":[{"href":"https:\/\/roveyayinevi.com.tr\/index.php\/wp-json\/wp\/v2\/media?parent=776005"}],"wp:term":[{"taxonomy":"product_brand","embeddable":true,"href":"https:\/\/roveyayinevi.com.tr\/index.php\/wp-json\/wp\/v2\/product_brand?post=776005"},{"taxonomy":"product_cat","embeddable":true,"href":"https:\/\/roveyayinevi.com.tr\/index.php\/wp-json\/wp\/v2\/product_cat?post=776005"},{"taxonomy":"product_tag","embeddable":true,"href":"https:\/\/roveyayinevi.com.tr\/index.php\/wp-json\/wp\/v2\/product_tag?post=776005"}],"curies":[{"name":"wp","href":"https:\/\/api.w.org\/{rel}","templated":true}]}}