{"id":776002,"date":"2025-09-19T17:08:28","date_gmt":"2025-09-19T14:08:28","guid":{"rendered":"https:\/\/roveyayinevi.com.tr\/index.php\/urun\/minecraft-nethera-son-sefer\/"},"modified":"2026-04-15T03:42:32","modified_gmt":"2026-04-15T00:42:32","slug":"minecraft-nethera-son-sefer","status":"publish","type":"product","link":"https:\/\/roveyayinevi.com.tr\/index.php\/urun\/minecraft-nethera-son-sefer\/","title":{"rendered":"Minecraft-Nether\u2019a Son Sefer"},"content":{"rendered":"<p>UY\u00c7O VE ASH, NETHER\u2019A G\u0130TT\u0130 VE HAYATTA KALMAK \u0130\u00c7\u0130N YARDIMA \u0130HT\u0130YA\u00c7LARI VAR. Ancak Po, Harper ve Demirk\u0131l\u0131\u00e7 Akademisi\u2019ndeki dostlar\u0131m\u0131z, yemekhanede sahneledikleri dost\u00e7a bir k\u0131l\u0131\u00e7 d\u00f6v\u00fc\u015f\u00fc y\u00fcz\u00fcnden, okuldan sonra Minecraft oynamak yerine ceza et\u00fcd\u00fcne kat\u0131lmak zorundalar. \u00c7ok ge\u00e7 olmadan Ash ve Uy\u00e7o\u2019nun yard\u0131m\u0131na ko\u015fabilecekler mi?   <\/p>\n","protected":false},"excerpt":{"rendered":"<p>UY\u00c7O VE ASH, NETHER\u2019A G\u0130TT\u0130 VE HAYATTA KALMAK \u0130\u00c7\u0130N YARDIMA \u0130HT\u0130YA\u00c7LARI VAR. Ancak Po, Harper ve Demirk\u0131l\u0131\u00e7 Akademisi\u2019ndeki dostlar\u0131m\u0131z, yemekhanede sahneledikleri dost\u00e7a bir k\u0131l\u0131\u00e7 d\u00f6v\u00fc\u015f\u00fc y\u00fcz\u00fcnden,<span class=\"excerpt-hellip\"> [\u2026]<\/span><\/p>\n","protected":false},"featured_media":0,"template":"","meta":{"_monsterinsights_skip_tracking":false,"_monsterinsights_sitenote_active":false,"_monsterinsights_sitenote_note":"","_monsterinsights_sitenote_category":0},"product_brand":[],"product_cat":[12291,12711],"product_tag":[],"class_list":{"0":"post-776002","1":"product","2":"type-product","3":"status-publish","5":"product_cat-edebiyat","6":"product_cat-roman-oyku","7":"pa_cilt-ciltsiz","8":"pa_tur-kitap","9":"pa_yayinevi-x-libris","10":"pa_yazar-caleb-zane-huett-alan-batson-chris-hill","12":"first","13":"instock","14":"sale","15":"shipping-taxable","16":"purchasable","17":"product-type-simple"},"_links":{"self":[{"href":"https:\/\/roveyayinevi.com.tr\/index.php\/wp-json\/wp\/v2\/product\/776002","targetHints":{"allow":["GET"]}}],"collection":[{"href":"https:\/\/roveyayinevi.com.tr\/index.php\/wp-json\/wp\/v2\/product"}],"about":[{"href":"https:\/\/roveyayinevi.com.tr\/index.php\/wp-json\/wp\/v2\/types\/product"}],"wp:attachment":[{"href":"https:\/\/roveyayinevi.com.tr\/index.php\/wp-json\/wp\/v2\/media?parent=776002"}],"wp:term":[{"taxonomy":"product_brand","embeddable":true,"href":"https:\/\/roveyayinevi.com.tr\/index.php\/wp-json\/wp\/v2\/product_brand?post=776002"},{"taxonomy":"product_cat","embeddable":true,"href":"https:\/\/roveyayinevi.com.tr\/index.php\/wp-json\/wp\/v2\/product_cat?post=776002"},{"taxonomy":"product_tag","embeddable":true,"href":"https:\/\/roveyayinevi.com.tr\/index.php\/wp-json\/wp\/v2\/product_tag?post=776002"}],"curies":[{"name":"wp","href":"https:\/\/api.w.org\/{rel}","templated":true}]}}