{"id":775997,"date":"2025-09-19T17:08:16","date_gmt":"2025-09-19T14:08:16","guid":{"rendered":"https:\/\/roveyayinevi.com.tr\/index.php\/urun\/kara-kitap-3\/"},"modified":"2025-10-06T00:20:53","modified_gmt":"2025-10-05T21:20:53","slug":"kara-kitap-3","status":"publish","type":"product","link":"https:\/\/roveyayinevi.com.tr\/index.php\/urun\/kara-kitap-3\/","title":{"rendered":"Kara Kitap"},"content":{"rendered":"<p>Kara Kitap, \u0130kinci D\u00fcnya Sava\u015f\u0131 s\u0131ras\u0131nda SSCB ve Polonya\u2019da Yahudilere uygulanan soyk\u0131r\u0131ma dair belge ve g\u00f6rg\u00fc tan\u0131\u011f\u0131 ifadelerinin yer ald\u0131\u011f\u0131 bir ar\u015fivdir. Kitap, 1940\u2019larda \u0130lya Ehrenburg ve Vasili Grossman \u00f6nderli\u011finde \u00e7ok say\u0131da Sovyet gazeteci ve yazar taraf\u0131ndan olu\u015fturuldu. Katledilen milyonlarca kad\u0131n, ya\u015fl\u0131 ve \u00e7ocu\u011fun, masum insanlar\u0131n an\u0131t mezar\u0131n\u0131 simgeleyen Kara Kitap, g\u00fcn\u00fcm\u00fczde, d\u00fcnya \u00e7ap\u0131ndaki fa\u015fist su\u00e7lar\u0131n en b\u00fcy\u00fck incelemelerinden biri olarak kabul edilir. Hayatta kalan Yahudilerin hik\u00e2yelerini, vah\u015fet tan\u0131kl\u0131klar\u0131n\u0131, Alman emirlerini, cellatlar\u0131n notlar\u0131n\u0131, s\u0131\u011f\u0131naklardaki insanlar\u0131n g\u00fcnl\u00fcklerini ve \u00f6l\u00fcm mahk\u00fbmlar\u0131n\u0131n mektuplar\u0131n\u0131 i\u00e7erir. Ehrenburg\u2019a g\u00f6re \u2122trajedinin derinli\u011fini, eylemler, protokoller de\u011fil, ya\u015fanan hik\u00e2yeler\u222b g\u00f6stermeliydi.   Ehrenburg an\u0131lar\u0131nda \u015f\u00f6yle yaz\u0131yor: \u201cKara Kitap, \u00fcst\u00fcnde o kadar \u00e7ok \u00e7al\u0131\u015ft\u0131m, ona o kadar \u00e7ok zaman\u0131m\u0131 ve en \u00f6nemlisi y\u00fcre\u011fimi verdim ki&#8230; Bazen bana g\u00f6nderilen g\u00fcnl\u00fc\u011f\u00fc okudu\u011fumda veya g\u00f6rg\u00fc tan\u0131klar\u0131n\u0131n anlatt\u0131klar\u0131n\u0131 dinledi\u011fimde, sanki bir gettodaym\u0131\u015f\u0131m, bug\u00fcn bir `operasyon\u2019 varm\u0131\u015f ve beni bir u\u00e7uruma veya \u00e7ukura s\u00fcr\u00fckl\u00fcyorlarm\u0131\u015f gibi hissediyorum.\u201d <\/p>\n","protected":false},"excerpt":{"rendered":"<p>Kara Kitap, \u0130kinci D\u00fcnya Sava\u015f\u0131 s\u0131ras\u0131nda SSCB ve Polonya\u2019da Yahudilere uygulanan soyk\u0131r\u0131ma dair belge ve g\u00f6rg\u00fc tan\u0131\u011f\u0131 ifadelerinin yer ald\u0131\u011f\u0131 bir ar\u015fivdir. Kitap, 1940\u2019larda \u0130lya Ehrenburg<span class=\"excerpt-hellip\"> [\u2026]<\/span><\/p>\n","protected":false},"featured_media":0,"template":"","meta":{"_monsterinsights_skip_tracking":false,"_monsterinsights_sitenote_active":false,"_monsterinsights_sitenote_note":"","_monsterinsights_sitenote_category":0},"product_brand":[],"product_cat":[12370,12304],"product_tag":[],"class_list":{"0":"post-775997","1":"product","2":"type-product","3":"status-publish","5":"product_cat-arastirma-inceleme","6":"product_cat-tarih","7":"pa_cilt-ciltsiz","8":"pa_tur-kitap","9":"pa_yayinevi-alfa-yayinlari","10":"pa_yazar-ilya-ehrenburg-vasili-grossman","12":"first","13":"instock","14":"sale","15":"shipping-taxable","16":"purchasable","17":"product-type-simple"},"_links":{"self":[{"href":"https:\/\/roveyayinevi.com.tr\/index.php\/wp-json\/wp\/v2\/product\/775997","targetHints":{"allow":["GET"]}}],"collection":[{"href":"https:\/\/roveyayinevi.com.tr\/index.php\/wp-json\/wp\/v2\/product"}],"about":[{"href":"https:\/\/roveyayinevi.com.tr\/index.php\/wp-json\/wp\/v2\/types\/product"}],"wp:attachment":[{"href":"https:\/\/roveyayinevi.com.tr\/index.php\/wp-json\/wp\/v2\/media?parent=775997"}],"wp:term":[{"taxonomy":"product_brand","embeddable":true,"href":"https:\/\/roveyayinevi.com.tr\/index.php\/wp-json\/wp\/v2\/product_brand?post=775997"},{"taxonomy":"product_cat","embeddable":true,"href":"https:\/\/roveyayinevi.com.tr\/index.php\/wp-json\/wp\/v2\/product_cat?post=775997"},{"taxonomy":"product_tag","embeddable":true,"href":"https:\/\/roveyayinevi.com.tr\/index.php\/wp-json\/wp\/v2\/product_tag?post=775997"}],"curies":[{"name":"wp","href":"https:\/\/api.w.org\/{rel}","templated":true}]}}