{"id":775989,"date":"2025-09-19T17:07:59","date_gmt":"2025-09-19T14:07:59","guid":{"rendered":"https:\/\/roveyayinevi.com.tr\/index.php\/urun\/theodorakise-sormak-hucrelerden-konser-salonlarina\/"},"modified":"2025-09-29T07:26:39","modified_gmt":"2025-09-29T04:26:39","slug":"theodorakise-sormak-hucrelerden-konser-salonlarina","status":"publish","type":"product","link":"https:\/\/roveyayinevi.com.tr\/index.php\/urun\/theodorakise-sormak-hucrelerden-konser-salonlarina\/","title":{"rendered":"Theodorakis\u2019e Sormak &#8211; H\u00fccrelerden Konser Salonlar\u0131na"},"content":{"rendered":"<p>H\u00fccrelerden Konser Salonlar\u0131na: Theodorakis\u2019e Sormak, Mikis Theodorakis\u2019in ya\u015fam\u0131n\u0131 ve eserlerini bir besteci, bir birey ve bir siyasi fig\u00fcr olmak \u00fczere \u00fc\u00e7 temel perspektiften ele alan benzersiz bir s\u00f6yle\u015filer b\u00fct\u00fcn\u00fcd\u00fcr. Theodorakis\u2019in uzun y\u0131llar yol ve \u00e7al\u0131\u015fma arkada\u015f\u0131 olan Asteris Kutulas, \u00e7er\u00e7eveyi geni\u015f tuttu\u011fu bu \u00fc\u00e7 s\u00f6yle\u015fi arac\u0131l\u0131\u011f\u0131yla sanat\u00e7\u0131n\u0131n bizzat i\u00e7eriyi a\u00e7mas\u0131na imk\u00e2n tan\u0131yor: G\u00f6\u00e7er bir \u00e7ocu\u011fun ilk besteleri; hapishaneler, h\u00fccreler, i\u015fkenceler ortas\u0131nda kalan bir gencin, m\u00fczi\u011fi direni\u015fin enstr\u00fcman\u0131na, kendini tavizsiz bir politik karaktere d\u00f6n\u00fc\u015ft\u00fcrmesi ve nihayet yasakl\u0131 y\u0131llar\u0131n ve s\u0131n\u0131rlar\u0131n \u00f6tesine ta\u015fan bir m\u00fczik dehas\u0131n\u0131n sayg\u0131nl\u0131\u011f\u0131yla d\u00fcnyan\u0131n sesine kar\u0131\u015fmas\u0131\u2026   Z\u00fclf\u00fc Livaneli\u2019nin \u00f6ns\u00f6z\u00fc ile a\u00e7\u0131l\u0131p Charles Dutoit, Martin Walser ve Roger Willemsen gibi isimlerin de\u011ferli katk\u0131lar\u0131 e\u015fli\u011finde geni\u015fleyen kitap, b\u00f6ylece Theodorakis\u2019in uluslararas\u0131 k\u00fclt\u00fcr ve d\u00fc\u015f\u00fcnce hayat\u0131 \u00fczerindeki etkisini de g\u00f6zler \u00f6n\u00fcne seriyor.     Mecazi olarak so\u0308ylemek gerekirse, ben bir Karago\u0308z kuklas\u0131 gibi parc\u0327alara ayr\u0131lm\u0131s\u0327\u0131m ve parc\u0327alar\u0131m\u0131 her yerde bulabilirsin. Bir gu\u0308n birisinin c\u0327\u0131k\u0131p bu parc\u0327alar\u0131 bir araya getirmesini ve benim bu\u0308tu\u0308nsel halimi ortaya c\u0327\u0131kartmas\u0131n\u0131 o kadar c\u0327ok u\u0308mit ediyorum ki. I\u0307nsan olarak, adanm\u0131s\u0327 bir yurttas\u0327 olarak ve besteci olarak gerc\u0327ekte kim oldug\u0306umu. <\/p>\n","protected":false},"excerpt":{"rendered":"<p>H\u00fccrelerden Konser Salonlar\u0131na: Theodorakis\u2019e Sormak, Mikis Theodorakis\u2019in ya\u015fam\u0131n\u0131 ve eserlerini bir besteci, bir birey ve bir siyasi fig\u00fcr olmak \u00fczere \u00fc\u00e7 temel perspektiften ele alan benzersiz<span class=\"excerpt-hellip\"> [\u2026]<\/span><\/p>\n","protected":false},"featured_media":0,"template":"","meta":{"_monsterinsights_skip_tracking":false,"_monsterinsights_sitenote_active":false,"_monsterinsights_sitenote_note":"","_monsterinsights_sitenote_category":0},"product_brand":[],"product_cat":[12291,30969],"product_tag":[],"class_list":{"0":"post-775989","1":"product","2":"type-product","3":"status-publish","5":"product_cat-edebiyat","6":"product_cat-soylesi-edebiyat","7":"pa_cilt-ciltsiz","8":"pa_tur-kitap","9":"pa_yayinevi-minoa","10":"pa_yazar-asteris-kutulas","12":"first","13":"instock","14":"sale","15":"shipping-taxable","16":"purchasable","17":"product-type-simple"},"_links":{"self":[{"href":"https:\/\/roveyayinevi.com.tr\/index.php\/wp-json\/wp\/v2\/product\/775989","targetHints":{"allow":["GET"]}}],"collection":[{"href":"https:\/\/roveyayinevi.com.tr\/index.php\/wp-json\/wp\/v2\/product"}],"about":[{"href":"https:\/\/roveyayinevi.com.tr\/index.php\/wp-json\/wp\/v2\/types\/product"}],"wp:attachment":[{"href":"https:\/\/roveyayinevi.com.tr\/index.php\/wp-json\/wp\/v2\/media?parent=775989"}],"wp:term":[{"taxonomy":"product_brand","embeddable":true,"href":"https:\/\/roveyayinevi.com.tr\/index.php\/wp-json\/wp\/v2\/product_brand?post=775989"},{"taxonomy":"product_cat","embeddable":true,"href":"https:\/\/roveyayinevi.com.tr\/index.php\/wp-json\/wp\/v2\/product_cat?post=775989"},{"taxonomy":"product_tag","embeddable":true,"href":"https:\/\/roveyayinevi.com.tr\/index.php\/wp-json\/wp\/v2\/product_tag?post=775989"}],"curies":[{"name":"wp","href":"https:\/\/api.w.org\/{rel}","templated":true}]}}