{"id":775985,"date":"2025-09-19T17:07:50","date_gmt":"2025-09-19T14:07:50","guid":{"rendered":"https:\/\/roveyayinevi.com.tr\/index.php\/urun\/risale-i-nur-perspektifinden-kuran\/"},"modified":"2026-04-15T03:42:29","modified_gmt":"2026-04-15T00:42:29","slug":"risale-i-nur-perspektifinden-kuran","status":"publish","type":"product","link":"https:\/\/roveyayinevi.com.tr\/index.php\/urun\/risale-i-nur-perspektifinden-kuran\/","title":{"rendered":"Risale-i Nur Perspektifinden Kur&#8217;an"},"content":{"rendered":"<p>Kur\u2019\u00e2n hayatl\u0131ya inmi\u015f, b\u00fct\u00fcn acziyetiyle birlikte insan\u0131 muhatap alm\u0131\u015f onu b\u00fct\u00fcn esm\u00e2 ve s\u0131fatlar\u0131yla Rabbisi ile tan\u0131\u015ft\u0131rarak al\u00e2-i illiyyine is\u00e2l etmi\u015ftir. Bu babtan olsa gerektir \u0130mam \u015eafii Hazretleri \u00fcmmetin s\u00f6ylediklerini s\u00fcnnetin \u015ferhi, s\u00fcnnetin ise tamam\u0131yla Kur\u2019\u00e2n\u2019\u0131n \u015ferhi, Kur\u2019\u00e2n\u2019\u0131n da tamamen Esm\u00e2y-\u0131 H\u00fcsn\u00e2n\u0131n \u015ferhi olarak tan\u0131mlarken, Esm\u00e2\u2019n\u0131n k\u00e2inattaki kudret tecellileri ile Kitab\u2019\u0131n Kel\u00e2m tecellisini birlikte m\u00fctalaa edilmesi gerekti\u011fine i\u015faret etmektedir. Bedi\u00fczzaman\u2019da eserlerinde bu hakikati i\u015flemi\u015f Kur\u2019\u00e2n\u2019\u0131n kitab-\u0131 kebir-i k\u00e2inat\u0131n bir terc\u00fcme-i ezeliyesi oldu\u011funu vurgulam\u0131\u015ft\u0131r.  \u2018\u2018Bu k\u00e2inat kitab-\u0131 keb\u00eeri ki; bir tek sayfas\u0131 olan zemin y\u00fcz\u00fcnde ve bir tek formas\u0131 olan baharda, \u00fc\u00e7 y\u00fcz bin ayr\u0131 ayr\u0131 kitaplar h\u00fckm\u00fcndeki \u00fc\u00e7 y\u00fcz bin neb\u00e2t\u00ee ve hayvan\u00ee t\u00e2ifeleri beraber, birbiri i\u00e7inde, yanl\u0131\u015fs\u0131z, hatas\u0131z, kar\u0131\u015ft\u0131rmayarak, \u015fa\u015f\u0131rmayarak, m\u00fckemmel, muntazam ve bazen a\u011fa\u00e7 gibi bir kelimede bir kasideyi ve \u00e7ekirdek gibi bir noktada bir kitab\u0131n tamam bir fihristesini yazan bir kalem i\u015fledi\u011fini g\u00f6z\u00fcm\u00fczle g\u00f6rd\u00fc\u011f\u00fcm\u00fcz bu nih\u00e2yetsiz m\u00e2nid\u00e2r ve her kelimesinde \u00e7ok hikmetler bulunan \u015fu mecm\u00fba-y\u0131 k\u00e2inat ve bu m\u00fccessem Kur\u2019\u00e2n-\u0131 ekber-i \u00e2lem, mezk\u00fbr misaldeki kitaptan ne derece b\u00fcy\u00fck ve m\u00fckemmel ve m\u00e2nid\u00e2r ise o derecede bu kitab-\u0131 k\u00e2inat\u0131n nakk\u00e2\u015f\u0131n\u0131, k\u00e2tibini hadsiz kem\u00e2l\u00e2t\u0131yla tan\u0131tt\u0131r\u0131r.\u2019\u2019 <\/p>\n","protected":false},"excerpt":{"rendered":"<p>Kur\u2019\u00e2n hayatl\u0131ya inmi\u015f, b\u00fct\u00fcn acziyetiyle birlikte insan\u0131 muhatap alm\u0131\u015f onu b\u00fct\u00fcn esm\u00e2 ve s\u0131fatlar\u0131yla Rabbisi ile tan\u0131\u015ft\u0131rarak al\u00e2-i illiyyine is\u00e2l etmi\u015ftir. Bu babtan olsa gerektir \u0130mam<span class=\"excerpt-hellip\"> [\u2026]<\/span><\/p>\n","protected":false},"featured_media":0,"template":"","meta":{"_monsterinsights_skip_tracking":false,"_monsterinsights_sitenote_active":false,"_monsterinsights_sitenote_note":"","_monsterinsights_sitenote_category":0},"product_brand":[],"product_cat":[12718],"product_tag":[],"class_list":{"0":"post-775985","1":"product","2":"type-product","3":"status-publish","5":"product_cat-din","6":"pa_cilt-ciltsiz","7":"pa_tur-kitap","8":"pa_yayinevi-gulnar-yayinlari","9":"pa_yazar-a-cuneyt-eren-fatma-eren","11":"first","12":"instock","13":"sale","14":"shipping-taxable","15":"purchasable","16":"product-type-simple"},"_links":{"self":[{"href":"https:\/\/roveyayinevi.com.tr\/index.php\/wp-json\/wp\/v2\/product\/775985","targetHints":{"allow":["GET"]}}],"collection":[{"href":"https:\/\/roveyayinevi.com.tr\/index.php\/wp-json\/wp\/v2\/product"}],"about":[{"href":"https:\/\/roveyayinevi.com.tr\/index.php\/wp-json\/wp\/v2\/types\/product"}],"wp:attachment":[{"href":"https:\/\/roveyayinevi.com.tr\/index.php\/wp-json\/wp\/v2\/media?parent=775985"}],"wp:term":[{"taxonomy":"product_brand","embeddable":true,"href":"https:\/\/roveyayinevi.com.tr\/index.php\/wp-json\/wp\/v2\/product_brand?post=775985"},{"taxonomy":"product_cat","embeddable":true,"href":"https:\/\/roveyayinevi.com.tr\/index.php\/wp-json\/wp\/v2\/product_cat?post=775985"},{"taxonomy":"product_tag","embeddable":true,"href":"https:\/\/roveyayinevi.com.tr\/index.php\/wp-json\/wp\/v2\/product_tag?post=775985"}],"curies":[{"name":"wp","href":"https:\/\/api.w.org\/{rel}","templated":true}]}}