{"id":775984,"date":"2025-09-19T17:07:42","date_gmt":"2025-09-19T14:07:42","guid":{"rendered":"https:\/\/roveyayinevi.com.tr\/index.php\/urun\/mevlit\/"},"modified":"2026-04-15T03:42:29","modified_gmt":"2026-04-15T00:42:29","slug":"mevlit","status":"publish","type":"product","link":"https:\/\/roveyayinevi.com.tr\/index.php\/urun\/mevlit\/","title":{"rendered":"Mevlit"},"content":{"rendered":"<p>kendinden kendine sald\u0131r\u0131r ordular s\u0131ff\u00een meydanlar\u0131nda ve b\u00fct\u00fcn ars\u0131zl\u0131\u011f\u0131m\u0131zla sayfalar\u0131n\u0131 tak\u0131p m\u0131zraklar\u0131m\u0131z\u0131n u\u00e7lar\u0131na. \u201ckar\u015f\u0131m\u0131zda kur&#8217;\u00e2n var,\u201d deriz \u201csald\u0131rmay\u0131z,\u201d diye itirazday\u0131zd\u0131r ya da n\u00e2t\u0131k-\u0131 kur&#8217;\u00e2na   \u00fcstelik y\u00fczy\u0131llar \u00f6ncesinden bu yana s\u00f6ylene gelmi\u015ftir a\u011f\u0131t\u0131 kerbel\u00e2 \u015f\u00fchedas\u0131n\u0131n. agnus dei   ey sen ki muhammed&#8217;- -sin efendim<\/p>\n","protected":false},"excerpt":{"rendered":"<p>kendinden kendine sald\u0131r\u0131r ordular s\u0131ff\u00een meydanlar\u0131nda ve b\u00fct\u00fcn ars\u0131zl\u0131\u011f\u0131m\u0131zla sayfalar\u0131n\u0131 tak\u0131p m\u0131zraklar\u0131m\u0131z\u0131n u\u00e7lar\u0131na. \u201ckar\u015f\u0131m\u0131zda kur&#8217;\u00e2n var,\u201d deriz \u201csald\u0131rmay\u0131z,\u201d diye itirazday\u0131zd\u0131r ya da n\u00e2t\u0131k-\u0131 kur&#8217;\u00e2na \u00fcstelik y\u00fczy\u0131llar<span class=\"excerpt-hellip\"> [\u2026]<\/span><\/p>\n","protected":false},"featured_media":0,"template":"","meta":{"_monsterinsights_skip_tracking":false,"_monsterinsights_sitenote_active":false,"_monsterinsights_sitenote_note":"","_monsterinsights_sitenote_category":0},"product_brand":[],"product_cat":[12718,12719],"product_tag":[],"class_list":{"0":"post-775984","1":"product","2":"type-product","3":"status-publish","5":"product_cat-din","6":"product_cat-islam","7":"pa_cilt-ciltsiz","8":"pa_tur-kitap","9":"pa_yayinevi-otuken-nesriyat","10":"pa_yazar-ali-gunvar","12":"first","13":"instock","14":"sale","15":"shipping-taxable","16":"purchasable","17":"product-type-simple"},"_links":{"self":[{"href":"https:\/\/roveyayinevi.com.tr\/index.php\/wp-json\/wp\/v2\/product\/775984","targetHints":{"allow":["GET"]}}],"collection":[{"href":"https:\/\/roveyayinevi.com.tr\/index.php\/wp-json\/wp\/v2\/product"}],"about":[{"href":"https:\/\/roveyayinevi.com.tr\/index.php\/wp-json\/wp\/v2\/types\/product"}],"wp:attachment":[{"href":"https:\/\/roveyayinevi.com.tr\/index.php\/wp-json\/wp\/v2\/media?parent=775984"}],"wp:term":[{"taxonomy":"product_brand","embeddable":true,"href":"https:\/\/roveyayinevi.com.tr\/index.php\/wp-json\/wp\/v2\/product_brand?post=775984"},{"taxonomy":"product_cat","embeddable":true,"href":"https:\/\/roveyayinevi.com.tr\/index.php\/wp-json\/wp\/v2\/product_cat?post=775984"},{"taxonomy":"product_tag","embeddable":true,"href":"https:\/\/roveyayinevi.com.tr\/index.php\/wp-json\/wp\/v2\/product_tag?post=775984"}],"curies":[{"name":"wp","href":"https:\/\/api.w.org\/{rel}","templated":true}]}}