{"id":775982,"date":"2025-09-19T17:07:31","date_gmt":"2025-09-19T14:07:31","guid":{"rendered":"https:\/\/roveyayinevi.com.tr\/index.php\/urun\/muazzam-dunya\/"},"modified":"2026-04-15T03:42:28","modified_gmt":"2026-04-15T00:42:28","slug":"muazzam-dunya","status":"publish","type":"product","link":"https:\/\/roveyayinevi.com.tr\/index.php\/urun\/muazzam-dunya\/","title":{"rendered":"Muazzam D\u00fcnya"},"content":{"rendered":"<p>2023 Royal Society Trivedi Bilim Kitab\u0131 \u00d6d\u00fcl\u00fc  2023 Andrew Carnegie Medal   D\u00fcnya g\u00f6r\u00fcnt\u00fcler ve dokular, sesler ve titre\u015fimler, kokular ve tatlar, elektriksel ve manyetik alanlarla dolu. Ne var ki insan dahil her hayvan, kendi benzersiz duyusal baloncu\u011funun i\u00e7inde ya\u015f\u0131yor ve bu u\u00e7suz bucaks\u0131z, muazzam d\u00fcnyan\u0131n sadece k\u00fc\u00e7\u00fck bir b\u00f6l\u00fcm\u00fcn\u00fc alg\u0131layabiliyor.   Pulitzer \u00d6d\u00fcll\u00fc Ed Yong, \u015fimdiden bu y\u00fczy\u0131l\u0131n en b\u00fcy\u00fck kurgu d\u0131\u015f\u0131 eserleri aras\u0131nda g\u00f6sterilen Muazzam D\u00fcnya\u2019da, bizi kendi duyular\u0131m\u0131z\u0131n s\u0131n\u0131rlar\u0131n\u0131n \u00f6tesine g\u00f6t\u00fcrerek, etraf\u0131m\u0131z\u0131 saran koku a\u011flar\u0131n\u0131, elektromanyetizma dalgalar\u0131n\u0131 ve sesleri alg\u0131lamam\u0131z\u0131 sa\u011fl\u0131yor. Ate\u015fe \u00e7ekilen b\u00f6cekler, D\u00fcnya\u2019n\u0131n manyetik alanlar\u0131n\u0131n izini s\u00fcrebilen kaplumba\u011falar, nehirleri elektriksel mesajlarla dolduran bal\u0131klar, kur yapan b\u00f6ceklerin i\u015fitilmez \u015fark\u0131lar\u0131 kar\u015f\u0131s\u0131nda titre\u015fen bitkiler, yarasa misali sonar kullanabilen insanlar ile kar\u015f\u0131la\u015f\u0131yor; ar\u0131lar\u0131n \u00e7i\u00e7eklerde ne g\u00f6rd\u00fc\u011f\u00fcn\u00fc, \u00f6t\u00fcc\u00fc ku\u015flar\u0131n birbirlerinin melodilerinde ne duydu\u011funu, k\u00f6peklerin sokakta neyi koklad\u0131\u011f\u0131n\u0131 \u00f6\u011freniyoruz. Be\u015f duyumuzun kifayetsiz kald\u0131\u011f\u0131 bu koca evrendeki ke\u015fiflerin hik\u00e2yelerini dinliyor, hen\u00fcz \u00e7\u00f6z\u00fclmemi\u015f gizemlere dair tahminler y\u00fcr\u00fct\u00fcyoruz.   E\u011flenceli, titiz ve ke\u015fif arzusuyla dolu Muazzam D\u00fcnya, Marcel Proust\u2019un \u201ctek hakiki yolculuk\u2026 diyarlar\u0131 ziyaret etmek de\u011fil, ba\u015fkalar\u0131n\u0131n g\u00f6zlerinden bakarak her birinin g\u00f6rd\u00fc\u011f\u00fc y\u00fczlerce evreni g\u00f6rmektir,\u201d diye tan\u0131mlad\u0131\u011f\u0131 yolculu\u011fa \u00e7\u0131kar\u0131yor bizleri.   \u201cBilimle yo\u011frulmu\u015f, b\u00fcy\u00fcleyici bir ke\u015fif yolculu\u011fu.\u201d \u2013Siddhartha Mukherjee   Wall Street Journal, New York Times, Time, People, Publishers Weekly, New Yorker, Washington Post, Guardian, Economist, Esquire\u2019da YILIN EN \u0130Y\u0130 K\u0130TABI <\/p>\n","protected":false},"excerpt":{"rendered":"<p>2023 Royal Society Trivedi Bilim Kitab\u0131 \u00d6d\u00fcl\u00fc 2023 Andrew Carnegie Medal D\u00fcnya g\u00f6r\u00fcnt\u00fcler ve dokular, sesler ve titre\u015fimler, kokular ve tatlar, elektriksel ve manyetik alanlarla dolu.<span class=\"excerpt-hellip\"> [\u2026]<\/span><\/p>\n","protected":false},"featured_media":0,"template":"","meta":{"_monsterinsights_skip_tracking":false,"_monsterinsights_sitenote_active":false,"_monsterinsights_sitenote_note":"","_monsterinsights_sitenote_category":0},"product_brand":[],"product_cat":[13005,37328],"product_tag":[],"class_list":{"0":"post-775982","1":"product","2":"type-product","3":"status-publish","5":"product_cat-bilim-muhendislik","6":"product_cat-diger-bilim-muhendislik","7":"pa_cilt-ciltsiz","8":"pa_tur-kitap","9":"pa_yayinevi-domingo-yayinevi","10":"pa_yazar-ed-yong","12":"first","13":"instock","14":"sale","15":"shipping-taxable","16":"purchasable","17":"product-type-simple"},"_links":{"self":[{"href":"https:\/\/roveyayinevi.com.tr\/index.php\/wp-json\/wp\/v2\/product\/775982","targetHints":{"allow":["GET"]}}],"collection":[{"href":"https:\/\/roveyayinevi.com.tr\/index.php\/wp-json\/wp\/v2\/product"}],"about":[{"href":"https:\/\/roveyayinevi.com.tr\/index.php\/wp-json\/wp\/v2\/types\/product"}],"wp:attachment":[{"href":"https:\/\/roveyayinevi.com.tr\/index.php\/wp-json\/wp\/v2\/media?parent=775982"}],"wp:term":[{"taxonomy":"product_brand","embeddable":true,"href":"https:\/\/roveyayinevi.com.tr\/index.php\/wp-json\/wp\/v2\/product_brand?post=775982"},{"taxonomy":"product_cat","embeddable":true,"href":"https:\/\/roveyayinevi.com.tr\/index.php\/wp-json\/wp\/v2\/product_cat?post=775982"},{"taxonomy":"product_tag","embeddable":true,"href":"https:\/\/roveyayinevi.com.tr\/index.php\/wp-json\/wp\/v2\/product_tag?post=775982"}],"curies":[{"name":"wp","href":"https:\/\/api.w.org\/{rel}","templated":true}]}}