{"id":775981,"date":"2025-09-19T17:07:29","date_gmt":"2025-09-19T14:07:29","guid":{"rendered":"https:\/\/roveyayinevi.com.tr\/index.php\/urun\/sosyal-medya-3-0\/"},"modified":"2025-09-29T07:26:13","modified_gmt":"2025-09-29T04:26:13","slug":"sosyal-medya-3-0","status":"publish","type":"product","link":"https:\/\/roveyayinevi.com.tr\/index.php\/urun\/sosyal-medya-3-0\/","title":{"rendered":"Sosyal  Medya 3.0"},"content":{"rendered":"<p>Sosyal medya, dijital \u00e7a\u011f\u0131n en g\u00fc\u00e7l\u00fc sahnesi. Ancak sadece g\u00f6r\u00fcn\u00fcr olmak art\u0131k yetmiyor; duyulmak, g\u00fcvenilmek ve hat\u0131rlanmak gerekiyor. Peki ama nas\u0131l?Sosyal Medya 3.0, 70\u2019ten fazla \u00fcniversitede ders kitab\u0131 olarak okutulan, pek \u00e7ok otorite taraf\u0131ndan t\u00fcm zamanlar\u0131n en iyi sosyal medya kitaplar\u0131ndan biri olarak g\u00f6sterilen bir klasik.Pazarlama gurusu, yazar ve e\u011fitimci Mark W. Schaefer, bu kitapta sosyal medya d\u00fcnyas\u0131n\u0131n bilinmeyenlerini anla\u015f\u0131l\u0131r ve esprili diliyle sade, uygulanabilir ve g\u00fc\u00e7l\u00fc bir rehbere d\u00f6n\u00fc\u015ft\u00fcr\u00fcyor. \u2022 Sosyal medya pazarlamas\u0131n\u0131n temel i\u015fleyi\u015fini,\u2022 Kal\u0131c\u0131 ba\u015far\u0131ya giden stratejileri,\u2022 Algoritmalar\u0131n \u00f6tesine ge\u00e7menin yollar\u0131n\u0131, a\u00e7\u0131k, net ve eyleme d\u00f6n\u00fck bir dille anlat\u0131yor.Ge\u00e7ici trendlerin de\u011fil, kal\u0131c\u0131 etkile\u015fimin pe\u015findeyseniz\u2026\u0130\u00e7erikte insana dokunmak, markan\u0131z i\u00e7in dijitalde sa\u011flam temeller atmak istiyorsan\u0131z\u2026Bu kitap size yeni bir y\u00f6n ve sa\u011flam bir yol haritas\u0131 sunacak.<\/p>\n","protected":false},"excerpt":{"rendered":"<p>Sosyal medya, dijital \u00e7a\u011f\u0131n en g\u00fc\u00e7l\u00fc sahnesi. Ancak sadece g\u00f6r\u00fcn\u00fcr olmak art\u0131k yetmiyor; duyulmak, g\u00fcvenilmek ve hat\u0131rlanmak gerekiyor. Peki ama nas\u0131l?Sosyal Medya 3.0, 70\u2019ten fazla \u00fcniversitede<span class=\"excerpt-hellip\"> [\u2026]<\/span><\/p>\n","protected":false},"featured_media":0,"template":"","meta":{"_monsterinsights_skip_tracking":false,"_monsterinsights_sitenote_active":false,"_monsterinsights_sitenote_note":"","_monsterinsights_sitenote_category":0},"product_brand":[],"product_cat":[13043,17647],"product_tag":[],"class_list":{"0":"post-775981","1":"product","2":"type-product","3":"status-publish","5":"product_cat-ekonomi","6":"product_cat-is-dunyasi","7":"pa_cilt-ciltsiz","8":"pa_tur-kitap","9":"pa_yayinevi-mona-kitap","10":"pa_yazar-mark-w-schaefer","12":"first","13":"instock","14":"sale","15":"shipping-taxable","16":"purchasable","17":"product-type-simple"},"_links":{"self":[{"href":"https:\/\/roveyayinevi.com.tr\/index.php\/wp-json\/wp\/v2\/product\/775981","targetHints":{"allow":["GET"]}}],"collection":[{"href":"https:\/\/roveyayinevi.com.tr\/index.php\/wp-json\/wp\/v2\/product"}],"about":[{"href":"https:\/\/roveyayinevi.com.tr\/index.php\/wp-json\/wp\/v2\/types\/product"}],"wp:attachment":[{"href":"https:\/\/roveyayinevi.com.tr\/index.php\/wp-json\/wp\/v2\/media?parent=775981"}],"wp:term":[{"taxonomy":"product_brand","embeddable":true,"href":"https:\/\/roveyayinevi.com.tr\/index.php\/wp-json\/wp\/v2\/product_brand?post=775981"},{"taxonomy":"product_cat","embeddable":true,"href":"https:\/\/roveyayinevi.com.tr\/index.php\/wp-json\/wp\/v2\/product_cat?post=775981"},{"taxonomy":"product_tag","embeddable":true,"href":"https:\/\/roveyayinevi.com.tr\/index.php\/wp-json\/wp\/v2\/product_tag?post=775981"}],"curies":[{"name":"wp","href":"https:\/\/api.w.org\/{rel}","templated":true}]}}