{"id":775979,"date":"2025-09-19T17:06:59","date_gmt":"2025-09-19T14:06:59","guid":{"rendered":"https:\/\/roveyayinevi.com.tr\/index.php\/urun\/vali-recep-yazicioglu\/"},"modified":"2026-04-15T03:41:46","modified_gmt":"2026-04-15T00:41:46","slug":"vali-recep-yazicioglu","status":"publish","type":"product","link":"https:\/\/roveyayinevi.com.tr\/index.php\/urun\/vali-recep-yazicioglu\/","title":{"rendered":"Vali &#8211; Recep Yaz\u0131c\u0131o\u011flu"},"content":{"rendered":"<p>S\u00fcrmene\u2019de do\u011fan, yurdun d\u00f6rt bir yan\u0131nda yapt\u0131\u011f\u0131 icraatlarla \u00e7\u0131\u011f\u0131r a\u00e7an, sistemi alabildi\u011fine ele\u015ftiren, elli be\u015f y\u0131lda; \u2018G\u00f6n\u00fcller Sultan\u0131\u2019 olan bir valinin hik\u00e2yesidir&#8230; \u2018Milletin Valisi\u2019, \u2018Halk\u0131n Valisi\u2019, \u2018S\u0131ra d\u0131\u015f\u0131 Vali\u2019 \u2018S\u00fcper Vali\u2019, \u2018Efsane Vali\u2019, \u2018Adam Gibi Vali\u2019 Ve&#8230; \u2018Vali\u2019&#8230; Kimdir? \u2018Vali\u2019 denilince ilk akla gelen olmas\u0131, g\u00f6n\u00fcllerde taht kurmas\u0131 nedendir? Emanet b\u0131rakt\u0131\u011f\u0131 an\u0131lar\u0131ndaki sakl\u0131 hasletler nelerdir?&#8230;<\/p>\n","protected":false},"excerpt":{"rendered":"<p>S\u00fcrmene\u2019de do\u011fan, yurdun d\u00f6rt bir yan\u0131nda yapt\u0131\u011f\u0131 icraatlarla \u00e7\u0131\u011f\u0131r a\u00e7an, sistemi alabildi\u011fine ele\u015ftiren, elli be\u015f y\u0131lda; \u2018G\u00f6n\u00fcller Sultan\u0131\u2019 olan bir valinin hik\u00e2yesidir&#8230; \u2018Milletin Valisi\u2019, \u2018Halk\u0131n Valisi\u2019,<span class=\"excerpt-hellip\"> [\u2026]<\/span><\/p>\n","protected":false},"featured_media":0,"template":"","meta":{"_monsterinsights_skip_tracking":false,"_monsterinsights_sitenote_active":false,"_monsterinsights_sitenote_note":"","_monsterinsights_sitenote_category":0},"product_brand":[],"product_cat":[14009,12291],"product_tag":[],"class_list":{"0":"post-775979","1":"product","2":"type-product","3":"status-publish","5":"product_cat-biyografi-otobiyografi-edebiyat","6":"product_cat-edebiyat","7":"pa_cilt-ciltsiz","8":"pa_tur-kitap","9":"pa_yayinevi-foliant-yayinlari","10":"pa_yazar-koksal-pabuccu","12":"first","13":"instock","14":"sale","15":"shipping-taxable","16":"purchasable","17":"product-type-simple"},"_links":{"self":[{"href":"https:\/\/roveyayinevi.com.tr\/index.php\/wp-json\/wp\/v2\/product\/775979","targetHints":{"allow":["GET"]}}],"collection":[{"href":"https:\/\/roveyayinevi.com.tr\/index.php\/wp-json\/wp\/v2\/product"}],"about":[{"href":"https:\/\/roveyayinevi.com.tr\/index.php\/wp-json\/wp\/v2\/types\/product"}],"wp:attachment":[{"href":"https:\/\/roveyayinevi.com.tr\/index.php\/wp-json\/wp\/v2\/media?parent=775979"}],"wp:term":[{"taxonomy":"product_brand","embeddable":true,"href":"https:\/\/roveyayinevi.com.tr\/index.php\/wp-json\/wp\/v2\/product_brand?post=775979"},{"taxonomy":"product_cat","embeddable":true,"href":"https:\/\/roveyayinevi.com.tr\/index.php\/wp-json\/wp\/v2\/product_cat?post=775979"},{"taxonomy":"product_tag","embeddable":true,"href":"https:\/\/roveyayinevi.com.tr\/index.php\/wp-json\/wp\/v2\/product_tag?post=775979"}],"curies":[{"name":"wp","href":"https:\/\/api.w.org\/{rel}","templated":true}]}}