{"id":775978,"date":"2025-09-19T17:06:57","date_gmt":"2025-09-19T14:06:57","guid":{"rendered":"https:\/\/roveyayinevi.com.tr\/index.php\/urun\/yol-seninle-baslar\/"},"modified":"2026-04-15T03:41:46","modified_gmt":"2026-04-15T00:41:46","slug":"yol-seninle-baslar","status":"publish","type":"product","link":"https:\/\/roveyayinevi.com.tr\/index.php\/urun\/yol-seninle-baslar\/","title":{"rendered":"Yol Seninle Ba\u015flar"},"content":{"rendered":"<p>Sevgili \u0130brahim Oktay\u2019\u0131n kendimizi kullanma klavuzu gibi kaleme ald\u0131\u011f\u0131 bu eseri, ya\u015fam boyu \u00f6\u011frenme ve geli\u015fime kendini adayan bizlere, yolculu\u011fumuzun e\u015flik\u00e7isi g\u00fczel bir arma\u011fand\u0131r. Bu hayatta mutmain olabilmek i\u00e7in \u00f6nce kendimizden ho\u015fnut olabilmeliyiz. Mutlulukta, hayat\u0131n s\u0131rr\u0131 da bana g\u00f6re d\u00fcnden daha iyi insan olan olabilmekte. Ben bu yolda buna talibim. \u00c7\u00fcnk\u00fc ben buna de\u011ferim. Ya siz? -Prof. Dr. G\u00fcl\u00e7in Bozlu \u0130nsan, ya\u015fam\u0131 boyunca \u201cBen kimim?\u201d ve \u201cGer\u00e7ekten ne istiyorum?\u201d sorular\u0131na yan\u0131t arar. Bu kitap, yaln\u0131zca ya\u015fam ko\u00e7u olmak isteyenlere de\u011fil; kendini tan\u0131mak, geli\u015ftirmek ve i\u00e7sel d\u00f6n\u00fc\u015f\u00fcm ya\u015famak isteyen herkese rehberlik eder. Ger\u00e7ek de\u011fi\u015fim, yaln\u0131zca hedef koymakla de\u011fil, derin i\u00e7sel fark\u0131ndal\u0131k ve cesaretle m\u00fcmk\u00fcnd\u00fcr. Kitapta, ko\u00e7luk ilkelerinden psikolojik temellere, motivasyondan al\u0131\u015fkanl\u0131k de\u011fi\u015fimine kadar pek \u00e7ok konu ele al\u0131n\u0131r. Okuyucu, hem teorik bilgi edinir hem de kendi karanl\u0131k yanlar\u0131yla y\u00fczle\u015fmeye davet edilir. Bu yolculuk zorlay\u0131c\u0131 ama bir o kadar da d\u00f6n\u00fc\u015ft\u00fcr\u00fcc\u00fcd\u00fcr. Ad\u0131m atmaya haz\u0131rsan\u0131z, bu kitap size g\u00fc\u00e7l\u00fc bir yol arkada\u015f\u0131 olacakt\u0131r. -Psikolog Dr. Ziya DO\u011eAN Sevgili \u0130brahim OKTAY, \u201cYol Seninle Ba\u015flar\u201d insan\u0131n \u00f6nce kendiyle y\u00fczle\u015fmeye, sonra kendiyle bar\u0131\u015fmaya davet eden bir yol haritas\u0131. Bu kitap, okuyana kendini yeniden duyma, anlama ve d\u00f6n\u00fc\u015ft\u00fcrme cesareti veriyor. Mesele, insan\u0131n kendi ger\u00e7e\u011fiyle kar\u015f\u0131la\u015fmas\u0131. Her b\u00f6l\u00fcm, fark\u0131ndal\u0131kla at\u0131lan k\u00fc\u00e7\u00fck ad\u0131mlar\u0131n asl\u0131nda ne b\u00fcy\u00fck kap\u0131lar a\u00e7t\u0131\u011f\u0131n\u0131 g\u00f6steriyor. Kendine ve hayata yeni bir g\u00f6zle bakmak isteyen herkese g\u00f6n\u00fclden tavsiye ederim. -Yazar Fatma \u015eAH\u0130N<\/p>\n","protected":false},"excerpt":{"rendered":"<p>Sevgili \u0130brahim Oktay\u2019\u0131n kendimizi kullanma klavuzu gibi kaleme ald\u0131\u011f\u0131 bu eseri, ya\u015fam boyu \u00f6\u011frenme ve geli\u015fime kendini adayan bizlere, yolculu\u011fumuzun e\u015flik\u00e7isi g\u00fczel bir arma\u011fand\u0131r. Bu hayatta<span class=\"excerpt-hellip\"> [\u2026]<\/span><\/p>\n","protected":false},"featured_media":0,"template":"","meta":{"_monsterinsights_skip_tracking":false,"_monsterinsights_sitenote_active":false,"_monsterinsights_sitenote_note":"","_monsterinsights_sitenote_category":0},"product_brand":[],"product_cat":[12364,12376],"product_tag":[],"class_list":{"0":"post-775978","1":"product","2":"type-product","3":"status-publish","5":"product_cat-genel-konular","6":"product_cat-kisisel-gelisim","7":"pa_cilt-ciltsiz","8":"pa_tur-kitap","9":"pa_yayinevi-foliant-yayinlari","10":"pa_yazar-ibrahim-oktay","12":"first","13":"instock","14":"sale","15":"shipping-taxable","16":"purchasable","17":"product-type-simple"},"_links":{"self":[{"href":"https:\/\/roveyayinevi.com.tr\/index.php\/wp-json\/wp\/v2\/product\/775978","targetHints":{"allow":["GET"]}}],"collection":[{"href":"https:\/\/roveyayinevi.com.tr\/index.php\/wp-json\/wp\/v2\/product"}],"about":[{"href":"https:\/\/roveyayinevi.com.tr\/index.php\/wp-json\/wp\/v2\/types\/product"}],"wp:attachment":[{"href":"https:\/\/roveyayinevi.com.tr\/index.php\/wp-json\/wp\/v2\/media?parent=775978"}],"wp:term":[{"taxonomy":"product_brand","embeddable":true,"href":"https:\/\/roveyayinevi.com.tr\/index.php\/wp-json\/wp\/v2\/product_brand?post=775978"},{"taxonomy":"product_cat","embeddable":true,"href":"https:\/\/roveyayinevi.com.tr\/index.php\/wp-json\/wp\/v2\/product_cat?post=775978"},{"taxonomy":"product_tag","embeddable":true,"href":"https:\/\/roveyayinevi.com.tr\/index.php\/wp-json\/wp\/v2\/product_tag?post=775978"}],"curies":[{"name":"wp","href":"https:\/\/api.w.org\/{rel}","templated":true}]}}