{"id":775976,"date":"2025-09-19T17:06:52","date_gmt":"2025-09-19T14:06:52","guid":{"rendered":"https:\/\/roveyayinevi.com.tr\/index.php\/urun\/tarihin-karanlik-mirasi\/"},"modified":"2026-04-15T03:41:46","modified_gmt":"2026-04-15T00:41:46","slug":"tarihin-karanlik-mirasi","status":"publish","type":"product","link":"https:\/\/roveyayinevi.com.tr\/index.php\/urun\/tarihin-karanlik-mirasi\/","title":{"rendered":"Tarihin Karanl\u0131k Miras\u0131"},"content":{"rendered":"<p>Almanya; \u0130kinci D\u00fcnya Sava\u015f\u0131 sonras\u0131nda demokrasi, insan haklar\u0131 ve hukukun \u00fcst\u00fcnl\u00fc\u011f\u00fc ilkeleri \u00fczerine yeniden in\u015fa edilmi\u015f olsa da siyasi tarihinin karanl\u0131k miras\u0131yla y\u00fczle\u015fmeye devam etmektedir. \u00dclkede k\u00f6k salan a\u015f\u0131r\u0131 sa\u011f, yeniden yap\u0131lanma s\u00fcrecinde zaman zaman g\u00fc\u00e7lenmi\u015f, zaman zaman geri \u00e7ekilmi\u015f fakat hi\u00e7bir zaman tamamen yok olmam\u0131\u015ft\u0131r. Tarihin Karanl\u0131k Miras\u0131-Almanya&#8217;da A\u015f\u0131r\u0131 Sa\u011f ve NSU Ter\u00f6r\u00fc isimli bu eser, konuya ili\u015fkin daha \u00f6nce yay\u0131mlanan akademik \u00e7al\u0131\u015fmalar, Meclis Ara\u015ft\u0131rma Komisyonlar\u0131 Raporlar\u0131 ve medya haberleri taranarak elde edilen bilgiler do\u011frultusunda haz\u0131rlanm\u0131\u015ft\u0131r. Kitap boyunca bu kaynaklardan derlenen verilere dayanarak kapsaml\u0131 analiz sunulmakta ve okuyucunun konuyu \u00e7ok boyutlu bir perspektiften de\u011ferlendirebilmesi hedeflenmektedir. Bununla beraber a\u015f\u0131r\u0131 sa\u011f gruplar\u0131n \u201cyeni sa\u011f\u201d olarak geli\u015fim s\u00fcre\u00e7lerini, Alman g\u00fcvenlik ve istihbarat birimlerinin NSU ve benzeri a\u015f\u0131r\u0131 sa\u011f yap\u0131lanmalara y\u00f6nelik tutumlar\u0131ndaki de\u011fi\u015fimleri inceleyerek literat\u00fcr\u00fc zenginle\u015ftirmektedir. Tarihin Karanl\u0131k Miras\u0131-Almanya&#8217;da A\u015f\u0131r\u0131 Sa\u011f ve NSU Ter\u00f6r\u00fc, Almanya \u00f6zelinde ama evrensel bir uyar\u0131 olarak, ge\u00e7mi\u015fin karanl\u0131k miras\u0131na kar\u015f\u0131 haf\u0131zam\u0131z\u0131 diri tutman\u0131n ve g\u00fcn\u00fcm\u00fczde yabanc\u0131 d\u00fc\u015fmanl\u0131\u011f\u0131, \u0130slamofobi ve otoriter e\u011filimler gibi farkl\u0131 bi\u00e7imlerde tezah\u00fcr eden a\u015f\u0131r\u0131 ideolojilerin tehdidi alt\u0131nda bulunan demokrasiyi savunman\u0131n ne kadar hayati oldu\u011funu bir kez daha hat\u0131rlatmay\u0131 ama\u00e7lamaktad\u0131r. <\/p>\n","protected":false},"excerpt":{"rendered":"<p>Almanya; \u0130kinci D\u00fcnya Sava\u015f\u0131 sonras\u0131nda demokrasi, insan haklar\u0131 ve hukukun \u00fcst\u00fcnl\u00fc\u011f\u00fc ilkeleri \u00fczerine yeniden in\u015fa edilmi\u015f olsa da siyasi tarihinin karanl\u0131k miras\u0131yla y\u00fczle\u015fmeye devam etmektedir. \u00dclkede<span class=\"excerpt-hellip\"> [\u2026]<\/span><\/p>\n","protected":false},"featured_media":0,"template":"","meta":{"_monsterinsights_skip_tracking":false,"_monsterinsights_sitenote_active":false,"_monsterinsights_sitenote_note":"","_monsterinsights_sitenote_category":0},"product_brand":[],"product_cat":[12337,17225],"product_tag":[],"class_list":{"0":"post-775976","1":"product","2":"type-product","3":"status-publish","5":"product_cat-politika-siyaset","6":"product_cat-uluslararasi-iliskiler","7":"pa_cilt-ciltsiz","8":"pa_tur-kitap","9":"pa_yayinevi-ideal-kultur-akademik","10":"pa_yazar-asiye-bilgin-yildiz","12":"first","13":"instock","14":"sale","15":"shipping-taxable","16":"purchasable","17":"product-type-simple"},"_links":{"self":[{"href":"https:\/\/roveyayinevi.com.tr\/index.php\/wp-json\/wp\/v2\/product\/775976","targetHints":{"allow":["GET"]}}],"collection":[{"href":"https:\/\/roveyayinevi.com.tr\/index.php\/wp-json\/wp\/v2\/product"}],"about":[{"href":"https:\/\/roveyayinevi.com.tr\/index.php\/wp-json\/wp\/v2\/types\/product"}],"wp:attachment":[{"href":"https:\/\/roveyayinevi.com.tr\/index.php\/wp-json\/wp\/v2\/media?parent=775976"}],"wp:term":[{"taxonomy":"product_brand","embeddable":true,"href":"https:\/\/roveyayinevi.com.tr\/index.php\/wp-json\/wp\/v2\/product_brand?post=775976"},{"taxonomy":"product_cat","embeddable":true,"href":"https:\/\/roveyayinevi.com.tr\/index.php\/wp-json\/wp\/v2\/product_cat?post=775976"},{"taxonomy":"product_tag","embeddable":true,"href":"https:\/\/roveyayinevi.com.tr\/index.php\/wp-json\/wp\/v2\/product_tag?post=775976"}],"curies":[{"name":"wp","href":"https:\/\/api.w.org\/{rel}","templated":true}]}}