{"id":775974,"date":"2025-09-19T17:06:46","date_gmt":"2025-09-19T14:06:46","guid":{"rendered":"https:\/\/roveyayinevi.com.tr\/index.php\/urun\/anadolunun-kultur-muhafizlari-1-muhtesem-cocuklar\/"},"modified":"2026-04-15T03:41:46","modified_gmt":"2026-04-15T00:41:46","slug":"anadolunun-kultur-muhafizlari-1-muhtesem-cocuklar","status":"publish","type":"product","link":"https:\/\/roveyayinevi.com.tr\/index.php\/urun\/anadolunun-kultur-muhafizlari-1-muhtesem-cocuklar\/","title":{"rendered":"Anadolu\u2019nun K\u00fclt\u00fcr Muhaf\u0131zlar\u0131 &#8211; 1 Muhte\u015fem \u00c7ocuklar"},"content":{"rendered":"<p>D\u00fcnya K\u00fclt\u00fcr Miras\u0131 listesine giren onlarca k\u00fclt\u00fcrel varl\u0131\u011f\u0131m\u0131z var.Her Anadolu \u00e7ocu\u011fu o varl\u0131klar\u0131n birer muhaf\u0131z\u0131d\u0131r.Serinin bu ilk kitab\u0131nda, K\u00fclt\u00fcr Muhaf\u0131z\u0131 olmaya hak kazanan Muhte\u015fem \u00c7ocuklar yer al\u0131yor.Onlara \u00e7ok az ki\u015finin bildi\u011fi en zor sorular soruldu. Herkesin ba\u015far\u0131l\u0131 olamayaca\u011f\u0131 en zor e\u011fitimler verildi. Vatan ile bayrak ile k\u00fclt\u00fcr miraslar\u0131m\u0131z ile test edildi.Binlerce \u00e7ocuk aras\u0131ndan sadece be\u015f \u00e7ocuk bu s\u0131navda ba\u015far\u0131l\u0131 olabildi. Bu be\u015f \u00e7ocuk Anadolu\u2019nun K\u00fclt\u00fcr Muhaf\u0131z\u0131 olmaya lay\u0131k g\u00f6r\u00fcld\u00fcler.Bu muhte\u015fem \u00e7ocuklar\u0131n \u00f6yk\u00fcleriniokumaya haz\u0131r m\u0131s\u0131n\u0131z?<\/p>\n","protected":false},"excerpt":{"rendered":"<p>D\u00fcnya K\u00fclt\u00fcr Miras\u0131 listesine giren onlarca k\u00fclt\u00fcrel varl\u0131\u011f\u0131m\u0131z var.Her Anadolu \u00e7ocu\u011fu o varl\u0131klar\u0131n birer muhaf\u0131z\u0131d\u0131r.Serinin bu ilk kitab\u0131nda, K\u00fclt\u00fcr Muhaf\u0131z\u0131 olmaya hak kazanan Muhte\u015fem \u00c7ocuklar yer<span class=\"excerpt-hellip\"> [\u2026]<\/span><\/p>\n","protected":false},"featured_media":0,"template":"","meta":{"_monsterinsights_skip_tracking":false,"_monsterinsights_sitenote_active":false,"_monsterinsights_sitenote_note":"","_monsterinsights_sitenote_category":0},"product_brand":[],"product_cat":[12291,15117],"product_tag":[],"class_list":{"0":"post-775974","1":"product","2":"type-product","3":"status-publish","5":"product_cat-edebiyat","6":"product_cat-genclik-edebiyati","7":"pa_cilt-ciltsiz","8":"pa_tur-kitap","9":"pa_yayinevi-genc-hayat","10":"pa_yazar-yucel-kaya","12":"first","13":"instock","14":"sale","15":"shipping-taxable","16":"purchasable","17":"product-type-simple"},"_links":{"self":[{"href":"https:\/\/roveyayinevi.com.tr\/index.php\/wp-json\/wp\/v2\/product\/775974","targetHints":{"allow":["GET"]}}],"collection":[{"href":"https:\/\/roveyayinevi.com.tr\/index.php\/wp-json\/wp\/v2\/product"}],"about":[{"href":"https:\/\/roveyayinevi.com.tr\/index.php\/wp-json\/wp\/v2\/types\/product"}],"wp:attachment":[{"href":"https:\/\/roveyayinevi.com.tr\/index.php\/wp-json\/wp\/v2\/media?parent=775974"}],"wp:term":[{"taxonomy":"product_brand","embeddable":true,"href":"https:\/\/roveyayinevi.com.tr\/index.php\/wp-json\/wp\/v2\/product_brand?post=775974"},{"taxonomy":"product_cat","embeddable":true,"href":"https:\/\/roveyayinevi.com.tr\/index.php\/wp-json\/wp\/v2\/product_cat?post=775974"},{"taxonomy":"product_tag","embeddable":true,"href":"https:\/\/roveyayinevi.com.tr\/index.php\/wp-json\/wp\/v2\/product_tag?post=775974"}],"curies":[{"name":"wp","href":"https:\/\/api.w.org\/{rel}","templated":true}]}}